{"id":3,"date":"2019-11-30T09:42:24","date_gmt":"2019-11-30T09:42:24","guid":{"rendered":"http:\/\/aveclinics.com\/new\/?page_id=3"},"modified":"2020-01-15T14:36:38","modified_gmt":"2020-01-15T14:36:38","slug":"privacy-policy","status":"publish","type":"page","link":"https:\/\/aveclinics.com\/vn\/privacy-policy\/","title":{"rendered":"Privacy Policy"},"content":{"rendered":"\n<h2 class=\"has-vivid-cyan-blue-color has-text-color\">Ch\u00ednh s\u00e1ch b\u1ea3o m\u1eadt<\/h2>\n\n\n\n<p><\/p>\n\n\n\n<p>C\u1ea3m \u01a1n c\u00e1c b\u1ea1n \u0111\u00e3 gh\u00e9 th\u0103m trang web c\u1ee7a AVECLINICS.<\/p>\n\n\n\n<p>Th\u00f4ng tin tren trang <a href=\"http:\/\/www.aveclinics.com\">www.aveclinics.com<\/a> \u0111\u01b0\u1ee3c ch\u1ec9 \u0111\u1ecbnh \u0111\u1ec3 gi\u00fap \u0111\u1ee1, ch\u1ee9 kh\u00f4ng ho\u00e0n\nto\u00e0n thay \u0111\u1ed5i, m\u1ed1i quan h\u1ec7 gi\u1eefa b\u00e1c s\u0129 v\u00e0 b\u1ec7nh nh\u00e2n, c\u0169ng nh\u01b0 kh\u00f4ng \u0111\u01b0\u1ee3c xem l\u00e0\nt\u01b0 v\u1ea5n y khoa. Xin vui l\u00f2ng \u0111\u1eb7t h\u1eb9n v\u1edbi b\u00e1c s\u0129 \u0111\u1ec3 \u0111\u01b0\u1ee3c t\u01b0 v\u1ea5n v\u1ec1 c\u00e1c t\u00ecnh tr\u1ea1ng\nb\u1ec7nh. <\/p>\n\n\n\n<p>B\u1eb1ng vi\u1ec7c truy c\u1eadp, l\u01b0\u1edbt v\u00e0 hay ho\u1eb7c s\u1eed d\u1ee5ng\nc\u00e1c trang web, ho\u1eb7c c\u00e1c n\u1ed9i dung \u0111i\u1ec7n t\u1eed kh\u00e1c tr\u00ean trang n\u00e0y, b\u1ea1n \u0111\u1ed3ng \u00fd, b\u1ea5t k\u1ec3\n\u0111i\u1ec1u ki\u1ec7n, nh\u1eefng \u0111i\u1ec1u kho\u1ea3n s\u1eed d\u1ee5ng sau.<\/p>\n\n\n\n<p>\u0110\u1ed2NG \u00dd. B\u1ea1n \u0111\u1ed3ng \u00fd r\u1eb1ng vi\u1ec7c b\u1ea1n s\u1eed d\u1ee5ng\ntrang web AVECLINICS, v\u00e0 t\u1ea5t c\u1ea3 vi\u1ec7c s\u1eed d\u1ee5ng c\u1ee7a m\u1ecdi d\u1ecbch v\u1ee5 hay t\u00e0i nguy\u00ean, ph\u1ee5\nthu\u1ed9c v\u00e0o s\u1ef1 \u0111\u1ed3ng \u00fd c\u1ee7a b\u1ea1n v\u1edbi t\u1ea5t c\u1ea3 nh\u1eefng \u0111i\u1ec1u kho\u1ea3n s\u1eed d\u1ee5ng n\u00e0y. B\u1ea1n \u0111\u1ed3ng \u00fd\nr\u1eb1ng b\u1ea1n s\u1ebb kh\u00f4ng vi ph\u1ea1m b\u1ea5t k\u1ec3 lu\u1eadt ph\u00e1p khu v\u1ef1c, \u0111\u1ea5t n\u01b0\u1edbc, li\u00ean bang hay qu\u1ed1c\nt\u1ebf trong vi\u1ec7c s\u1eed d\u1ee5ng trang web n\u00e0y, hay truy c\u1eadp b\u1ea5t k\u1ec3 t\u00e0i nguy\u00ean n\u00e0o tr\u00ean\ntrang web n\u00e0y.<\/p>\n\n\n\n<p>QUY\u1ec0N TRUY C\u1eacP. AVECLINICS gi\u1eef quy\u1ec1n ng\u0103n\nch\u1eb7n, gi\u1edbi h\u1ea1n hay k\u1ebft th\u00fac quy\u1ec1n truy c\u1eadp c\u1ee7a b\u1ea1n v\u00e0o nh\u1eefng trang nh\u1ea5t \u0111\u1ecbnh c\u1ee7a\ntrang web n\u00e0y n\u1ebfu b\u1ea1n vi ph\u1ea1m b\u1ea5t k\u1ec3 \u0111i\u1ec1u kho\u1ea3n n\u00e0o trong \u0111\u00e2y. AVECLINICS c\u00f3 th\u1ec3\nthay \u0111\u1ed5i nh\u1eefng \u0111i\u1ec1u kho\u1ea3n n\u00e0y b\u1ea5t ch\u1ee3t. Nh\u1eefng \u0111i\u1ec1u kho\u1ea3n \u0111\u01b0\u1ee3c thay \u0111\u1ed5i s\u1ebd c\u00f3 hi\u1ec7u\nl\u1ef1c khi \u0111\u01b0\u1ee3c \u0111\u01b0a l\u00ean trang web c\u1ee7a ch\u00fang t\u00f4i. \u0110\u1ec3 gi\u00fap tu\u00e2n th\u1ee7, AVECLINICS \u0111\u1ec1\nngh\u1ecb b\u1ea1n th\u01b0\u1eddng xuy\u00ean c\u1eadp nh\u1eadt nh\u1eefng \u0111i\u1ec1u kho\u1ea3n n\u00e0y, v\u00e0 c\u00e1c ch\u00ednh s\u00e1ch n\u00eau\ntr\u00ean, th\u01b0\u1eddng xuy\u00ean.<\/p>\n\n\n\n<p>TUY\u00caN B\u1ed0 GI\u1edaI H\u1ea0N TR\u00c1CH NHI\u1ec6M Y KHOA. N\u1ebeU\nNH\u01af \u0110\u00c2Y L\u00c0 TR\u01af\u1edcNG H\u1ee2P Y KHOA KH\u1ea8N C\u1ea4P, XIN VUI L\u00d2NG G\u1eccI C\u00c1C C\u01a0 QUAN KH\u1ea8N C\u1ea4P\n(995) \u0110\u1ec2 \u0110\u01af\u1ee2C CH\u1eeeA TR\u1eca NHANH CH\u00d3NG. XIN \u0110\u1eeaNG D\u1ef0A V\u00c0O LI\u00caN L\u1ea0C \u0110I\u1ec6N T\u1eec CHO NH\u1eeeNG\nNHU C\u1ea6U Y KHOA C\u1ea4P THI\u1ebeT C\u1ee6A B\u1ea0N. E-MAIL N\u00c0Y KH\u00d4NG \u0110\u01af\u1ee2C THI\u1ebeT L\u1eacP \u0110\u1ec2 GI\u00daP PH\u1ea2N\nH\u1ed2I NHANH CH\u00d3NG NH\u1eeeNG TR\u01af\u1edcNG H\u1ee2P KH\u1ea8N C\u1ea4P N\u00c0Y. AVECLINICS KH\u00d4NG TH\u1ec2 \u0110\u1ea2M B\u1ea2O PH\u1ea2N\nH\u1ed2I NHANH CH\u00d3NG N\u1ebeU B\u1ea0N CH\u1eccN S\u1eec D\u1ee4NG E-MAIL N\u00c0Y CHO M\u1ed8T TR\u01af\u1edcNG H\u1ee2P C\u1ea4P C\u1ee8U.<\/p>\n\n\n\n<p>AN NINH. T\u1ea5t c\u1ea3 nh\u0169ng \u0111\u01a1n c\u00f3 h\u1ecfi v\u1ec1 th\u00f4ng\ntin c\u00e1 nh\u00e2n (v.d. t\u00ean, \u0111\u1ecba ch\u1ec9, email\u2026) c\u00f3 \u0111\u1ea3m b\u1ea3o an ninh v\u00e0 \u0111\u01b0\u1ee3c m\u00e3 ho\u00e1 khi\ntruy\u1ec1n qua Internet.<\/p>\n\n\n\n<p>GI\u1edaI H\u1ea0N TR\u00c1CH NHI\u1ec6M\u0110\u1ea2M B\u1ea2O. NH\u1eeeNG T\u00c0I\nNGUY\u00caN, D\u1ecaCH V\u1ee4 V\u00c0 C\u00c1C TH\u00d4NG TIN KH\u00c1C \u0110\u01af\u1ee2C CUNG C\u1ea4P \u201cNH\u01af CH\u00cdNH N\u00d3\u201d B\u1edeI\nAVECLINICS CH\u1ec8 D\u00c0NH CHO M\u1ee4C \u0110\u00cdCH GI\u00c1O D\u1ee4C <\/p>\n\n\n\n<p>AVECLINICS KH\u00d4NG CUNG C\u1ea4P S\u1ef0 \u0110\u1ea2M B\u1ea2O, TH\u1eb2NG\nTH\u1eaeN HAY NG\u1ee4 \u00dd, CHO NH\u1eeeNG \u0110I\u1ec0U SAU, NH\u01afNG KH\u00d4NG GI\u1edaI H\u1ea0N NH\u1eeeNG \u0110I\u1ec0U N\u00c0Y: \u0110\u1ea2M B\u1ea2O\nS\u1ef0 PH\u00d9 H\u1ee2P CHO MUA B\u00c1N, S\u1ef0 PH\u00d9 H\u1ee2P CHO M\u1ed8T \u1ee8NG D\u1ee4NG NH\u1ea4T \u0110\u1ecaNH, CH\u1ee8C DANH HAY KH\u00d4NG\nVI PH\u1ea0M<\/p>\n\n\n\n<p>M\u1eb6C D\u00d9 TH\u00d4NG TIN Y T\u1ebe TR\u00caN TRANG \u0110\u00c3 \u0110\u01af\u1ee2C KI\u1ec2M\nDUY\u1ec6T B\u1edeI C\u00c1C CHUY\u00caN GIA Y T\u1ebe, AVECLINICS KH\u00d4NG \u0110\u1ea2M B\u1ea2O S\u1ef0 \u0110\u00daNG \u0110\u1eaeN, C\u00c2N X\u1ee8NG\nHO\u1eb6C \u0110\u00c0Y \u0110\u1ee6 C\u1ee6A B\u1ea4T K\u1ef2 NH\u1eeeNG TH\u00d4NG TIN N\u00c0Y, V\u00c0 KH\u00d4NG CH\u1ecaU TR\u00c1CH NHI\u1ec6M CHO NH\u1eeeNG\nSAI L\u1ea6M, THI\u1ebeU S\u00d3T, HAY B\u1ea4T K\u1ec2 NH\u1eeeNG K\u1ebeT C\u1ee4C N\u00c0O X\u1ea2Y RA T\u1eea VI\u1ec6C S\u1eec D\u1ee4NG TH\u00d4NG\nTIN N\u00c0Y.<\/p>\n\n\n\n<p>B\u1ea0N GHI NH\u1eacN R\u1eb0NG AVECLINICS KH\u00d4NG V\u1eacN H\u00c0NH\nHAY \u0110I\u1ec0U KHI\u1ec2N M\u1ea0NG INTERNET, CHO N\u00caN, AVECLINICS KH\u00d4NG \u0110\u1ea2M B\u1ea2O R\u1eb0NG VI\u1ec6C S\u1eec D\u1ee4NG\nTRANG WEB N\u00c0Y S\u1ebc KH\u00d4NG G\u1eb6P L\u1ed6I, HAY KH\u00d4NG B\u1eca M\u1ea4T D\u1ecaCH V\u1ee4 V\u00cc L\u00dd DO K\u1ef8 THU\u1eacT<\/p>\n\n\n\n<p>B\u1ea0N GHI NH\u1eacN V\u00c0 \u0110\u1ed2NG \u00dd R\u1eb0NG AVECLINICS\nKH\u00d4NG TH\u1ec2, V\u00c0 S\u1ebc KH\u00d4NG T\u1ef0 B\u1ea2O V\u1ec6 B\u1ea0N KH\u1eceI PH\u1ea6N M\u1ec0M \u0110\u1ed8C H\u1ea0I, HO\u1eb6C NH\u1eeeNG NG\u01af\u1edcI\nD\u00d9NG KH\u00d4NG CHO PH\u00c9P HAY NH\u1eeeNG TIN T\u1eb6C C\u1ed0 G\u1eaeNG TRUY C\u1eacP TRANG WEB HO\u1eb6C NH\u1eeeNG\nTH\u00d4NG TIN \u0110\u01af\u1ee2C TRUY\u1ec0N T\u1ea2I \u0110\u1ebeN HAY T\u1eea TRANG WEB N\u00c0Y <\/p>\n\n\n\n<p>AVECLINICS gi\u1eef quy\u1ec1n t\u1ea1m th\u1eddi ho\u1eb7c v\u0129nh vi\u1ec5nng\u01b0ng\nho\u1ea1t \u0111\u1ed9ng trang web n\u00e0y, b\u1ea5t k\u1ef3 trang n\u00e0o, hay t\u00ednh n\u0103ng n\u00e0o tr\u00ean trang web n\u00e0y\nb\u1ea5t k\u1ef3 l\u00fac n\u00e0o, b\u1ea5t ch\u1ee3t<\/p>\n\n\n\n<p>GI\u1edaI H\u1ea0N TR\u00c1CH NHI\u1ec6M. B\u1ea4T K\u1ec2 TR\u01af\u1edcNG H\u1ee2P,\nAVECLINICS S\u1ebc KH\u00d4NG CH\u1ecaU TR\u00c1CH NHI\u1ec6M CHO NH\u1eeeNG THI\u1ec6T H\u1ea0I TR\u1ef0C TI\u1ebeP, GI\u00c1N TI\u1ebeP,\n\u0110\u1eb6C BI\u1ec6T, THEO SAU HAY TI\u1ec0N T\u1ec6, BAO G\u1ed2M C\u00c1C CHI PH\u00cd V\u00c0 H\u00ccNH PH\u1ea0T, LI\u00caN QUAN \u0110\u1ebeN\nVI\u1ec6C S\u1eec D\u1ee4NG C\u1ee6A B\u1ea0N C\u00c1C T\u00c0I NGUY\u00caN \u0110\u01af\u1ee2C \u0110\u0102NG L\u00caN TRANG WEB N\u00c0Y, HAY T\u1eea S\u1ef0 K\u1ebeT\nN\u1ed0I \u0110\u1ebeN HO\u1eb6C T\u1eea TRANG WEB N\u00c0Y \u0110\u1ebeN C\u00c1C TRANG WEB KH\u00c1C.<\/p>\n\n\n\n<p>LU\u1eacT PH\u00c1P. B\u1ea1n \u0111\u1ed3ng \u00fd r\u1eb1ng nh\u1eefng tranh ch\u1ea5p\nli\u00ean quan \u0111\u1ebfn trang web AVECLINICS hay vi\u1ec7c s\u1eed d\u1ee5ng ho\u1eb7c s\u1ef1 ph\u1ee5 thu\u1ed9c c\u1ee7a b\u1ea1n\nv\u00e0o trang web n\u00e0y s\u1ebd \u0111\u01b0\u1ee3c ph\u00e2n gi\u1ea3i theo lu\u1eadt Singapore, kh\u00f4ng m\u00e0ng \u0111\u1ebfn nh\u1eefng\nph\u00e2n tranh \u0111i\u1ec1u kho\u1ea3n lu\u1eadt ph\u00e1p. C\u00e1c b\u00ean \u0111\u1ed3ng \u00fd \u0111\u01b0\u1ee3c gi\u1edbi h\u1ea1n b\u1edfi, v\u00e0 b\u1ecb \u00e1p \u0111\u1eb7t\nnh\u1eefng quy\u1ec1n h\u1ea1n duy nh\u1ea5t c\u1ee7a c\u00e1c to\u00e0 \u00e1n khu v\u1ef1c, ho\u1eb7c t\u1ed1i cao c\u1ee7a Singapore.<\/p>\n\n\n\n<p>T\u00caN TRUY C\u1eacP V\u00c0 M\u1eacT KH\u1ea8U. Khi truy c\u1eadp nh\u1eefng\nd\u1ecbch v\u1ee5 \u0111\u00f2i h\u1ecfi t\u00ean truy c\u1eadp v\u00e0 m\u1eadt kh\u1ea9u, duy nh\u1ea5t b\u1ea1n s\u1ebd ch\u1ecbu tr\u00e1ch nhi\u1ec7m cho\nvi\u1ec7c ho\u00e0n to\u00e0n gi\u1eef k\u00edn nh\u1eefng t\u00ean truy c\u1eadp v\u00e0 m\u1eadt kh\u1ea9u n\u00e0y<\/p>\n\n\n\n<p>TR\u1eba EM. Tr\u1eeb khi \u0111\u00e3 cho hay \u0111i\u1ec1u kh\u00e1c,\nAVECLINICS kh\u00f4ng c\u1ed1 t\u00ecnh thu th\u1eadp th\u00f4ng tin c\u00e1 nh\u00e2n t\u1eeb tr\u1ebb em d\u01b0\u1edbi tu\u1ed5i 18. N\u1ed9i\ndung c\u1ee7a trang web c\u1ee7a ch\u00fang t\u00f4i ch\u1ee7 y\u1ebfu li\u00ean quan \u0111\u1ebfn ng\u01b0\u1eddi l\u1edbn, cho n\u00ean trang\nweb n\u00e0y ch\u1ec9 n\u00ean \u0111\u01b0\u1ee3c s\u1eed d\u1ee5ng b\u1edfi ng\u01b0\u1eddi l\u1edbn tr\u00ean 18 tu\u1ed5i. N\u1ebfu b\u1ea1n d\u01b0\u1edbi 18 tu\u1ed5i,\nxin vui l\u00f2ng tham kh\u1ea3o b\u1ed1 m\u1eb9 ho\u1eb7c ng\u01b0\u1eddi th\u00e2n \u0111\u1ec3 \u0111\u01b0\u1ee3c gi\u00fap \u0111\u1ee1 s\u1eed d\u1ee5ng trang web\nn\u00e0y.<\/p>\n\n\n\n<p>LI\u00caN K\u1ebeT V\u00c0O TRANG. B\u1ea5t k\u1ec3 tr\u01b0\u1eddng h\u1ee3p, b\u1ea1n\nkh\u00f4ng c\u00f3 quy\u1ec1n t\u1ea1o li\u00ean k\u1ebft \u0111\u1ebfn trang web c\u1ee7a AVECLINICS n\u1ebfu kh\u00f4ng c\u00f3 s\u1ef1 cho\nph\u00e9p c\u1ee7a gi\u00e1m \u0111\u1ed1c AVECLINICS, bao g\u1ed3m nh\u01b0ng kh\u00f4ng gi\u1edbi h\u1ea1n v\u00e0o nh\u1eefng li\u00ean k\u1ebft\ns\u00e2u.<\/p>\n\n\n\n<p>LI\u00caN K\u1ebeT NGO\u00c0I TRANG. Xin l\u01b0u \u00fd r\u1eb1ng nh\u1eefng\ntrang tr\u00eang trang web n\u00e0y c\u00f3 th\u1ec3 \u0111\u01b0\u1ee3c li\u00ean k\u1ebft \u0111\u1ebfn c\u00e1c trang b\u00ean ngo\u00e0i, v\u00e0 nh\u1eefng\ntrang \u1ea5y c\u00f3 th\u1ec3 c\u00f3 nh\u1eefng \u0111i\u1ec1u kho\u1ea3n s\u1eed d\u1ee5ng kh\u00e1c nhau. AVECLINICS kh\u00f4ng s\u1edf h\u1eefu,\n\u0111i\u1ec1u khi\u1ec3n, qu\u1ea3n l\u00fd, gi\u00e1m s\u00e1t, \u0111i\u1ec1u h\u00e0nh, ho\u1eb7c c\u00f3 nh\u1eefng li\u00ean quan n\u00e0o kh\u00e1c \u0111\u1ebfn\nvi\u1ec7c kinh doanh v\u00e0 n\u1ed9i b\u1ed9 c\u1ee7a b\u1ea5t k\u1ec3 trang web ngo\u00e0i n\u00e0o. AVECLINICS kh\u00f4ng ch\u1ecbu\ntr\u00e1ch nhi\u1ec7m v\u1ec1 nh\u1eefng \u0111i\u1ec1u kho\u1ea3n ri\u00eang t\u01b0 ho\u1eb7c n\u1ed9i dung c\u1ee7a trang web ngo\u00e0i. Khi\nb\u1ea1n truy c\u1eadp qua link \u0111\u1ebfn trang web kh\u00e1c, b\u1ea1n s\u1ebd b\u1ecb \u00e1p \u0111\u1eb7t b\u1edfi \u0111i\u1ec1u kho\u1ea3n ri\u00eang\nt\u01b0 c\u1ee7a trang web \u1ea5y. AVECLINICS \u0111\u1ec1 ngh\u1ecb b\u1ea1n ph\u00f2ng b\u1ecb khi r\u1eddi trang c\u1ee7a\nAVECLINICS b\u1eb1ng c\u00e1ch \u0111\u1ecdc c\u00e1c \u0111i\u1ec1u kho\u1ea3n ri\u00eang t\u1eeb c\u1ee7a t\u1eebng v\u00e0 m\u1ecdi trang web b\u1ea1n\ntruy c\u1eadp tr\u01b0\u1edbc khi \u0111\u01b0a ra nh\u1eefng th\u00f4ng tin c\u00f3 th\u1ec3 d\u00f9ng \u0111\u1ec3 nh\u1eadn di\u1ec7n b\u1ea1n.<\/p>\n\n\n\n<p>NH\u00c3N HI\u1ec6U V\u00c0 B\u1ea2N QUY\u1ec0N. T\u1ea5t c\u1ea3 nh\u1eefng nh\u00e3n\nhi\u1ec7u, logo v\u00e0 b\u1ea3n quy\u1ec1n \u0111\u01b0\u1ee3c tr\u01b0ng b\u00e0y v\u00e0 s\u1eed d\u1ee5ng tr\u00ean trang web n\u00e0y l\u00e0 t\u00e0i s\u1ea3n\nc\u1ee7a c\u00e1c ng\u01b0\u1eddi ch\u1ee7 c\u1ee7a ch\u00fang n\u00f3. Kh\u00f4ng m\u1ed9t th\u1ee9 g\u00ec tr\u00ean trang web n\u00e0y n\u00ean \u0111\u01b0\u1ee3c hi\u1ec3u\nl\u00e0 cho ph\u00e9p s\u1eed d\u1ee5ng v\u00e0 c\u1ea5p ph\u00e9p s\u1eed d\u1ee5ng b\u1ea5t k\u1ec3 nh\u1eefng nh\u00e3n hi\u1ec7u n\u00e0o m\u00e0 kh\u00f4ng c\u00f3\ns\u1ef1 cho ph\u00e9p tr\u00ean gi\u1ea5y t\u1edd c\u1ee7a ng\u01b0\u1eddi ch\u1ee7.<\/p>\n\n\n\n<p>B\u1eb0NG\nVI\u1ec6C S\u1eec D\u1ee4NG TRANG WEB N\u00c0Y, B\u1ea0N \u0110\u1ed2NG \u00dd TU\u00c2N TH\u1ee6 NH\u1eeeNG \u0110I\u1ec0U KHO\u1ea2N N\u00c0Y<\/p>\n\n\n\n<p>Updated: 13 November 2019<\/p>\n\n\n\n<p><\/p>\n","protected":false},"excerpt":{"rendered":"<p>Ch\u00ednh s\u00e1ch b\u1ea3o m\u1eadt C\u1ea3m \u01a1n c\u00e1c b\u1ea1n \u0111\u00e3 gh\u00e9 th\u0103m trang web c\u1ee7a AVECLINICS. Th\u00f4ng tin tren trang www.aveclinics.com \u0111\u01b0\u1ee3c ch\u1ec9 \u0111\u1ecbnh \u0111\u1ec3 gi\u00fap \u0111\u1ee1, ch\u1ee9 kh\u00f4ng ho\u00e0n to\u00e0n thay \u0111\u1ed5i, m\u1ed1i quan h\u1ec7 gi\u1eefa b\u00e1c s\u0129 v\u00e0 b\u1ec7nh nh\u00e2n, c\u0169ng nh\u01b0 kh\u00f4ng \u0111\u01b0\u1ee3c xem l\u00e0 t\u01b0 v\u1ea5n y khoa. Xin vui l\u00f2ng \u0111\u1eb7t [&hellip;]<\/p>\n","protected":false},"author":1,"featured_media":0,"parent":0,"menu_order":0,"comment_status":"closed","ping_status":"open","template":"","meta":[],"_links":{"self":[{"href":"https:\/\/aveclinics.com\/vn\/wp-json\/wp\/v2\/pages\/3"}],"collection":[{"href":"https:\/\/aveclinics.com\/vn\/wp-json\/wp\/v2\/pages"}],"about":[{"href":"https:\/\/aveclinics.com\/vn\/wp-json\/wp\/v2\/types\/page"}],"author":[{"embeddable":true,"href":"https:\/\/aveclinics.com\/vn\/wp-json\/wp\/v2\/users\/1"}],"replies":[{"embeddable":true,"href":"https:\/\/aveclinics.com\/vn\/wp-json\/wp\/v2\/comments?post=3"}],"version-history":[{"count":4,"href":"https:\/\/aveclinics.com\/vn\/wp-json\/wp\/v2\/pages\/3\/revisions"}],"predecessor-version":[{"id":17669,"href":"https:\/\/aveclinics.com\/vn\/wp-json\/wp\/v2\/pages\/3\/revisions\/17669"}],"wp:attachment":[{"href":"https:\/\/aveclinics.com\/vn\/wp-json\/wp\/v2\/media?parent=3"}],"curies":[{"name":"wp","href":"https:\/\/api.w.org\/{rel}","templated":true}]}}