{"id":1712,"date":"2015-11-18T15:27:09","date_gmt":"2015-11-18T15:27:09","guid":{"rendered":"http:\/\/prestazilla.org\/wordpress\/transargo\/?page_id=1712"},"modified":"2021-06-08T18:23:00","modified_gmt":"2021-06-08T18:23:00","slug":"contact","status":"publish","type":"page","link":"https:\/\/aveclinics.com\/vn\/contact\/","title":{"rendered":"Contact Us"},"content":{"rendered":"<p>[vc_row][vc_column]<div class=\"kswr-heading-container kswr-theelement\" style=\"text-align:left;\">\n\t\t\t\t<div class=\"kswr-heading-title kswr-shortcode-element  \" data-fontsettings=\"font-size:19px;\" style=\"font-size:19px;  margin-top:0px;margin-bottom:0px;color:#333;background-clip: inherit;background-color: inherit; -webkit-text-fill-color:#333;\"><\/div>\n\t\t\t\t<div class=\"kswr-heading-content kswr-shortcode-element  \" data-fontsettings=\"font-size:14px;\" style=\"font-size:14px;  margin-top:0px;margin-bottom:0px;color:#333;\"><\/p>\n<h2><span style=\"color: #22a4f4;\"><strong>Li\u00ean H\u1ec7<\/strong><\/span><\/h2>\n<p><\/div>\n\t\t\t<\/div>[vc_empty_space][\/vc_column][\/vc_row][vc_row gradient_colors=&#8221;%5B%7B%7D%5D&#8221; kswr_row_top_decor_enabled=&#8221;false&#8221; kswr_row_bottom_decor_enabled=&#8221;false&#8221;][vc_column width=&#8221;1\/2&#8243;][vc_column_text]<\/p>\n<h3><strong>Mount Elizabeth Medical Centre<\/strong><\/h3>\n<p><strong>\u0110\u1ecba ch\u1ec9:<br \/>\n<\/strong><strong>Mount Elizabeth Medical Center<\/strong><br \/>\n<strong>3 Mount Elizabeth, #16-10<br \/>\nSingapore 228510.<\/strong><\/p>\n<p><strong>Tel: +65 6970 7071<\/strong><br \/>\n<strong>Fax: +65 6219 1939<br \/>\n<\/strong>[\/vc_column_text][vc_empty_space][vc_raw_html]JTNDaWZyYW1lJTIwc3JjJTNEJTIyaHR0cHMlM0ElMkYlMkZ3d3cuZ29vZ2xlLmNvbSUyRm1hcHMlMkZlbWJlZCUzRnBiJTNEJTIxMW0xOCUyMTFtMTIlMjExbTMlMjExZDM5ODguNzg0MTQyNjIxNzk2JTIxMmQxMDMuODMzMjcxOTE1MzUzNyUyMTNkMS4zMDQ1NzE5NjIwODExOTMlMjEybTMlMjExZjAlMjEyZjAlMjEzZjAlMjEzbTIlMjExaTEwMjQlMjEyaTc2OCUyMTRmMTMuMSUyMTNtMyUyMTFtMiUyMTFzMHgzMWRhMTk5MjUwN2FmNmNkJTI1M0EweDg5OTRhNmNlMmRlOWE3MWYlMjEyc01vdW50JTI1MjBFbGl6YWJldGglMjUyME1lZGljYWwlMjUyMENlbnRyZSUyMTVlMCUyMTNtMiUyMTFzZW4lMjEyc3NnJTIxNHYxNTc2Njk5NjI3MDkxJTIxNW0yJTIxMXNlbiUyMTJzc2clMjIlMjB3aWR0aCUzRCUyMjEwMCUyNSUyMiUyMGhlaWdodCUzRCUyMjM1MCUyMiUyMGZyYW1lYm9yZGVyJTNEJTIyMCUyMiUyMHN0eWxlJTNEJTIyYm9yZGVyJTNBMCUzQiUyMiUyMGFsbG93ZnVsbHNjcmVlbiUzRCUyMiUyMiUzRSUzQyUyRmlmcmFtZSUzRQ==[\/vc_raw_html][\/vc_column][vc_column width=&#8221;1\/2&#8243;][vc_column_text]<\/p>\n<h3><strong>Mount Elizabeth Novena Specialist Centre.<\/strong><\/h3>\n<p><strong>\u0110\u1ecba ch\u1ec9:<br \/>\nPanAsia Surgery @ Mount Elizabeth Novena Specialist Centre.<\/strong><br \/>\n<strong>38 Irrawaddy Road, #10-43\/44,<\/strong><br \/>\n<strong>Singapore 329563<\/strong><\/p>\n<p><strong>Tel: +65-65702608<\/strong><br \/>\n<strong>Fax: +65-65702609\u202c<\/strong>[\/vc_column_text][vc_empty_space][vc_raw_html]JTNDaWZyYW1lJTIwc3JjJTNEJTIyaHR0cHMlM0ElMkYlMkZ3d3cuZ29vZ2xlLmNvbSUyRm1hcHMlMkZlbWJlZCUzRnBiJTNEJTIxMW0xOCUyMTFtMTIlMjExbTMlMjExZDM5ODguNzU1NzM2NTc0Mzk1JTIxMmQxMDMuODQxOTMyNTE0NzU0MDUlMjEzZDEuMzIyMzY3ODk5MDM1NTM3MiUyMTJtMyUyMTFmMCUyMTJmMCUyMTNmMCUyMTNtMiUyMTFpMTAyNCUyMTJpNzY4JTIxNGYxMy4xJTIxM20zJTIxMW0yJTIxMXMweDMxZGExOWUwYWMxOTE0OTMlMjUzQTB4ZTI5N2E5ZWU2NTkyZDMxJTIxMnNQYW5Bc2lhJTI1MjBTdXJnZXJ5JTI1MjAlMjU0MCUyNTIwTW91bnQlMjUyMEVsaXphYmV0aCUyNTIwTm92ZW5hJTI1MjBTcGVjaWFsaXN0JTI1MjBDZW50cmUlMjE1ZTAlMjEzbTIlMjExc2VuJTIxMnNucCUyMTR2MTYyMzE3NDEzNDA5MyUyMTVtMiUyMTFzZW4lMjEyc25wJTIyJTIwd2lkdGglM0QlMjIxMDAlMjUlMjIlMjBoZWlnaHQlM0QlMjIzNTAlMjIlMjBmcmFtZWJvcmRlciUzRCUyMjAlMjIlMjBzdHlsZSUzRCUyMmJvcmRlciUzQTAlM0IlMjIlMjBhbGxvd2Z1bGxzY3JlZW4lM0QlMjIlMjIlM0UlM0MlMkZpZnJhbWUlM0UlMEElMEElMEElMEE=[\/vc_raw_html][\/vc_column][\/vc_row][vc_row][vc_column]<div class=\"kswr-responsive-spacer\" data-desk=\"80px\" data-tablet=\"80px\" data-tablet-sm=\"40px\" data-phone=\"40px\" data-phone-sm=\"40px\" style=\"--spc-desk:80px;--spc-tablet:80px;--spc-tablet-sm:40px;--spc-phone:40px;--spc-phone-sm:40px;\"><\/div>[vc_single_image image=&#8221;15298&#8243; img_size=&#8221;full&#8221; alignment=&#8221;center&#8221;]<div class=\"kswr-responsive-spacer\" data-desk=\"40px\" data-tablet=\"40px\" data-tablet-sm=\"40px\" data-phone=\"40px\" data-phone-sm=\"40px\" style=\"--spc-desk:40px;--spc-tablet:40px;--spc-tablet-sm:40px;--spc-phone:40px;--spc-phone-sm:40px;\"><\/div>[\/vc_column][\/vc_row][vc_row full_width=&#8221;stretch_row&#8221; gradient_colors=&#8221;%5B%7B%7D%5D&#8221; css=&#8221;.vc_custom_1532360694029{padding-top: 40px !important;padding-bottom: 40px !important;}&#8221; kswr_row_top_decor_enabled=&#8221;false&#8221; kswr_row_bottom_decor_enabled=&#8221;false&#8221;][vc_column width=&#8221;1\/3&#8243;]<div class=\"kswr-animationblock\" data-reanimation=\"false\" data-animation=\"fadeInUp\"  style=\"animation-duration: 1s; -webkit-animation-duration: 1s; animation-delay:0.3s; -webkit-animation-delay:0.3s;\"><div class=\"blockanimecont\"><div class=\"kswr-ibi-container kswr-icon-thatc kswr-theelement\"  data-layout=\"icontop\" data-icolayout=\"center\" data-hover=\"hiroshi\" ><div class=\"kswr-ibi-icon-ct\" style=\"margin-top:0px;margin-left:0px;margin-right:0px;margin-bottom:10px;\"><div class=\"kswr-icon-container kswr-icon-thatc kswr-icon-thatc-QICG5aix\" data-rotation=\"false\" data-hover=\"hiroshi\" style=\"width:85px; height: 85px; line-height:85px;  border-radius: 500px; --hover-bg:#f26529; \">\n\t\t\t\t<div class=\"kswr-icon-ic kswr-icon-ic-r kswr-icon-r\" style=\" font-size:28px;\"><i  style=\"color:#ffffff;background-clip: inherit;background-color: inherit; -webkit-text-fill-color:#ffffff;\" class=\"elegant-icon_clock_alt\"><\/i><\/div>\n\t\t\t\t<div class=\"kswr-icon-ic kswr-icon-ic-h kswr-icon-h\" style=\"font-size:28px;\"><i style=\"color:#ffffff;background-clip: inherit;background-color: inherit; -webkit-text-fill-color:#ffffff;\" class=\"elegant-icon_clock_alt\"><\/i><\/div>\n\t\t\t\t<div class=\"kswr-icon-bg kswr-icon-bg-r kswr-icon-r\" style=\"background:#2986e2;border:0px none transparent;border-width:0px;\"><\/div>\n\t\t\t\t<div class=\"kswr-icon-bg kswr-icon-bg-h kswr-icon-h\" style=\"background:#f26529;\"><\/div>\n\t\t\t\t\n\t\t\t<\/div><\/div><div class=\"kswr-ibi-title-ct \"><div class=\"kswr-ibi-title kswr-shortcode-element \" data-fontsettings=\"font-size:19px;letter-spacing:1px;\" style=\"font-size:19px;letter-spacing:1px; font-family:Inherit;font-weight:500; color:#333333;margin-top:0px;margin-left:0px;margin-right:0px;margin-bottom:10px;\"><\/div><div class=\"kswr-ibi-subtitle kswr-shortcode-element \" data-fontsettings=\"font-size:12px;\" style=\"font-size:12px; font-family:Inherit;font-weight:inherit; color:#999999;margin-top:0px;margin-left:0px;margin-right:0px;margin-bottom:0px;\"><\/div><\/div><div class=\"kswr-ibi-bottom\"><div class=\"kswr-ibi-content kswr-shortcode-element \" data-fontsettings=\"font-size:13px;\" style=\"font-size:13px; font-family:Inherit;font-weight:inherit; color:#777777;margin-top:0px;margin-left:0px;margin-right:0px;margin-bottom:0px;\"><\/p>\n<p style=\"text-align: center;\"><strong>Gi\u1edd h\u00e0nh ch\u00ednh:<\/strong><br \/>\n<strong>Th\u1ee9 Hai -Th\u1ee9 S\u00e1u: 9:00am to 5:00pm<\/strong><br \/>\n<strong>Th\u1ee9 B\u1ea3y: 9:00am to 1:00pm<\/strong><br \/>\n<strong>Ch\u1ee7 Nh\u1eadt v\u00e0 C\u00e1c Ng\u00e0y L\u1ec5: \u0110\u00d3NG<\/strong><\/p>\n<p><\/div><\/div><\/div><\/div><\/div><div class=\"kswr-responsive-spacer\" data-desk=\"60px\" data-tablet=\"0px\" data-tablet-sm=\"0px\" data-phone=\"0px\" data-phone-sm=\"0px\" style=\"--spc-desk:60px;--spc-tablet:0px;--spc-tablet-sm:0px;--spc-phone:0px;--spc-phone-sm:0px;\"><\/div>[\/vc_column][vc_column width=&#8221;1\/3&#8243;]<div class=\"kswr-animationblock\" data-reanimation=\"false\" data-animation=\"fadeInUp\"  style=\"animation-duration: 1s; -webkit-animation-duration: 1s; animation-delay:0.6s; -webkit-animation-delay:0.6s;\"><div class=\"blockanimecont\"><div class=\"kswr-ibi-container kswr-icon-thatc kswr-theelement\"  data-layout=\"icontop\" data-icolayout=\"center\" data-hover=\"hiroshi\" ><div class=\"kswr-ibi-icon-ct\" style=\"margin-top:0px;margin-left:0px;margin-right:0px;margin-bottom:10px;\"><div class=\"kswr-icon-container kswr-icon-thatc kswr-icon-thatc-6wPxD1E0\" data-rotation=\"false\" data-hover=\"hiroshi\" style=\"width:85px; height: 85px; line-height:85px;  border-radius: 500px; --hover-bg:#f26529; \">\n\t\t\t\t<div class=\"kswr-icon-ic kswr-icon-ic-r kswr-icon-r\" style=\" font-size:28px;\"><i  style=\"color:#ffffff;background-clip: inherit;background-color: inherit; -webkit-text-fill-color:#ffffff;\" class=\"theme-fonts-Phone2\"><\/i><\/div>\n\t\t\t\t<div class=\"kswr-icon-ic kswr-icon-ic-h kswr-icon-h\" style=\"font-size:28px;\"><i style=\"color:#ffffff;background-clip: inherit;background-color: inherit; -webkit-text-fill-color:#ffffff;\" class=\"theme-fonts-Phone2\"><\/i><\/div>\n\t\t\t\t<div class=\"kswr-icon-bg kswr-icon-bg-r kswr-icon-r\" style=\"background:#2986e2;border:0px none transparent;border-width:0px;\"><\/div>\n\t\t\t\t<div class=\"kswr-icon-bg kswr-icon-bg-h kswr-icon-h\" style=\"background:#f26529;\"><\/div>\n\t\t\t\t\n\t\t\t<\/div><\/div><div class=\"kswr-ibi-title-ct \"><div class=\"kswr-ibi-title kswr-shortcode-element \" data-fontsettings=\"font-size:19px;letter-spacing:1px;\" style=\"font-size:19px;letter-spacing:1px; font-family:Inherit;font-weight:500; color:#333333;margin-top:0px;margin-left:0px;margin-right:0px;margin-bottom:10px;\"><\/div><div class=\"kswr-ibi-subtitle kswr-shortcode-element \" data-fontsettings=\"font-size:12px;\" style=\"font-size:12px; font-family:Inherit;font-weight:inherit; color:#999999;margin-top:0px;margin-left:0px;margin-right:0px;margin-bottom:0px;\"><\/div><\/div><div class=\"kswr-ibi-bottom\"><div class=\"kswr-ibi-content kswr-shortcode-element \" data-fontsettings=\"font-size:13px;\" style=\"font-size:13px; font-family:Inherit;font-weight:inherit; color:#777777;margin-top:0px;margin-left:0px;margin-right:0px;margin-bottom:0px;\"><\/p>\n<p style=\"text-align: center;\"><strong>Kh\u1ea9n c\u1ea5p \/ sau gi\u1edd h\u00e0nh ch\u00ednh:<\/strong><br \/>\n<strong>+65 8123 0878<\/strong><\/p>\n<p><\/div><\/div><\/div><\/div><\/div><div class=\"kswr-responsive-spacer\" data-desk=\"60px\" data-tablet=\"0px\" data-tablet-sm=\"0px\" data-phone=\"0px\" data-phone-sm=\"0px\" style=\"--spc-desk:60px;--spc-tablet:0px;--spc-tablet-sm:0px;--spc-phone:0px;--spc-phone-sm:0px;\"><\/div>[\/vc_column][vc_column width=&#8221;1\/3&#8243;]<div class=\"kswr-animationblock\" data-reanimation=\"false\" data-animation=\"fadeInUp\"  style=\"animation-duration: 1s; -webkit-animation-duration: 1s; animation-delay:0.9s; -webkit-animation-delay:0.9s;\"><div class=\"blockanimecont\"><div class=\"kswr-ibi-container kswr-icon-thatc kswr-theelement\"  data-layout=\"icontop\" data-icolayout=\"center\" data-hover=\"hiroshi\" ><div class=\"kswr-ibi-icon-ct\" style=\"margin-top:0px;margin-left:0px;margin-right:0px;margin-bottom:10px;\"><div class=\"kswr-icon-container kswr-icon-thatc kswr-icon-thatc-cLlIzeK5\" data-rotation=\"false\" data-hover=\"hiroshi\" style=\"width:85px; height: 85px; line-height:85px;  border-radius: 500px; --hover-bg:#f26529; \">\n\t\t\t\t<div class=\"kswr-icon-ic kswr-icon-ic-r kswr-icon-r\" style=\" font-size:28px;\"><i  style=\"color:#ffffff;background-clip: inherit;background-color: inherit; -webkit-text-fill-color:#ffffff;\" class=\"km-icon-envelope2\"><\/i><\/div>\n\t\t\t\t<div class=\"kswr-icon-ic kswr-icon-ic-h kswr-icon-h\" style=\"font-size:28px;\"><i style=\"color:#ffffff;background-clip: inherit;background-color: inherit; -webkit-text-fill-color:#ffffff;\" class=\"km-icon-envelope2\"><\/i><\/div>\n\t\t\t\t<div class=\"kswr-icon-bg kswr-icon-bg-r kswr-icon-r\" style=\"background:#2986e2;border:0px none transparent;border-width:0px;\"><\/div>\n\t\t\t\t<div class=\"kswr-icon-bg kswr-icon-bg-h kswr-icon-h\" style=\"background:#f26529;\"><\/div>\n\t\t\t\t\n\t\t\t<\/div><\/div><div class=\"kswr-ibi-title-ct \"><div class=\"kswr-ibi-title kswr-shortcode-element \" data-fontsettings=\"font-size:19px;letter-spacing:1px;\" style=\"font-size:19px;letter-spacing:1px; font-family:Inherit;font-weight:500; color:#333333;margin-top:0px;margin-left:0px;margin-right:0px;margin-bottom:10px;\"><\/div><div class=\"kswr-ibi-subtitle kswr-shortcode-element \" data-fontsettings=\"font-size:12px;\" style=\"font-size:12px; font-family:Inherit;font-weight:inherit; color:#999999;margin-top:0px;margin-left:0px;margin-right:0px;margin-bottom:0px;\"><\/div><\/div><div class=\"kswr-ibi-bottom\"><div class=\"kswr-ibi-content kswr-shortcode-element \" data-fontsettings=\"font-size:13px;\" style=\"font-size:13px; font-family:Inherit;font-weight:inherit; color:#777777;margin-top:0px;margin-left:0px;margin-right:0px;margin-bottom:0px;\"><\/p>\n<p style=\"text-align: center;\"><strong><a href=\"mailto:enquiries@aveclinics.com\">enquiries@aveclinics.com<\/a><\/strong><br \/>\n<strong><a href=\"http:\/\/www.aveclinics.com\">www.aveclinics.com<\/a><\/strong><\/p>\n<p><\/div><\/div><\/div><\/div><\/div><div class=\"kswr-responsive-spacer\" data-desk=\"60px\" data-tablet=\"0px\" data-tablet-sm=\"0px\" data-phone=\"0px\" data-phone-sm=\"0px\" style=\"--spc-desk:60px;--spc-tablet:0px;--spc-tablet-sm:0px;--spc-phone:0px;--spc-phone-sm:0px;\"><\/div>[\/vc_column][\/vc_row][vc_row gradient_colors=&#8221;%5B%7B%7D%5D&#8221; el_id=&#8221;booked-calendar&#8221; kswr_row_top_decor_enabled=&#8221;false&#8221; kswr_row_bottom_decor_enabled=&#8221;false&#8221;][vc_column width=&#8221;1\/2&#8243; gradient_colors=&#8221;%5B%7B%7D%5D&#8221;][vc_column_text]<\/p>\n<h3><strong>T\u00f4i c\u00f3 th\u1ec3 ph\u1eabu thu\u1eadt \u1edf b\u1ec7nh vi\u1ec7n n\u00e0o?<\/strong><\/h3>\n<ul>\n<li>Mount Elizabeth Novena Hospital, 38 Irrawaddy Rd., S329563<\/li>\n<li>Mount Elizabeth Hospital, 3 Mount Elizabeth, S228510<\/li>\n<li>Gleneagles Hospital, 6A Napier Rd., S258500<\/li>\n<li>Farrer Park Hospital, 1, #02-01 Farrer Park Station Rd., Connexion, S217562<\/li>\n<li>Mount Alvernia Hospital, 820 Thomson Rd., S574623<\/li>\n<\/ul>\n<h3><strong>Li\u00ean k\u1ebft kh\u00e1c<\/strong><\/h3>\n<p><a href=\"http:\/\/www.aveclinics.com\">Dr. John C. Wang, MBBCh, BAO, LRCPI &amp; SI, MSc, MD, FACS, Dip. ABS, FSVS, FAMS<\/a><\/p>\n<p><a href=\"http:\/\/drsanjay.com.sg\/your-doctor\">Dr. Sanjay Nalachandran, MBBCh, BAO (Ireland), MRCS (Edin), ARCSI, FRCS (Edin), FAMS, FICS<\/a>[\/vc_column_text][\/vc_column][vc_column width=&#8221;1\/2&#8243;]<div class=\"kswr-heading-container kswr-theelement\" style=\"text-align:left;\">\n\t\t\t\t<div class=\"kswr-heading-title kswr-shortcode-element  \" data-fontsettings=\"font-size:19px;\" style=\"font-size:19px;  margin-top:0px;margin-bottom:0px;color:#333;background-clip: inherit;background-color: inherit; -webkit-text-fill-color:#333;\"><\/div>\n\t\t\t\t<div class=\"kswr-heading-content kswr-shortcode-element  \" data-fontsettings=\"font-size:14px;\" style=\"font-size:14px;  margin-top:0px;margin-bottom:0px;color:#333;\"><\/p>\n<h2>M\u1eabu y\u00eau c\u1ea7u tr\u1ef1c tuy\u1ebfn<\/h2>\n<p><\/div>\n\t\t\t<\/div><div class=\"kswr-responsive-spacer\" data-desk=\"0px\" data-tablet=\"0px\" data-tablet-sm=\"0px\" data-phone=\"0px\" data-phone-sm=\"0px\" style=\"--spc-desk:0px;--spc-tablet:0px;--spc-tablet-sm:0px;--spc-phone:0px;--spc-phone-sm:0px;\"><\/div><div class=\"kameleon-cf7-container kameleon-cf7-containerUNJHXxwK\" data-classname=\".kameleon-cf7-containerUNJHXxwK\" data-style-name=\"default\"  data-style=\"qaswara\" data-button-style=\"qaswara\" data-style-css=\"--kmcf7-btn-fontsize: 16px;--kmcf7-btn-align: center;--kmcf7-btn-width: 50%;--kmcf7-btn-letterspacing: 1px;--kmcf7-btn-height: 45px;--kmcf7-btn-mgtop: 15px;--kmcf7-btn-mgbottom: 15px;--kmcf7-btn-border-radius: 0;--kmcf7-btn-color: #ccc;--kmcf7-btn-border-width: 0;--kmcf7-btn-bg-color: #111;--kmcf7-btn-border-color: #1a1a1a;--kmcf7-btn-color-hover: #fff;--kmcf7-btn-bg-color-hover: #269AD6;--kmcf7-btn-border-color-hover: #2492CA;--qaswara-input-height:50px;--qaswara-input-margin-top:15px;--qaswara-input-margin-bottom:15px;--qaswara-input-font-size:15px;  --qaswara-input-color: #888;    --qaswara-color: #bbb;     --qaswara-font-size:15px;--qaswara-border-width: 1px;  --qaswara-border-color:#eee;--qaswara-border-active-color:#269AD6;--qaswara-textarea-height:250px;;\" style=\"--kmcf7-btn-fontsize: 16px;--kmcf7-btn-align: center;--kmcf7-btn-width: 50%;--kmcf7-btn-letterspacing: 1px;--kmcf7-btn-height: 45px;--kmcf7-btn-mgtop: 15px;--kmcf7-btn-mgbottom: 15px;--kmcf7-btn-border-radius: 0;--kmcf7-btn-color: #ccc;--kmcf7-btn-border-width: 0;--kmcf7-btn-bg-color: #111;--kmcf7-btn-border-color: #1a1a1a;--kmcf7-btn-color-hover: #fff;--kmcf7-btn-bg-color-hover: #269AD6;--kmcf7-btn-border-color-hover: #2492CA;--qaswara-input-height:50px;--qaswara-input-margin-top:15px;--qaswara-input-margin-bottom:15px;--qaswara-input-font-size:15px;  --qaswara-input-color: #888;    --qaswara-color: #bbb;     --qaswara-font-size:15px;--qaswara-border-width: 1px;  --qaswara-border-color:#eee;--qaswara-border-active-color:#269AD6;--qaswara-textarea-height:250px;;\"><div role=\"form\" class=\"wpcf7\" id=\"wpcf7-f6-o1\" lang=\"en-US\" dir=\"ltr\">\n<div class=\"screen-reader-response\"><p role=\"status\" aria-live=\"polite\" aria-atomic=\"true\"><\/p> <ul><\/ul><\/div>\n<form action=\"\/vn\/wp-json\/wp\/v2\/pages\/1712#wpcf7-f6-o1\" method=\"post\" class=\"wpcf7-form init\" novalidate=\"novalidate\" data-status=\"init\">\n<div style=\"display: none;\">\n<input type=\"hidden\" name=\"_wpcf7\" value=\"6\" \/>\n<input type=\"hidden\" name=\"_wpcf7_version\" value=\"5.4.1\" \/>\n<input type=\"hidden\" name=\"_wpcf7_locale\" value=\"en_US\" \/>\n<input type=\"hidden\" name=\"_wpcf7_unit_tag\" value=\"wpcf7-f6-o1\" \/>\n<input type=\"hidden\" name=\"_wpcf7_container_post\" value=\"0\" \/>\n<input type=\"hidden\" name=\"_wpcf7_posted_data_hash\" value=\"\" \/>\n<\/div>\n<div class=\"row\">\n<div class=\"col-md-6\">\n        <span class=\"wpcf7-form-control-wrap your-name km_cf7-input-container \">     \n      <input type=\"text\" name=\"your-name\" value=\"\" size=\"40\" class=\"wpcf7-form-control wpcf7-text wpcf7-validates-as-required km_cf7-input\" id=\"kmcf7-your-name8EYylWL5\" aria-required=\"true\" aria-invalid=\"false\" onfocus=\"km_cf7_designer_focus(this)\" onblur=\"km_cf7_designer_blur()\"\/>\n      <label class=\"km_cf7-label\" for=\"kmcf7-your-name8EYylWL5\" data-content=\"T\u00caN \u0110\u1ea6Y \u0110\u1ee6\">\n        <span class=\"km_cf7_label-content\" data-content=\"T\u00caN \u0110\u1ea6Y \u0110\u1ee6\">T\u00caN \u0110\u1ea6Y \u0110\u1ee6<\/span>\n      <\/label>\n      \n    <\/span> <span class=\"wpcf7-form-control-wrap your-email km_cf7-input-container \">     \n      <input type=\"email\" name=\"your-email\" value=\"\" size=\"40\" class=\"wpcf7-form-control wpcf7-text wpcf7-email wpcf7-validates-as-email km_cf7-input\" id=\"kmcf7-your-emailcYjqtHPn\" aria-invalid=\"false\" onfocus=\"km_cf7_designer_focus(this)\" onblur=\"km_cf7_designer_blur()\"\/>\n      <label class=\"km_cf7-label\" for=\"kmcf7-your-emailcYjqtHPn\" data-content=\"EMAIL\">\n        <span class=\"km_cf7_label-content\" data-content=\"EMAIL\">EMAIL<\/span>\n      <\/label>\n      \n    <\/span>\n    <\/div>\n<div class=\"col-md-6\">\n        <span class=\"wpcf7-form-control-wrap your-subject km_cf7-input-container \">     \n      <input type=\"text\" name=\"your-subject\" value=\"\" size=\"40\" class=\"wpcf7-form-control wpcf7-text km_cf7-input\" id=\"kmcf7-your-subjectJBdtr8GD\" aria-invalid=\"false\" onfocus=\"km_cf7_designer_focus(this)\" onblur=\"km_cf7_designer_blur()\"\/>\n      <label class=\"km_cf7-label\" for=\"kmcf7-your-subjectJBdtr8GD\" data-content=\"TI\u00caU \u0110\u1ec0\">\n        <span class=\"km_cf7_label-content\" data-content=\"TI\u00caU \u0110\u1ec0\">TI\u00caU \u0110\u1ec0<\/span>\n      <\/label>\n      \n    <\/span> <span class=\"wpcf7-form-control-wrap your-phone km_cf7-input-container \">     \n      <input type=\"text\" name=\"your-phone\" value=\"\" size=\"40\" class=\"wpcf7-form-control wpcf7-text km_cf7-input\" id=\"kmcf7-your-phonewCBH0x1i\" aria-invalid=\"false\" onfocus=\"km_cf7_designer_focus(this)\" onblur=\"km_cf7_designer_blur()\"\/>\n      <label class=\"km_cf7-label\" for=\"kmcf7-your-phonewCBH0x1i\" data-content=\"LI\u00caN H\u1ec6\">\n        <span class=\"km_cf7_label-content\" data-content=\"LI\u00caN H\u1ec6\">LI\u00caN H\u1ec6<\/span>\n      <\/label>\n      \n    <\/span>\n    <\/div>\n<div class=\"col-md-12\">\n        <span class=\"wpcf7-form-control-wrap km_cf7-input-container your-message km_cf7-textarea-container\">\n      <textarea name=\"your-message\" cols=\"40\" rows=\"10\" class=\"wpcf7-form-control wpcf7-textarea km_cf7-input km_cf7-textarea\" id=\"kmcf7-your-messagek179IV5u\" aria-invalid=\"false\" onfocus=\"km_cf7_designer_focus(this)\" onblur=\"km_cf7_designer_blur()\"><\/textarea>\n      <label class=\"km_cf7-label\" for=\"kmcf7-your-messagek179IV5u\" data-content=\"TH\u00d4NG \u0110I\u1ec6P C\u1ee6A B\u1ea0N\">\n        <span class=\"km_cf7_label-content\" data-content=\"TH\u00d4NG \u0110I\u1ec6P C\u1ee6A B\u1ea0N\">TH\u00d4NG \u0110I\u1ec6P C\u1ee6A B\u1ea0N<\/span>\n      <\/label>\n      \n    <\/span>\n    <\/div>\n<div class=\"col-md-12\">\n        <div class=\"km_cf7-submit-container\">\n        <div class=\"km_cf7-submit-insider\">\n          <div class=\"km_cf7-submit-btn-txt km_cf7-btn-txt-r\">\u0110\u0102NG K\u00dd<\/div>\n          <div class=\"km_cf7-submit-btn-txt km_cf7-btn-txt-h\">\u0110\u0102NG K\u00dd<\/div>\n          <div class=\"km_cf7-btn-bg-r\"><\/div><div class=\"km_cf7-btn-bg-h\"><\/div>\n          <input type=\"submit\" value=\"\u0110\u0102NG K\u00dd\" class=\"wpcf7-form-control wpcf7-submit km_cf7-button\" \/>\n        <\/div>\n      <\/div>\n    <\/div>\n<\/div>\n<div class=\"wpcf7-response-output\" aria-hidden=\"true\"><\/div><\/form><\/div><\/div><div class=\"kswr-responsive-spacer\" data-desk=\"40px\" data-tablet=\"40px\" data-tablet-sm=\"40px\" data-phone=\"40px\" data-phone-sm=\"40px\" style=\"--spc-desk:40px;--spc-tablet:40px;--spc-tablet-sm:40px;--spc-phone:40px;--spc-phone-sm:40px;\"><\/div>[\/vc_column][\/vc_row]<\/p>\n","protected":false},"excerpt":{"rendered":"<p>[vc_row][vc_column][vc_empty_space][\/vc_column][\/vc_row][vc_row gradient_colors=&#8221;%5B%7B%7D%5D&#8221; kswr_row_top_decor_enabled=&#8221;false&#8221; kswr_row_bottom_decor_enabled=&#8221;false&#8221;][vc_column width=&#8221;1\/2&#8243;][vc_column_text] Mount Elizabeth Medical Centre \u0110\u1ecba ch\u1ec9: Mount Elizabeth Medical Center 3 Mount Elizabeth, #16-10 Singapore 228510. Tel: +65 6970 7071 Fax: +65 6219 1939 [\/vc_column_text][vc_empty_space][vc_raw_html]JTNDaWZyYW1lJTIwc3JjJTNEJTIyaHR0cHMlM0ElMkYlMkZ3d3cuZ29vZ2xlLmNvbSUyRm1hcHMlMkZlbWJlZCUzRnBiJTNEJTIxMW0xOCUyMTFtMTIlMjExbTMlMjExZDM5ODguNzg0MTQyNjIxNzk2JTIxMmQxMDMuODMzMjcxOTE1MzUzNyUyMTNkMS4zMDQ1NzE5NjIwODExOTMlMjEybTMlMjExZjAlMjEyZjAlMjEzZjAlMjEzbTIlMjExaTEwMjQlMjEyaTc2OCUyMTRmMTMuMSUyMTNtMyUyMTFtMiUyMTFzMHgzMWRhMTk5MjUwN2FmNmNkJTI1M0EweDg5OTRhNmNlMmRlOWE3MWYlMjEyc01vdW50JTI1MjBFbGl6YWJldGglMjUyME1lZGljYWwlMjUyMENlbnRyZSUyMTVlMCUyMTNtMiUyMTFzZW4lMjEyc3NnJTIxNHYxNTc2Njk5NjI3MDkxJTIxNW0yJTIxMXNlbiUyMTJzc2clMjIlMjB3aWR0aCUzRCUyMjEwMCUyNSUyMiUyMGhlaWdodCUzRCUyMjM1MCUyMiUyMGZyYW1lYm9yZGVyJTNEJTIyMCUyMiUyMHN0eWxlJTNEJTIyYm9yZGVyJTNBMCUzQiUyMiUyMGFsbG93ZnVsbHNjcmVlbiUzRCUyMiUyMiUzRSUzQyUyRmlmcmFtZSUzRQ==[\/vc_raw_html][\/vc_column][vc_column width=&#8221;1\/2&#8243;][vc_column_text] Mount Elizabeth Novena Specialist Centre. \u0110\u1ecba ch\u1ec9: PanAsia Surgery @ Mount Elizabeth Novena Specialist Centre. 38 Irrawaddy Road, #10-43\/44, Singapore 329563 Tel: +65-65702608 Fax: [&hellip;]<\/p>\n","protected":false},"author":1,"featured_media":0,"parent":0,"menu_order":0,"comment_status":"closed","ping_status":"closed","template":"","meta":[],"_links":{"self":[{"href":"https:\/\/aveclinics.com\/vn\/wp-json\/wp\/v2\/pages\/1712"}],"collection":[{"href":"https:\/\/aveclinics.com\/vn\/wp-json\/wp\/v2\/pages"}],"about":[{"href":"https:\/\/aveclinics.com\/vn\/wp-json\/wp\/v2\/types\/page"}],"author":[{"embeddable":true,"href":"https:\/\/aveclinics.com\/vn\/wp-json\/wp\/v2\/users\/1"}],"replies":[{"embeddable":true,"href":"https:\/\/aveclinics.com\/vn\/wp-json\/wp\/v2\/comments?post=1712"}],"version-history":[{"count":37,"href":"https:\/\/aveclinics.com\/vn\/wp-json\/wp\/v2\/pages\/1712\/revisions"}],"predecessor-version":[{"id":17694,"href":"https:\/\/aveclinics.com\/vn\/wp-json\/wp\/v2\/pages\/1712\/revisions\/17694"}],"wp:attachment":[{"href":"https:\/\/aveclinics.com\/vn\/wp-json\/wp\/v2\/media?parent=1712"}],"curies":[{"name":"wp","href":"https:\/\/api.w.org\/{rel}","templated":true}]}}