{"id":16884,"date":"2019-12-16T19:12:44","date_gmt":"2019-12-16T19:12:44","guid":{"rendered":"http:\/\/aveclinics.com\/new\/?page_id=16884"},"modified":"2020-01-15T14:00:12","modified_gmt":"2020-01-15T14:00:12","slug":"society-for-vascular-surgery","status":"publish","type":"page","link":"https:\/\/aveclinics.com\/vn\/society-for-vascular-surgery\/","title":{"rendered":"Society for Vascular Surgery"},"content":{"rendered":"\n<div class=\"wp-block-columns\">\n<div class=\"wp-block-column\" style=\"flex-basis:33.33%\">\n<figure class=\"wp-block-image size-large\"><img loading=\"lazy\" width=\"300\" height=\"91\" src=\"http:\/\/aveclinics.com\/new\/wp-content\/uploads\/2019\/12\/svs-3.jpg\" alt=\"\" class=\"wp-image-17176\" srcset=\"https:\/\/aveclinics.com\/vn\/wp-content\/uploads\/2019\/12\/svs-3.jpg 300w, https:\/\/aveclinics.com\/vn\/wp-content\/uploads\/2019\/12\/svs-3-70x21.jpg 70w\" sizes=\"(max-width: 300px) 100vw, 300px\" \/><\/figure>\n\n\n\n<figure class=\"wp-block-image size-large\"><img loading=\"lazy\" width=\"300\" height=\"99\" src=\"http:\/\/aveclinics.com\/new\/wp-content\/uploads\/2019\/12\/esvs-3.jpg\" alt=\"\" class=\"wp-image-17400\" srcset=\"https:\/\/aveclinics.com\/vn\/wp-content\/uploads\/2019\/12\/esvs-3.jpg 300w, https:\/\/aveclinics.com\/vn\/wp-content\/uploads\/2019\/12\/esvs-3-70x23.jpg 70w\" sizes=\"(max-width: 300px) 100vw, 300px\" \/><\/figure>\n\n\n\n<figure class=\"wp-block-image size-large\"><img loading=\"lazy\" width=\"300\" height=\"58\" src=\"http:\/\/aveclinics.com\/new\/wp-content\/uploads\/2019\/12\/WVS.jpg\" alt=\"\" class=\"wp-image-17401\" srcset=\"https:\/\/aveclinics.com\/vn\/wp-content\/uploads\/2019\/12\/WVS.jpg 300w, https:\/\/aveclinics.com\/vn\/wp-content\/uploads\/2019\/12\/WVS-70x14.jpg 70w\" sizes=\"(max-width: 300px) 100vw, 300px\" \/><\/figure>\n\n\n\n<figure class=\"wp-block-image size-large\"><img loading=\"lazy\" width=\"300\" height=\"113\" src=\"http:\/\/aveclinics.com\/new\/wp-content\/uploads\/2019\/12\/SVESS-logo.jpg\" alt=\"\" class=\"wp-image-17402\" srcset=\"https:\/\/aveclinics.com\/vn\/wp-content\/uploads\/2019\/12\/SVESS-logo.jpg 300w, https:\/\/aveclinics.com\/vn\/wp-content\/uploads\/2019\/12\/SVESS-logo-70x26.jpg 70w\" sizes=\"(max-width: 300px) 100vw, 300px\" \/><\/figure>\n<\/div>\n\n\n\n<div class=\"wp-block-column\" style=\"flex-basis:66.66%\">\n<h2 class=\"has-vivid-cyan-blue-color has-text-color\">H\u1ed9i ph\u1eabu thu\u1eadt m\u1ea1ch m\u00e1u<\/h2>\n\n\n\n<div style=\"height:20px\" aria-hidden=\"true\" class=\"wp-block-spacer\"><\/div>\n\n\n\n<p>Ti\u00eau chu\u1ea9n v\u00e0 k\u1ebft qu\u1ea3 kh\u00e1m v\u00e0 ch\u1eefa b\u1ec7nh \u0111\u01b0\u1ee3c h\u01b0\u1edbng d\u1eabn b\u1edfi Hi\u1ec7p H\u1ed9i Ph\u1eabu Thu\u1eadt M\u1ea1ch M\u00e1u (B\u1eafc M\u1ef9) v\u00e0 c\u00e1c c\u01a1 quan li\u00ean \u0111\u1edbi (<a href=\"http:\/\/www.vascular.org\">www.vascular.org<\/a>), v\u00e0 Hi\u1ec7p H\u1ed9i Ph\u1eabu Thu\u1eadt M\u1ea1ch M\u00e1u (Ch\u00e2u \u00c2u). L\u00e0m \u0111\u00fang theo nh\u1eefng h\u01b0\u1edbng d\u1eabn l\u00e2m s\u00e0ng n\u00e0y c\u0169ng nh\u01b0 ph\u1ed1i h\u1ee3p v\u1edbi s\u1ef1 ch\u00fa \u00fd chi ti\u1ebft \u0111\u1ebfn nh\u1eefng y\u1ebfu t\u1ed1 kh\u00e1c bi\u1ec7t do nh\u1eefng \u0111i\u1ec1u ki\u1ec7n c\u00e1 nh\u00e2n ho\u1eb7c y\u1ebfu t\u1ed1 \u0111\u1ecba ph\u01b0\u01a1ng, v\u00f9ng mi\u1ec1n l\u00e0m thay \u0111\u1ed5i qu\u00e1 tr\u00ecnh ph\u00e1t b\u1ec7nh s\u1ebd \u0111\u01b0a \u0111\u1ebfn k\u1ebft qu\u1ea3 chuy\u00ean m\u00f4n cao nh\u1ea5t cho b\u1ec7nh nh\u00e2n. <\/p>\n\n\n\n<p>\u0110\u1ec3 t\u00f4n v\u00ednh m\u1ed9t v\u00e0i ch\u00e2n gi\u00e1 tr\u1ecb c\u1ee7a t\u1ed5 ch\u1ee9c ch\u00fang t\u00f4i g\u1ed3m tinh th\u1ea7n t\u1eadp th\u1ec3, s\u1ef1 c\u00e1ch t\u00e2n v\u00e0 s\u1ef1 \u01b0u t\u00fa, c\u00e1c ph\u1eabu thu\u1eadt vi\u00ean trong t\u1ed5 ch\u1ee9c th\u00e0nh l\u1eadp Hi\u1ec7p H\u1ed9i M\u1ea1ch M\u00e1u v\u00e0 N\u1ed9i M\u1ea1ch M\u00e1u Singapore (SVESS) v\u00e0o th\u00e1ng 1 2018. B\u00e1c s\u0129 Wang trong vai tr\u00f2 th\u1ee7 qu\u1ef9 cho H\u1ed9i n\u00e0y c\u0169ng nh\u01b0 Chi H\u1ed9i Ph\u1eabu Thu\u1eadt M\u1ea1ch M\u00e1u trong H\u1ed9i Ph\u1eabu Thu\u1eadt Vi\u00ean Singapore, li\u00ean t\u1ee5c \u0111\u00f3ng g\u00f3p \u0111\u1ec3 n\u00e2ng cao ch\u1ea5t l\u01b0\u1ee3ng chuy\u00ean m\u00f4n, gi\u1ea3i quy\u1ebft c\u00e1c v\u1ea5n \u0111\u1ec1 nh\u1ee9c nh\u1ed1i trong y t\u1ebf c\u0169ng nh\u01b0 \u0111\u00f3ng g\u00f3p ti\u1ebfng n\u00f3i cho b\u1ed9 m\u00f4n ph\u1eabu thu\u1eadt m\u1ea1ch m\u00e1u \u1edf Singapore v\u00e0 v\u00f9ng Ch\u00e2u \u00c1-Th\u00e1i B\u00ecng D\u01b0\u01a1ng. <\/p>\n\n\n\n<p><\/p>\n<\/div>\n<\/div>\n","protected":false},"excerpt":{"rendered":"<p>H\u1ed9i ph\u1eabu thu\u1eadt m\u1ea1ch m\u00e1u Ti\u00eau chu\u1ea9n v\u00e0 k\u1ebft qu\u1ea3 kh\u00e1m v\u00e0 ch\u1eefa b\u1ec7nh \u0111\u01b0\u1ee3c h\u01b0\u1edbng d\u1eabn b\u1edfi Hi\u1ec7p H\u1ed9i Ph\u1eabu Thu\u1eadt M\u1ea1ch M\u00e1u (B\u1eafc M\u1ef9) v\u00e0 c\u00e1c c\u01a1 quan li\u00ean \u0111\u1edbi (www.vascular.org), v\u00e0 Hi\u1ec7p H\u1ed9i Ph\u1eabu Thu\u1eadt M\u1ea1ch M\u00e1u (Ch\u00e2u \u00c2u). L\u00e0m \u0111\u00fang theo nh\u1eefng h\u01b0\u1edbng d\u1eabn l\u00e2m s\u00e0ng n\u00e0y c\u0169ng nh\u01b0 ph\u1ed1i h\u1ee3p [&hellip;]<\/p>\n","protected":false},"author":1,"featured_media":17484,"parent":0,"menu_order":0,"comment_status":"closed","ping_status":"closed","template":"","meta":[],"_links":{"self":[{"href":"https:\/\/aveclinics.com\/vn\/wp-json\/wp\/v2\/pages\/16884"}],"collection":[{"href":"https:\/\/aveclinics.com\/vn\/wp-json\/wp\/v2\/pages"}],"about":[{"href":"https:\/\/aveclinics.com\/vn\/wp-json\/wp\/v2\/types\/page"}],"author":[{"embeddable":true,"href":"https:\/\/aveclinics.com\/vn\/wp-json\/wp\/v2\/users\/1"}],"replies":[{"embeddable":true,"href":"https:\/\/aveclinics.com\/vn\/wp-json\/wp\/v2\/comments?post=16884"}],"version-history":[{"count":7,"href":"https:\/\/aveclinics.com\/vn\/wp-json\/wp\/v2\/pages\/16884\/revisions"}],"predecessor-version":[{"id":17658,"href":"https:\/\/aveclinics.com\/vn\/wp-json\/wp\/v2\/pages\/16884\/revisions\/17658"}],"wp:featuredmedia":[{"embeddable":true,"href":"https:\/\/aveclinics.com\/vn\/wp-json\/wp\/v2\/media\/17484"}],"wp:attachment":[{"href":"https:\/\/aveclinics.com\/vn\/wp-json\/wp\/v2\/media?parent=16884"}],"curies":[{"name":"wp","href":"https:\/\/api.w.org\/{rel}","templated":true}]}}