{"id":16880,"date":"2019-12-16T19:14:03","date_gmt":"2019-12-16T19:14:03","guid":{"rendered":"http:\/\/aveclinics.com\/new\/?page_id=16880"},"modified":"2020-01-15T14:03:10","modified_gmt":"2020-01-15T14:03:10","slug":"charity-gifting","status":"publish","type":"page","link":"https:\/\/aveclinics.com\/vn\/charity-gifting\/","title":{"rendered":"Charity &#038; Gifting"},"content":{"rendered":"\n<h2 class=\"has-vivid-cyan-blue-color has-text-color\">Thi\u1ec7n Nguy\u1ec7n\/G\u1eedi T\u1eb7ng<\/h2>\n\n\n\n<p><\/p>\n\n\n\n<p>T\u00f4i mang n\u1ee3 r\u1ea5t nhi\u00e8u ng\u01b0\u1eddi \u0111\u00e3 gi\u00fap t\u00f4i ho\u00e0n thi\u1ec7n gi\u1ea5c m\u01a1 tr\u1edf th\u00e0nh m\u1ed9t b\u00e1c s\u0129 v\u00e0 m\u1ed9t ph\u1eabu thu\u1eadt vi\u00ean, c\u00f3 kh\u1ea3 n\u0103ng ch\u1eefa b\u1ec7nh v\u00e0 l\u00e0m gi\u1ea3m \u0111au \u0111\u1edbn cho \u0111\u1ed3ng lo\u1ea1i. C\u00e1 nh\u00e2n t\u00f4i \u0111\u00e3 tr\u1ea3i qua r\u1ea5t nhi\u1ec1u v\u00e0 c\u0169ng \u0111\u1ea1t \u0111\u01b0\u1ee3c r\u1ea5t nhi\u1ec1u, v\u00e0 \u0111\u00e3 nh\u1eadn \u0111\u01b0\u1ee3c r\u1ea5t nhi\u1ec1u h\u00e0nh \u0111\u1ed9ng t\u1ed1t v\u00e0 thi\u1ebft th\u1ef1c t\u1eeb nhi\u1ec1u ng\u01b0\u1eddi. M\u1ed9t n\u1eafm khi \u0111\u00f3i b\u1eb1ng m\u1ed9t g\u00f3i khi no, \u0111\u01b0\u1eddng d\u1eabn d\u01b0\u1edbi \u0111\u00e2y s\u1ebd \u0111\u01b0a b\u1ea1n \u0111\u1ebfn website g\u1ed3m nhi\u1ec1u t\u1ed5 ch\u1ee9c, \u0111o\u00e0n th\u1ec3 \u0111ang r\u1ea5t c\u1ea7n s\u1ef1 gi\u00fap \u0111\u1ee1. Nh\u1eefng t\u1ed5 ch\u1ee9c n\u00e0y kh\u00f4ng li\u00ean k\u1ebft v\u1edbi ph\u00f2ng kh\u00e1m c\u1ee7a ch\u00fang t\u00f4i. Nh\u1eefng \u0111\u00f3ng g\u00f3p c\u1ee7a b\u1ea1n, d\u00f9 l\u1edbn hay nh\u1ecf, v\u1eadt ch\u1ea5t hay phi v\u1eadt ch\u1ea5t, \u0111\u1ec1u di\u1ec5n ra tr\u1ef1c ti\u1ebfp. H\u00e3y nh\u1ea5n v\u00e0o trang web \u0111\u1ec3 bi\u1ebft th\u00eam chi ti\u1ebft. <br>&#8211; 5miles <a href=\"https:\/\/www.5miles.com.sg\/\">https:\/\/www.5miles.com.sg<\/a>  <br>&#8211; East Asia School of Theology <a rel=\"noreferrer noopener\" aria-label=\"www.east.edu.sg (opens in a new tab)\" href=\"http:\/\/www.east.edu.sg\" target=\"_blank\">www.east.edu.sg<\/a> \u0110\u1ec3 t\u1eb7ng h\u1ecdc ph\u00ed, xin vui l\u00f2ng li\u00ean h\u1ec7 the Dean of Administration <a rel=\"noreferrer noopener\" aria-label=\"admin@east.edu.sg (opens in a new tab)\" href=\"mailto:admin@east.edu.sg\" target=\"_blank\">admin@east.edu.sg<\/a><\/p>\n\n\n\n<div class=\"wp-block-columns\">\n<div class=\"wp-block-column\"><\/div>\n\n\n\n<div class=\"wp-block-column\"><\/div>\n<\/div>\n\n\n\n<div class=\"wp-block-columns\">\n<div class=\"wp-block-column\">\n<div class=\"wp-block-columns\">\n<div class=\"wp-block-column\">\n<figure class=\"wp-block-image size-large\"><img loading=\"lazy\" width=\"300\" height=\"218\" src=\"http:\/\/aveclinics.com\/new\/wp-content\/uploads\/2019\/12\/gift1-5.jpg\" alt=\"\" class=\"wp-image-17378\" srcset=\"https:\/\/aveclinics.com\/vn\/wp-content\/uploads\/2019\/12\/gift1-5.jpg 300w, https:\/\/aveclinics.com\/vn\/wp-content\/uploads\/2019\/12\/gift1-5-70x51.jpg 70w\" sizes=\"(max-width: 300px) 100vw, 300px\" \/><\/figure>\n<\/div>\n\n\n\n<div class=\"wp-block-column\">\n<figure class=\"wp-block-image size-large\"><img loading=\"lazy\" width=\"300\" height=\"218\" src=\"http:\/\/aveclinics.com\/new\/wp-content\/uploads\/2019\/12\/gift2-1.jpg\" alt=\"\" class=\"wp-image-17379\" srcset=\"https:\/\/aveclinics.com\/vn\/wp-content\/uploads\/2019\/12\/gift2-1.jpg 300w, https:\/\/aveclinics.com\/vn\/wp-content\/uploads\/2019\/12\/gift2-1-70x51.jpg 70w\" sizes=\"(max-width: 300px) 100vw, 300px\" \/><\/figure>\n<\/div>\n<\/div>\n<\/div>\n\n\n\n<div class=\"wp-block-column\">\n<div class=\"wp-block-columns\">\n<div class=\"wp-block-column\">\n<figure class=\"wp-block-image size-large\"><img loading=\"lazy\" width=\"300\" height=\"218\" src=\"http:\/\/aveclinics.com\/new\/wp-content\/uploads\/2019\/12\/gift3-2.jpg\" alt=\"\" class=\"wp-image-17382\" srcset=\"https:\/\/aveclinics.com\/vn\/wp-content\/uploads\/2019\/12\/gift3-2.jpg 300w, https:\/\/aveclinics.com\/vn\/wp-content\/uploads\/2019\/12\/gift3-2-70x51.jpg 70w\" sizes=\"(max-width: 300px) 100vw, 300px\" \/><\/figure>\n<\/div>\n\n\n\n<div class=\"wp-block-column\">\n<figure class=\"wp-block-image size-large\"><img loading=\"lazy\" width=\"300\" height=\"218\" src=\"http:\/\/aveclinics.com\/new\/wp-content\/uploads\/2019\/12\/gift5-1.jpg\" alt=\"\" class=\"wp-image-17380\" srcset=\"https:\/\/aveclinics.com\/vn\/wp-content\/uploads\/2019\/12\/gift5-1.jpg 300w, https:\/\/aveclinics.com\/vn\/wp-content\/uploads\/2019\/12\/gift5-1-70x51.jpg 70w\" sizes=\"(max-width: 300px) 100vw, 300px\" \/><\/figure>\n<\/div>\n<\/div>\n<\/div>\n<\/div>\n","protected":false},"excerpt":{"rendered":"<p>Thi\u1ec7n Nguy\u1ec7n\/G\u1eedi T\u1eb7ng T\u00f4i mang n\u1ee3 r\u1ea5t nhi\u00e8u ng\u01b0\u1eddi \u0111\u00e3 gi\u00fap t\u00f4i ho\u00e0n thi\u1ec7n gi\u1ea5c m\u01a1 tr\u1edf th\u00e0nh m\u1ed9t b\u00e1c s\u0129 v\u00e0 m\u1ed9t ph\u1eabu thu\u1eadt vi\u00ean, c\u00f3 kh\u1ea3 n\u0103ng ch\u1eefa b\u1ec7nh v\u00e0 l\u00e0m gi\u1ea3m \u0111au \u0111\u1edbn cho \u0111\u1ed3ng lo\u1ea1i. C\u00e1 nh\u00e2n t\u00f4i \u0111\u00e3 tr\u1ea3i qua r\u1ea5t nhi\u1ec1u v\u00e0 c\u0169ng \u0111\u1ea1t \u0111\u01b0\u1ee3c r\u1ea5t nhi\u1ec1u, v\u00e0 \u0111\u00e3 [&hellip;]<\/p>\n","protected":false},"author":1,"featured_media":17484,"parent":0,"menu_order":0,"comment_status":"closed","ping_status":"closed","template":"","meta":[],"_links":{"self":[{"href":"https:\/\/aveclinics.com\/vn\/wp-json\/wp\/v2\/pages\/16880"}],"collection":[{"href":"https:\/\/aveclinics.com\/vn\/wp-json\/wp\/v2\/pages"}],"about":[{"href":"https:\/\/aveclinics.com\/vn\/wp-json\/wp\/v2\/types\/page"}],"author":[{"embeddable":true,"href":"https:\/\/aveclinics.com\/vn\/wp-json\/wp\/v2\/users\/1"}],"replies":[{"embeddable":true,"href":"https:\/\/aveclinics.com\/vn\/wp-json\/wp\/v2\/comments?post=16880"}],"version-history":[{"count":11,"href":"https:\/\/aveclinics.com\/vn\/wp-json\/wp\/v2\/pages\/16880\/revisions"}],"predecessor-version":[{"id":17660,"href":"https:\/\/aveclinics.com\/vn\/wp-json\/wp\/v2\/pages\/16880\/revisions\/17660"}],"wp:featuredmedia":[{"embeddable":true,"href":"https:\/\/aveclinics.com\/vn\/wp-json\/wp\/v2\/media\/17484"}],"wp:attachment":[{"href":"https:\/\/aveclinics.com\/vn\/wp-json\/wp\/v2\/media?parent=16880"}],"curies":[{"name":"wp","href":"https:\/\/api.w.org\/{rel}","templated":true}]}}