{"id":16855,"date":"2019-12-16T19:10:11","date_gmt":"2019-12-16T19:10:11","guid":{"rendered":"http:\/\/aveclinics.com\/new\/?page_id=16855"},"modified":"2020-01-15T13:44:26","modified_gmt":"2020-01-15T13:44:26","slug":"point-of-care-tests","status":"publish","type":"page","link":"https:\/\/aveclinics.com\/vn\/point-of-care-tests\/","title":{"rendered":"Point of Care Tests"},"content":{"rendered":"\n<div class=\"wp-block-columns desktop_container\">\n<div class=\"wp-block-column\" style=\"flex-basis:33.33%\">\n<figure class=\"wp-block-image size-large\"><img loading=\"lazy\" width=\"300\" height=\"396\" src=\"http:\/\/aveclinics.com\/new\/wp-content\/uploads\/2019\/12\/room-1.jpg\" alt=\"\" class=\"wp-image-17164\" srcset=\"https:\/\/aveclinics.com\/vn\/wp-content\/uploads\/2019\/12\/room-1.jpg 300w, https:\/\/aveclinics.com\/vn\/wp-content\/uploads\/2019\/12\/room-1-227x300.jpg 227w, https:\/\/aveclinics.com\/vn\/wp-content\/uploads\/2019\/12\/room-1-53x70.jpg 53w\" sizes=\"(max-width: 300px) 100vw, 300px\" \/><\/figure>\n<\/div>\n\n\n\n<div class=\"wp-block-column\" style=\"flex-basis:66.66%\">\n<h2 class=\"has-vivid-cyan-blue-color has-text-color\">Point of Care Tests<\/h2>\n\n\n\n<div style=\"height:20px\" aria-hidden=\"true\" class=\"wp-block-spacer\"><\/div>\n\n\n\n<ul><li>Si\u00eau \u00c2m Duplex \u2013 Si\u00eau \u00c2m Chi D\u01b0\u1edbi T\u1eadp Trung<\/li><li> \u00c1p l\u1ef1c ph\u00e2n \u0111o\u1ea1n <\/li><li>\u00c1p Huy\u1ebft M\u1eaft C\u00e1 Ch\u00e2n-C\u00e1nh Tay\/Ch\u1ec9 S\u1ed1 \u00c1p Huy\u1ebft Ng\u00f3n Ch\u00e2n\/ \u0110o Quang Th\u1ec3 T\u00edch<\/li><li>\u0110\u01b0\u1eddng V\u00e0o M\u1ea1ch M\u00e1u cho Ch\u1ea1y Th\u1eadn \u2013 Si\u00eau \u00c2m T\u1eadp Trung<\/li><li>Si\u00eau \u00c2m Duplex \u2013 Si\u00eau \u00c2m Suy Gi\u00e3n T\u0129nh M\u1ea1ch Chi D\u01b0\u1edbi<br><br><\/li><\/ul>\n\n\n\n<figure class=\"wp-block-image size-large\"><img loading=\"lazy\" width=\"613\" height=\"216\" src=\"http:\/\/aveclinics.com\/wp-content\/uploads\/2020\/01\/pointofcare.jpg\" alt=\"\" class=\"wp-image-17532\" srcset=\"https:\/\/aveclinics.com\/vn\/wp-content\/uploads\/2020\/01\/pointofcare.jpg 613w, https:\/\/aveclinics.com\/vn\/wp-content\/uploads\/2020\/01\/pointofcare-300x106.jpg 300w, https:\/\/aveclinics.com\/vn\/wp-content\/uploads\/2020\/01\/pointofcare-70x25.jpg 70w\" sizes=\"(max-width: 613px) 100vw, 613px\" \/><\/figure>\n<\/div>\n<\/div>\n\n\n\n<div class=\"wp-block-group mobile_container\"><div class=\"wp-block-group__inner-container\">\n<h2 class=\"has-vivid-cyan-blue-color has-text-color\"><strong>Point of Care Tests<\/strong><\/h2>\n\n\n\n<ul><li>Si\u00eau \u00c2m Duplex \u2013 Si\u00eau \u00c2m Chi D\u01b0\u1edbi T\u1eadp Trung<\/li><li> \u00c1p l\u1ef1c ph\u00e2n \u0111o\u1ea1n <\/li><li>\u00c1p Huy\u1ebft M\u1eaft C\u00e1 Ch\u00e2n-C\u00e1nh Tay\/Ch\u1ec9 S\u1ed1 \u00c1p Huy\u1ebft Ng\u00f3n Ch\u00e2n\/ \u0110o Quang Th\u1ec3 T\u00edch<\/li><li>\u0110\u01b0\u1eddng V\u00e0o M\u1ea1ch M\u00e1u cho Ch\u1ea1y Th\u1eadn \u2013 Si\u00eau \u00c2m T\u1eadp Trung<\/li><li>Si\u00eau \u00c2m Duplex \u2013 Si\u00eau \u00c2m Suy Gi\u00e3n T\u0129nh M\u1ea1ch Chi D\u01b0\u1edbi<\/li><\/ul>\n\n\n\n<div style=\"height:55px\" aria-hidden=\"true\" class=\"wp-block-spacer\"><\/div>\n\n\n\n<figure class=\"wp-block-image size-large\"><img loading=\"lazy\" width=\"300\" height=\"396\" src=\"http:\/\/aveclinics.com\/wp-content\/uploads\/2019\/12\/room-1.jpg\" alt=\"\" class=\"wp-image-17164\" srcset=\"https:\/\/aveclinics.com\/vn\/wp-content\/uploads\/2019\/12\/room-1.jpg 300w, https:\/\/aveclinics.com\/vn\/wp-content\/uploads\/2019\/12\/room-1-227x300.jpg 227w, https:\/\/aveclinics.com\/vn\/wp-content\/uploads\/2019\/12\/room-1-53x70.jpg 53w\" sizes=\"(max-width: 300px) 100vw, 300px\" \/><\/figure>\n\n\n\n<figure class=\"wp-block-image size-large is-resized\"><img loading=\"lazy\" src=\"http:\/\/aveclinics.com\/wp-content\/uploads\/2019\/12\/point2.jpg\" alt=\"\" class=\"wp-image-16973\" width=\"600\" height=\"450\" srcset=\"https:\/\/aveclinics.com\/vn\/wp-content\/uploads\/2019\/12\/point2.jpg 600w, https:\/\/aveclinics.com\/vn\/wp-content\/uploads\/2019\/12\/point2-300x225.jpg 300w, https:\/\/aveclinics.com\/vn\/wp-content\/uploads\/2019\/12\/point2-70x53.jpg 70w, https:\/\/aveclinics.com\/vn\/wp-content\/uploads\/2019\/12\/point2-320x240.jpg 320w\" sizes=\"(max-width: 600px) 100vw, 600px\" \/><figcaption>Duplex Ultrasound Scan<\/figcaption><\/figure>\n\n\n\n<figure class=\"wp-block-image size-large is-resized\"><img loading=\"lazy\" src=\"http:\/\/aveclinics.com\/wp-content\/uploads\/2019\/12\/point1.jpg\" alt=\"\" class=\"wp-image-16972\" width=\"600\" height=\"399\" srcset=\"https:\/\/aveclinics.com\/vn\/wp-content\/uploads\/2019\/12\/point1.jpg 600w, https:\/\/aveclinics.com\/vn\/wp-content\/uploads\/2019\/12\/point1-300x200.jpg 300w, https:\/\/aveclinics.com\/vn\/wp-content\/uploads\/2019\/12\/point1-70x47.jpg 70w, https:\/\/aveclinics.com\/vn\/wp-content\/uploads\/2019\/12\/point1-350x233.jpg 350w\" sizes=\"(max-width: 600px) 100vw, 600px\" \/><figcaption>Non-Invasive Vascular Testing \u2013 ABI\/PVR\/TP<\/figcaption><\/figure>\n<\/div><\/div>\n","protected":false},"excerpt":{"rendered":"<p>Point of Care Tests Si\u00eau \u00c2m Duplex \u2013 Si\u00eau \u00c2m Chi D\u01b0\u1edbi T\u1eadp Trung \u00c1p l\u1ef1c ph\u00e2n \u0111o\u1ea1n \u00c1p Huy\u1ebft M\u1eaft C\u00e1 Ch\u00e2n-C\u00e1nh Tay\/Ch\u1ec9 S\u1ed1 \u00c1p Huy\u1ebft Ng\u00f3n Ch\u00e2n\/ \u0110o Quang Th\u1ec3 T\u00edch \u0110\u01b0\u1eddng V\u00e0o M\u1ea1ch M\u00e1u cho Ch\u1ea1y Th\u1eadn \u2013 Si\u00eau \u00c2m T\u1eadp Trung Si\u00eau \u00c2m Duplex \u2013 Si\u00eau \u00c2m Suy Gi\u00e3n T\u0129nh M\u1ea1ch [&hellip;]<\/p>\n","protected":false},"author":1,"featured_media":16926,"parent":0,"menu_order":0,"comment_status":"closed","ping_status":"closed","template":"","meta":[],"_links":{"self":[{"href":"https:\/\/aveclinics.com\/vn\/wp-json\/wp\/v2\/pages\/16855"}],"collection":[{"href":"https:\/\/aveclinics.com\/vn\/wp-json\/wp\/v2\/pages"}],"about":[{"href":"https:\/\/aveclinics.com\/vn\/wp-json\/wp\/v2\/types\/page"}],"author":[{"embeddable":true,"href":"https:\/\/aveclinics.com\/vn\/wp-json\/wp\/v2\/users\/1"}],"replies":[{"embeddable":true,"href":"https:\/\/aveclinics.com\/vn\/wp-json\/wp\/v2\/comments?post=16855"}],"version-history":[{"count":14,"href":"https:\/\/aveclinics.com\/vn\/wp-json\/wp\/v2\/pages\/16855\/revisions"}],"predecessor-version":[{"id":17648,"href":"https:\/\/aveclinics.com\/vn\/wp-json\/wp\/v2\/pages\/16855\/revisions\/17648"}],"wp:featuredmedia":[{"embeddable":true,"href":"https:\/\/aveclinics.com\/vn\/wp-json\/wp\/v2\/media\/16926"}],"wp:attachment":[{"href":"https:\/\/aveclinics.com\/vn\/wp-json\/wp\/v2\/media?parent=16855"}],"curies":[{"name":"wp","href":"https:\/\/api.w.org\/{rel}","templated":true}]}}