{"id":16849,"date":"2019-12-16T19:09:10","date_gmt":"2019-12-16T19:09:10","guid":{"rendered":"http:\/\/aveclinics.com\/new\/?page_id=16849"},"modified":"2020-01-15T13:41:59","modified_gmt":"2020-01-15T13:41:59","slug":"endovascular-surgery","status":"publish","type":"page","link":"https:\/\/aveclinics.com\/vn\/endovascular-surgery\/","title":{"rendered":"Endovascular Surgery"},"content":{"rendered":"\n<div class=\"wp-block-columns desktop_container\">\n<div class=\"wp-block-column\" style=\"flex-basis:33.33%\">\n<figure class=\"wp-block-image size-large\"><img loading=\"lazy\" width=\"300\" height=\"240\" src=\"http:\/\/aveclinics.com\/new\/wp-content\/uploads\/2019\/12\/treatment3-1.jpg\" alt=\"\" class=\"wp-image-17310\" srcset=\"https:\/\/aveclinics.com\/vn\/wp-content\/uploads\/2019\/12\/treatment3-1.jpg 300w, https:\/\/aveclinics.com\/vn\/wp-content\/uploads\/2019\/12\/treatment3-1-70x56.jpg 70w\" sizes=\"(max-width: 300px) 100vw, 300px\" \/><\/figure>\n\n\n\n<figure class=\"wp-block-image size-large\"><img loading=\"lazy\" width=\"300\" height=\"375\" src=\"http:\/\/aveclinics.com\/new\/wp-content\/uploads\/2019\/12\/treatment2-1.jpg\" alt=\"\" class=\"wp-image-17321\" srcset=\"https:\/\/aveclinics.com\/vn\/wp-content\/uploads\/2019\/12\/treatment2-1.jpg 300w, https:\/\/aveclinics.com\/vn\/wp-content\/uploads\/2019\/12\/treatment2-1-240x300.jpg 240w, https:\/\/aveclinics.com\/vn\/wp-content\/uploads\/2019\/12\/treatment2-1-56x70.jpg 56w\" sizes=\"(max-width: 300px) 100vw, 300px\" \/><\/figure>\n<\/div>\n\n\n\n<div class=\"wp-block-column\" style=\"flex-basis:66.66%\">\n<h2 class=\"has-vivid-cyan-blue-color has-text-color\">M\u1ed5 n\u1ed9i m\u1ea1ch <\/h2>\n\n\n\n<div style=\"height:20px\" aria-hidden=\"true\" class=\"wp-block-spacer\"><\/div>\n\n\n\n<p>M\u1ed5 n\u1ed9i m\u1ea1ch, thay v\u00ec d\u00f9ng nh\u1eefng v\u1ebft m\u1ed5 l\u1edbn nh\u01b0 th\u01b0\u1eddng g\u1eb7p cho c\u00e1c ca m\u1ed5 t\u00e1i th\u00f4ng m\u1ea1ch m\u1edf, s\u1ebd d\u00f9ng nh\u1eefng \u0111\u01b0\u1eddng \u0111\u00e2m nh\u1ecf qua da v\u00e0o c\u00e1c \u0111\u1ed9ng m\u1ea1ch \u0111\u00f9i, \u0111\u1ed9ng m\u1ea1ch c\u00e1nh tay, hay t\u0129nh m\u1ea1ch hi\u1ec3n l\u1edbn. Ph\u1eabu thu\u1ea5t vi\u00ean d\u00f9ng c\u00e1c lo\u1ea1i \u1ed1ng v\u00e0 d\u00e2y d\u1eabn \u0111\u1ec3 ti\u1ebfp c\u1eadn nh\u1eefng t\u1ed5n th\u01b0\u01a1ng trong m\u1ea1ch m\u00e1u v\u00e0 \u0111i\u1ec1u tr\u1ecb b\u1eb1ng b\u00f3ng, b\u1eb1ng gi\u00e1 \u0111\u1ee1 (stent), ho\u1eb7c stent b\u1ecdc thu\u1ed1c, ho\u1eb7c ti\u00eam thu\u1ed1c \u0111\u1ec3 l\u00e0m tan c\u1ee5c m\u00e1u \u0111\u00f4ng. V\u1edbi k\u1ef9 thu\u1eadt can thi\u1ec7p n\u1ed9i m\u1ea1ch, th\u1eddi gian l\u00e0nh s\u1ebd nhanh h\u01a1n, \u00edt bi\u1ebfn ch\u1ee9ng, kh\u00f4ng \u0111\u1ec3 l\u1ea1i s\u1eb9o, v\u00e0 nh\u1eefng b\u1ec7nh nh\u00e2n gi\u00e0 v\u00e0 y\u1ebfu h\u01a1n c\u0169ng c\u00f3 th\u1ec3 \u0111\u01b0\u1ee3c \u0111i\u1ec1u tr\u1ecb. <\/p>\n\n\n\n<div class=\"wp-block-columns\">\n<div class=\"wp-block-column\"><\/div>\n\n\n\n<div class=\"wp-block-column\"><\/div>\n<\/div>\n\n\n\n<div class=\"wp-block-columns\">\n<div class=\"wp-block-column\">\n<div class=\"wp-block-columns\">\n<div class=\"wp-block-column\">\n<figure class=\"wp-block-image size-large\"><img loading=\"lazy\" width=\"200\" height=\"180\" src=\"http:\/\/aveclinics.com\/new\/wp-content\/uploads\/2019\/12\/1-3.jpg\" alt=\"\" class=\"wp-image-17312\" srcset=\"https:\/\/aveclinics.com\/vn\/wp-content\/uploads\/2019\/12\/1-3.jpg 200w, https:\/\/aveclinics.com\/vn\/wp-content\/uploads\/2019\/12\/1-3-70x63.jpg 70w\" sizes=\"(max-width: 200px) 100vw, 200px\" \/><\/figure>\n<\/div>\n\n\n\n<div class=\"wp-block-column\">\n<figure class=\"wp-block-image size-large\"><img loading=\"lazy\" width=\"200\" height=\"180\" src=\"http:\/\/aveclinics.com\/new\/wp-content\/uploads\/2019\/12\/2-3.jpg\" alt=\"\" class=\"wp-image-17314\" srcset=\"https:\/\/aveclinics.com\/vn\/wp-content\/uploads\/2019\/12\/2-3.jpg 200w, https:\/\/aveclinics.com\/vn\/wp-content\/uploads\/2019\/12\/2-3-70x63.jpg 70w\" sizes=\"(max-width: 200px) 100vw, 200px\" \/><\/figure>\n<\/div>\n<\/div>\n<\/div>\n\n\n\n<div class=\"wp-block-column\">\n<div class=\"wp-block-columns\">\n<div class=\"wp-block-column\">\n<figure class=\"wp-block-image size-large\"><img loading=\"lazy\" width=\"200\" height=\"180\" src=\"http:\/\/aveclinics.com\/new\/wp-content\/uploads\/2019\/12\/3-4.jpg\" alt=\"\" class=\"wp-image-17316\" srcset=\"https:\/\/aveclinics.com\/vn\/wp-content\/uploads\/2019\/12\/3-4.jpg 200w, https:\/\/aveclinics.com\/vn\/wp-content\/uploads\/2019\/12\/3-4-70x63.jpg 70w\" sizes=\"(max-width: 200px) 100vw, 200px\" \/><\/figure>\n<\/div>\n\n\n\n<div class=\"wp-block-column\">\n<figure class=\"wp-block-image size-large\"><img loading=\"lazy\" width=\"200\" height=\"180\" src=\"http:\/\/aveclinics.com\/new\/wp-content\/uploads\/2019\/12\/4-3.jpg\" alt=\"\" class=\"wp-image-17318\" srcset=\"https:\/\/aveclinics.com\/vn\/wp-content\/uploads\/2019\/12\/4-3.jpg 200w, https:\/\/aveclinics.com\/vn\/wp-content\/uploads\/2019\/12\/4-3-70x63.jpg 70w\" sizes=\"(max-width: 200px) 100vw, 200px\" \/><\/figure>\n<\/div>\n<\/div>\n<\/div>\n<\/div>\n\n\n\n<div class=\"wp-block-columns\">\n<div class=\"wp-block-column\">\n<div class=\"wp-block-columns\">\n<div class=\"wp-block-column\">\n<figure class=\"wp-block-image size-large\"><img loading=\"lazy\" width=\"200\" height=\"250\" src=\"http:\/\/aveclinics.com\/new\/wp-content\/uploads\/2019\/12\/5-2.jpg\" alt=\"\" class=\"wp-image-17313\" srcset=\"https:\/\/aveclinics.com\/vn\/wp-content\/uploads\/2019\/12\/5-2.jpg 200w, https:\/\/aveclinics.com\/vn\/wp-content\/uploads\/2019\/12\/5-2-56x70.jpg 56w\" sizes=\"(max-width: 200px) 100vw, 200px\" \/><\/figure>\n<\/div>\n\n\n\n<div class=\"wp-block-column\">\n<figure class=\"wp-block-image size-large\"><img loading=\"lazy\" width=\"200\" height=\"250\" src=\"http:\/\/aveclinics.com\/new\/wp-content\/uploads\/2019\/12\/6-2.jpg\" alt=\"\" class=\"wp-image-17315\" srcset=\"https:\/\/aveclinics.com\/vn\/wp-content\/uploads\/2019\/12\/6-2.jpg 200w, https:\/\/aveclinics.com\/vn\/wp-content\/uploads\/2019\/12\/6-2-56x70.jpg 56w\" sizes=\"(max-width: 200px) 100vw, 200px\" \/><\/figure>\n<\/div>\n<\/div>\n<\/div>\n\n\n\n<div class=\"wp-block-column\">\n<div class=\"wp-block-columns\">\n<div class=\"wp-block-column\">\n<figure class=\"wp-block-image size-large\"><img loading=\"lazy\" width=\"200\" height=\"160\" src=\"http:\/\/aveclinics.com\/new\/wp-content\/uploads\/2019\/12\/7-2.jpg\" alt=\"\" class=\"wp-image-17317\" srcset=\"https:\/\/aveclinics.com\/vn\/wp-content\/uploads\/2019\/12\/7-2.jpg 200w, https:\/\/aveclinics.com\/vn\/wp-content\/uploads\/2019\/12\/7-2-70x56.jpg 70w\" sizes=\"(max-width: 200px) 100vw, 200px\" \/><\/figure>\n<\/div>\n\n\n\n<div class=\"wp-block-column\">\n<figure class=\"wp-block-image size-large\"><img loading=\"lazy\" width=\"200\" height=\"132\" src=\"http:\/\/aveclinics.com\/new\/wp-content\/uploads\/2019\/12\/8-2.jpg\" alt=\"\" class=\"wp-image-17319\" srcset=\"https:\/\/aveclinics.com\/vn\/wp-content\/uploads\/2019\/12\/8-2.jpg 200w, https:\/\/aveclinics.com\/vn\/wp-content\/uploads\/2019\/12\/8-2-70x46.jpg 70w\" sizes=\"(max-width: 200px) 100vw, 200px\" \/><\/figure>\n<\/div>\n<\/div>\n<\/div>\n<\/div>\n<\/div>\n<\/div>\n\n\n\n<div class=\"wp-block-group mobile_container\"><div class=\"wp-block-group__inner-container\">\n<h2 class=\"has-vivid-cyan-blue-color has-text-color\">M\u1ed5 n\u1ed9i m\u1ea1ch <\/h2>\n\n\n\n<p>M\u1ed5 n\u1ed9i m\u1ea1ch, thay v\u00ec d\u00f9ng nh\u1eefng v\u1ebft m\u1ed5 l\u1edbn nh\u01b0 th\u01b0\u1eddng g\u1eb7p cho c\u00e1c ca m\u1ed5 t\u00e1i th\u00f4ng m\u1ea1ch m\u1edf, s\u1ebd d\u00f9ng nh\u1eefng \u0111\u01b0\u1eddng \u0111\u00e2m nh\u1ecf qua da v\u00e0o c\u00e1c \u0111\u1ed9ng m\u1ea1ch \u0111\u00f9i, \u0111\u1ed9ng m\u1ea1ch c\u00e1nh tay, hay t\u0129nh m\u1ea1ch hi\u1ec3n l\u1edbn. Ph\u1eabu thu\u1ea5t vi\u00ean d\u00f9ng c\u00e1c lo\u1ea1i \u1ed1ng v\u00e0 d\u00e2y d\u1eabn \u0111\u1ec3 ti\u1ebfp c\u1eadn nh\u1eefng t\u1ed5n th\u01b0\u01a1ng trong m\u1ea1ch m\u00e1u v\u00e0 \u0111i\u1ec1u tr\u1ecb b\u1eb1ng b\u00f3ng, b\u1eb1ng gi\u00e1 \u0111\u1ee1 (stent), ho\u1eb7c stent b\u1ecdc thu\u1ed1c, ho\u1eb7c ti\u00eam thu\u1ed1c \u0111\u1ec3 l\u00e0m tan c\u1ee5c m\u00e1u \u0111\u00f4ng. V\u1edbi k\u1ef9 thu\u1eadt can thi\u1ec7p n\u1ed9i m\u1ea1ch, th\u1eddi gian l\u00e0nh s\u1ebd nhanh h\u01a1n, \u00edt bi\u1ebfn ch\u1ee9ng, kh\u00f4ng \u0111\u1ec3 l\u1ea1i s\u1eb9o, v\u00e0 nh\u1eefng b\u1ec7nh nh\u00e2n gi\u00e0 v\u00e0 y\u1ebfu h\u01a1n c\u0169ng c\u00f3 th\u1ec3 \u0111\u01b0\u1ee3c \u0111i\u1ec1u tr\u1ecb. <\/p>\n\n\n\n<figure class=\"wp-block-image size-large is-resized\"><img loading=\"lazy\" src=\"http:\/\/aveclinics.com\/wp-content\/uploads\/2019\/12\/treatment2-1.jpg\" alt=\"\" class=\"wp-image-17321\" width=\"300\" height=\"375\" srcset=\"https:\/\/aveclinics.com\/vn\/wp-content\/uploads\/2019\/12\/treatment2-1.jpg 300w, https:\/\/aveclinics.com\/vn\/wp-content\/uploads\/2019\/12\/treatment2-1-240x300.jpg 240w, https:\/\/aveclinics.com\/vn\/wp-content\/uploads\/2019\/12\/treatment2-1-56x70.jpg 56w\" sizes=\"(max-width: 300px) 100vw, 300px\" \/><\/figure>\n\n\n\n<figure class=\"wp-block-image size-large is-resized\"><img loading=\"lazy\" src=\"http:\/\/aveclinics.com\/wp-content\/uploads\/2019\/12\/treatment3-1.jpg\" alt=\"\" class=\"wp-image-17310\" width=\"300\" height=\"240\" srcset=\"https:\/\/aveclinics.com\/vn\/wp-content\/uploads\/2019\/12\/treatment3-1.jpg 300w, https:\/\/aveclinics.com\/vn\/wp-content\/uploads\/2019\/12\/treatment3-1-70x56.jpg 70w\" sizes=\"(max-width: 300px) 100vw, 300px\" \/><figcaption>Hybrid Operating Room<\/figcaption><\/figure>\n\n\n\n<figure class=\"wp-block-image size-large is-resized\"><img loading=\"lazy\" src=\"http:\/\/aveclinics.com\/wp-content\/uploads\/2019\/12\/1-3.jpg\" alt=\"\" class=\"wp-image-17312\" width=\"200\" height=\"180\" srcset=\"https:\/\/aveclinics.com\/vn\/wp-content\/uploads\/2019\/12\/1-3.jpg 200w, https:\/\/aveclinics.com\/vn\/wp-content\/uploads\/2019\/12\/1-3-70x63.jpg 70w\" sizes=\"(max-width: 200px) 100vw, 200px\" \/><figcaption>Left Subclavian Vein (LSCV) stenosis (narrowing)<\/figcaption><\/figure>\n\n\n\n<figure class=\"wp-block-image size-large is-resized\"><img loading=\"lazy\" src=\"http:\/\/aveclinics.com\/wp-content\/uploads\/2019\/12\/2-3.jpg\" alt=\"\" class=\"wp-image-17314\" width=\"200\" height=\"180\" srcset=\"https:\/\/aveclinics.com\/vn\/wp-content\/uploads\/2019\/12\/2-3.jpg 200w, https:\/\/aveclinics.com\/vn\/wp-content\/uploads\/2019\/12\/2-3-70x63.jpg 70w\" sizes=\"(max-width: 200px) 100vw, 200px\" \/><figcaption>LSCV stenosis balloon venoplasty<\/figcaption><\/figure>\n\n\n\n<figure class=\"wp-block-image size-large is-resized\"><img loading=\"lazy\" src=\"http:\/\/aveclinics.com\/wp-content\/uploads\/2019\/12\/3-4.jpg\" alt=\"\" class=\"wp-image-17316\" width=\"200\" height=\"180\" srcset=\"https:\/\/aveclinics.com\/vn\/wp-content\/uploads\/2019\/12\/3-4.jpg 200w, https:\/\/aveclinics.com\/vn\/wp-content\/uploads\/2019\/12\/3-4-70x63.jpg 70w\" sizes=\"(max-width: 200px) 100vw, 200px\" \/><figcaption>LSCV balloon venoplasty full effacement<\/figcaption><\/figure>\n\n\n\n<figure class=\"wp-block-image size-large is-resized\"><img loading=\"lazy\" src=\"http:\/\/aveclinics.com\/wp-content\/uploads\/2019\/12\/4-3.jpg\" alt=\"\" class=\"wp-image-17318\" width=\"200\" height=\"180\" srcset=\"https:\/\/aveclinics.com\/vn\/wp-content\/uploads\/2019\/12\/4-3.jpg 200w, https:\/\/aveclinics.com\/vn\/wp-content\/uploads\/2019\/12\/4-3-70x63.jpg 70w\" sizes=\"(max-width: 200px) 100vw, 200px\" \/><figcaption>LSCV stenosis successfully treated<\/figcaption><\/figure>\n\n\n\n<figure class=\"wp-block-image size-large is-resized\"><img loading=\"lazy\" src=\"http:\/\/aveclinics.com\/wp-content\/uploads\/2019\/12\/5-2.jpg\" alt=\"\" class=\"wp-image-17313\" width=\"200\" height=\"250\" srcset=\"https:\/\/aveclinics.com\/vn\/wp-content\/uploads\/2019\/12\/5-2.jpg 200w, https:\/\/aveclinics.com\/vn\/wp-content\/uploads\/2019\/12\/5-2-56x70.jpg 56w\" sizes=\"(max-width: 200px) 100vw, 200px\" \/><figcaption>CT-Angiogram: Chronic Mesenteric Ischemia from calcific plaque<\/figcaption><\/figure>\n\n\n\n<figure class=\"wp-block-image size-large is-resized\"><img loading=\"lazy\" src=\"http:\/\/aveclinics.com\/wp-content\/uploads\/2019\/12\/6-2.jpg\" alt=\"\" class=\"wp-image-17315\" width=\"200\" height=\"250\" srcset=\"https:\/\/aveclinics.com\/vn\/wp-content\/uploads\/2019\/12\/6-2.jpg 200w, https:\/\/aveclinics.com\/vn\/wp-content\/uploads\/2019\/12\/6-2-56x70.jpg 56w\" sizes=\"(max-width: 200px) 100vw, 200px\" \/><figcaption>Angiogram: Chronic Mesenteric Ischemia with SMA stent<\/figcaption><\/figure>\n\n\n\n<figure class=\"wp-block-image size-large is-resized\"><img loading=\"lazy\" src=\"http:\/\/aveclinics.com\/wp-content\/uploads\/2019\/12\/7-2.jpg\" alt=\"\" class=\"wp-image-17317\" width=\"200\" height=\"160\" srcset=\"https:\/\/aveclinics.com\/vn\/wp-content\/uploads\/2019\/12\/7-2.jpg 200w, https:\/\/aveclinics.com\/vn\/wp-content\/uploads\/2019\/12\/7-2-70x56.jpg 70w\" sizes=\"(max-width: 200px) 100vw, 200px\" \/><figcaption>Large Celiac Aneurysm with endovascular repair (endograft)<\/figcaption><\/figure>\n\n\n\n<figure class=\"wp-block-image size-large is-resized\"><img loading=\"lazy\" src=\"http:\/\/aveclinics.com\/wp-content\/uploads\/2019\/12\/8-2.jpg\" alt=\"\" class=\"wp-image-17319\" width=\"200\" height=\"132\" srcset=\"https:\/\/aveclinics.com\/vn\/wp-content\/uploads\/2019\/12\/8-2.jpg 200w, https:\/\/aveclinics.com\/vn\/wp-content\/uploads\/2019\/12\/8-2-70x46.jpg 70w\" sizes=\"(max-width: 200px) 100vw, 200px\" \/><figcaption>Endovascular Aortic Aneurysm Repair (EVAR)<\/figcaption><\/figure>\n\n\n\n<figure class=\"wp-block-image size-large is-resized\"><img loading=\"lazy\" src=\"http:\/\/aveclinics.com\/wp-content\/uploads\/2019\/12\/condition7-135x1024.jpg\" alt=\"\" class=\"wp-image-17245\" width=\"135\" height=\"1024\"\/><figcaption>Severe Diabetic PAD with Tibial Occlusions<\/figcaption><\/figure>\n<\/div><\/div>\n","protected":false},"excerpt":{"rendered":"<p>M\u1ed5 n\u1ed9i m\u1ea1ch M\u1ed5 n\u1ed9i m\u1ea1ch, thay v\u00ec d\u00f9ng nh\u1eefng v\u1ebft m\u1ed5 l\u1edbn nh\u01b0 th\u01b0\u1eddng g\u1eb7p cho c\u00e1c ca m\u1ed5 t\u00e1i th\u00f4ng m\u1ea1ch m\u1edf, s\u1ebd d\u00f9ng nh\u1eefng \u0111\u01b0\u1eddng \u0111\u00e2m nh\u1ecf qua da v\u00e0o c\u00e1c \u0111\u1ed9ng m\u1ea1ch \u0111\u00f9i, \u0111\u1ed9ng m\u1ea1ch c\u00e1nh tay, hay t\u0129nh m\u1ea1ch hi\u1ec3n l\u1edbn. Ph\u1eabu thu\u1ea5t vi\u00ean d\u00f9ng c\u00e1c lo\u1ea1i \u1ed1ng v\u00e0 d\u00e2y [&hellip;]<\/p>\n","protected":false},"author":1,"featured_media":16926,"parent":0,"menu_order":0,"comment_status":"closed","ping_status":"closed","template":"","meta":[],"_links":{"self":[{"href":"https:\/\/aveclinics.com\/vn\/wp-json\/wp\/v2\/pages\/16849"}],"collection":[{"href":"https:\/\/aveclinics.com\/vn\/wp-json\/wp\/v2\/pages"}],"about":[{"href":"https:\/\/aveclinics.com\/vn\/wp-json\/wp\/v2\/types\/page"}],"author":[{"embeddable":true,"href":"https:\/\/aveclinics.com\/vn\/wp-json\/wp\/v2\/users\/1"}],"replies":[{"embeddable":true,"href":"https:\/\/aveclinics.com\/vn\/wp-json\/wp\/v2\/comments?post=16849"}],"version-history":[{"count":9,"href":"https:\/\/aveclinics.com\/vn\/wp-json\/wp\/v2\/pages\/16849\/revisions"}],"predecessor-version":[{"id":17647,"href":"https:\/\/aveclinics.com\/vn\/wp-json\/wp\/v2\/pages\/16849\/revisions\/17647"}],"wp:featuredmedia":[{"embeddable":true,"href":"https:\/\/aveclinics.com\/vn\/wp-json\/wp\/v2\/media\/16926"}],"wp:attachment":[{"href":"https:\/\/aveclinics.com\/vn\/wp-json\/wp\/v2\/media?parent=16849"}],"curies":[{"name":"wp","href":"https:\/\/api.w.org\/{rel}","templated":true}]}}