{"id":16848,"date":"2019-12-16T19:09:02","date_gmt":"2019-12-16T19:09:02","guid":{"rendered":"http:\/\/aveclinics.com\/new\/?page_id=16848"},"modified":"2020-01-15T13:40:31","modified_gmt":"2020-01-15T13:40:31","slug":"vascular-surgery","status":"publish","type":"page","link":"https:\/\/aveclinics.com\/vn\/vascular-surgery\/","title":{"rendered":"Vascular Surgery"},"content":{"rendered":"\n<div class=\"wp-block-columns desktop_container\">\n<div class=\"wp-block-column\" style=\"flex-basis:33.33%\">\n<figure class=\"wp-block-image size-large\"><img loading=\"lazy\" width=\"300\" height=\"375\" src=\"http:\/\/aveclinics.com\/new\/wp-content\/uploads\/2019\/12\/medical-4.jpg\" alt=\"\" class=\"wp-image-17308\" srcset=\"https:\/\/aveclinics.com\/vn\/wp-content\/uploads\/2019\/12\/medical-4.jpg 300w, https:\/\/aveclinics.com\/vn\/wp-content\/uploads\/2019\/12\/medical-4-240x300.jpg 240w, https:\/\/aveclinics.com\/vn\/wp-content\/uploads\/2019\/12\/medical-4-56x70.jpg 56w\" sizes=\"(max-width: 300px) 100vw, 300px\" \/><\/figure>\n<\/div>\n\n\n\n<div class=\"wp-block-column\" style=\"flex-basis:66.66%\">\n<h2 class=\"has-vivid-cyan-blue-color has-text-color\">Ph\u1eabu thu\u1eadt m\u1ea1ch m\u00e1u <\/h2>\n\n\n\n<p><\/p>\n\n\n\n<p>K\u1ef9 n\u0103ng m\u1ed5 m\u1edf c\u0169ng nh\u01b0 th\u1ef1c hi\u1ec7n c\u00e1c ph\u01b0\u01a1ng ph\u00e1p n\u1ed9i m\u1ea1ch l\u00e0 s\u1ef1 kh\u00e1c bi\u1ec7t ch\u00ednh gi\u1eefa m\u1ed9t ph\u1eabu thu\u1eadt vi\u00ean m\u1ea1ch m\u00e1u v\u00e0 c\u00e1c b\u00e1c s\u0129 chuy\u00ean khoa kh\u00e1c \u0111i\u1ec1u tr\u1ecb cho b\u1ec7nh nh\u00e2n b\u1ecb c\u00e1c b\u1ec7nh m\u1ea1ch m\u00e1u. Mu\u1ed1n m\u1ed5 n\u1ed9i m\u1ea1ch gi\u1ecfi, ph\u1eabu thu\u1eadt vi\u00ean ph\u1ea3i b\u1eaft \u0111\u1ea7u t\u1eed m\u1ed5 m\u1edf, b\u1edfi ph\u1eabu thu\u1eadt m\u1ea1ch m\u00e1u \u0111\u00f2i h\u1ecfi m\u1ed9t l\u01b0\u1ee3ng ki\u1ebfn th\u1ee9c kh\u1ed5ng l\u1ed3 v\u1ec1 y h\u1ecdc c\u01a1 b\u1ea3n c\u0169ng nh\u01b0 k\u1ef9 n\u0103ng ngo\u1ea1i khoa t\u1ed5ng qu\u00e1t v\u1eefng ch\u1eafc. H\u01a1n n\u1eefa, ph\u1eabu thu\u1eadt vi\u00ean m\u1ea1ch m\u00e1u c\u1ea7n c\u00f3 m\u1ed9t ki\u1ebfn th\u1ee9c chuy\u00ean s\u00e2u v\u1ec1 gi\u1ea3i ph\u1eabu h\u1ecdc v\u00e0 sinh l\u00fd h\u1ecdcc\u1ee7a h\u1ec7 \u0111\u1ed9ng m\u1ea1ch, h\u1ec7 t\u0129nh m\u1ea1ch v\u00e0 m\u1ea1ch b\u1ea1ch huy\u1ebft \u1edf trong c\u01a1 th\u1ec3, c\u0169ng nh\u01b0 c\u00e1c b\u1ec7nh l\u00fd li\u00ean quan. Can thi\u1ec7p n\u1ed9i m\u1ea1ch c\u0169ng \u0111\u00f2i h\u1ecfi c\u1ea3 ki\u1ebfn th\u1ee9c khoa h\u1ecdc l\u1eabnk\u1ef9 n\u0103ng chuy\u00ean m\u00f4n.M\u1ed5 m\u1ea1ch m\u00e1u m\u1edf c\u0169ng c\u00f3 th\u1ec3 coi l\u00e0 \u0111i\u1ec3m \u0111\u1ebfn cu\u1ed1i c\u00f9ng khi m\u00e0 c\u00e1c ph\u01b0\u01a1ng ph\u00e1p can thi\u1ec7p n\u1ed9i m\u1ea1ch kh\u00f4ng c\u00f2n t\u00e1c d\u1ee5ng. Cho n\u00ean m\u1ed5 m\u1edf th\u01b0\u1eddng l\u00e0 l\u1ef1a ch\u1ecdn cu\u1ed1i c\u00f9ng, v\u00e0 duy nh\u1ea5t, cho nh\u1eefng b\u1ec7nh m\u1ea1ch m\u00e1u ph\u1ee9c t\u1ea1p, kh\u00f4ng th\u00edch h\u1ee3p cho can thi\u1ec7p n\u1ed9i m\u1ea1ch, ho\u1eb7c \u0111\u1ec3 gi\u1ea3i quy\u1ebft nh\u1eefng bi\u1ebfn ch\u1ee9ng c\u1ee7a m\u1ed5 n\u1ed9i m\u1ea1ch. <\/p>\n<\/div>\n<\/div>\n\n\n\n<div class=\"wp-block-group mobile_container\"><div class=\"wp-block-group__inner-container\">\n<h2 class=\"has-vivid-cyan-blue-color has-text-color\">Ph\u1eabu thu\u1eadt m\u1ea1ch m\u00e1u <\/h2>\n\n\n\n<p>K\u1ef9 n\u0103ng m\u1ed5 m\u1edf c\u0169ng nh\u01b0 th\u1ef1c hi\u1ec7n c\u00e1c ph\u01b0\u01a1ng ph\u00e1p n\u1ed9i m\u1ea1ch l\u00e0 s\u1ef1 kh\u00e1c bi\u1ec7t ch\u00ednh gi\u1eefa m\u1ed9t ph\u1eabu thu\u1eadt vi\u00ean m\u1ea1ch m\u00e1u v\u00e0 c\u00e1c b\u00e1c s\u0129 chuy\u00ean khoa kh\u00e1c \u0111i\u1ec1u tr\u1ecb cho b\u1ec7nh nh\u00e2n b\u1ecb c\u00e1c b\u1ec7nh m\u1ea1ch m\u00e1u. Mu\u1ed1n m\u1ed5 n\u1ed9i m\u1ea1ch gi\u1ecfi, ph\u1eabu thu\u1eadt vi\u00ean ph\u1ea3i b\u1eaft \u0111\u1ea7u t\u1eed m\u1ed5 m\u1edf, b\u1edfi ph\u1eabu thu\u1eadt m\u1ea1ch m\u00e1u \u0111\u00f2i h\u1ecfi m\u1ed9t l\u01b0\u1ee3ng ki\u1ebfn th\u1ee9c kh\u1ed5ng l\u1ed3 v\u1ec1 y h\u1ecdc c\u01a1 b\u1ea3n c\u0169ng nh\u01b0 k\u1ef9 n\u0103ng ngo\u1ea1i khoa t\u1ed5ng qu\u00e1t v\u1eefng ch\u1eafc. H\u01a1n n\u1eefa, ph\u1eabu thu\u1eadt vi\u00ean m\u1ea1ch m\u00e1u c\u1ea7n c\u00f3 m\u1ed9t ki\u1ebfn th\u1ee9c chuy\u00ean s\u00e2u v\u1ec1 gi\u1ea3i ph\u1eabu h\u1ecdc v\u00e0 sinh l\u00fd h\u1ecdcc\u1ee7a h\u1ec7 \u0111\u1ed9ng m\u1ea1ch, h\u1ec7 t\u0129nh m\u1ea1ch v\u00e0 m\u1ea1ch b\u1ea1ch huy\u1ebft \u1edf trong c\u01a1 th\u1ec3, c\u0169ng nh\u01b0 c\u00e1c b\u1ec7nh l\u00fd li\u00ean quan. Can thi\u1ec7p n\u1ed9i m\u1ea1ch c\u0169ng \u0111\u00f2i h\u1ecfi c\u1ea3 ki\u1ebfn th\u1ee9c khoa h\u1ecdc l\u1eabnk\u1ef9 n\u0103ng chuy\u00ean m\u00f4n.M\u1ed5 m\u1ea1ch m\u00e1u m\u1edf c\u0169ng c\u00f3 th\u1ec3 coi l\u00e0 \u0111i\u1ec3m \u0111\u1ebfn cu\u1ed1i c\u00f9ng khi m\u00e0 c\u00e1c ph\u01b0\u01a1ng ph\u00e1p can thi\u1ec7p n\u1ed9i m\u1ea1ch kh\u00f4ng c\u00f2n t\u00e1c d\u1ee5ng. Cho n\u00ean m\u1ed5 m\u1edf th\u01b0\u1eddng l\u00e0 l\u1ef1a ch\u1ecdn cu\u1ed1i c\u00f9ng, v\u00e0 duy nh\u1ea5t, cho nh\u1eefng b\u1ec7nh m\u1ea1ch m\u00e1u ph\u1ee9c t\u1ea1p, kh\u00f4ng th\u00edch h\u1ee3p cho can thi\u1ec7p n\u1ed9i m\u1ea1ch, ho\u1eb7c \u0111\u1ec3 gi\u1ea3i quy\u1ebft nh\u1eefng bi\u1ebfn ch\u1ee9ng c\u1ee7a m\u1ed5 n\u1ed9i m\u1ea1ch. <\/p>\n\n\n\n<figure class=\"wp-block-image size-large is-resized\"><img loading=\"lazy\" src=\"http:\/\/aveclinics.com\/wp-content\/uploads\/2019\/12\/medical-4.jpg\" alt=\"\" class=\"wp-image-17308\" width=\"300\" height=\"375\" srcset=\"https:\/\/aveclinics.com\/vn\/wp-content\/uploads\/2019\/12\/medical-4.jpg 300w, https:\/\/aveclinics.com\/vn\/wp-content\/uploads\/2019\/12\/medical-4-240x300.jpg 240w, https:\/\/aveclinics.com\/vn\/wp-content\/uploads\/2019\/12\/medical-4-56x70.jpg 56w\" sizes=\"(max-width: 300px) 100vw, 300px\" \/><\/figure>\n<\/div><\/div>\n","protected":false},"excerpt":{"rendered":"<p>Ph\u1eabu thu\u1eadt m\u1ea1ch m\u00e1u K\u1ef9 n\u0103ng m\u1ed5 m\u1edf c\u0169ng nh\u01b0 th\u1ef1c hi\u1ec7n c\u00e1c ph\u01b0\u01a1ng ph\u00e1p n\u1ed9i m\u1ea1ch l\u00e0 s\u1ef1 kh\u00e1c bi\u1ec7t ch\u00ednh gi\u1eefa m\u1ed9t ph\u1eabu thu\u1eadt vi\u00ean m\u1ea1ch m\u00e1u v\u00e0 c\u00e1c b\u00e1c s\u0129 chuy\u00ean khoa kh\u00e1c \u0111i\u1ec1u tr\u1ecb cho b\u1ec7nh nh\u00e2n b\u1ecb c\u00e1c b\u1ec7nh m\u1ea1ch m\u00e1u. Mu\u1ed1n m\u1ed5 n\u1ed9i m\u1ea1ch gi\u1ecfi, ph\u1eabu thu\u1eadt vi\u00ean ph\u1ea3i [&hellip;]<\/p>\n","protected":false},"author":1,"featured_media":16926,"parent":0,"menu_order":0,"comment_status":"closed","ping_status":"closed","template":"","meta":[],"_links":{"self":[{"href":"https:\/\/aveclinics.com\/vn\/wp-json\/wp\/v2\/pages\/16848"}],"collection":[{"href":"https:\/\/aveclinics.com\/vn\/wp-json\/wp\/v2\/pages"}],"about":[{"href":"https:\/\/aveclinics.com\/vn\/wp-json\/wp\/v2\/types\/page"}],"author":[{"embeddable":true,"href":"https:\/\/aveclinics.com\/vn\/wp-json\/wp\/v2\/users\/1"}],"replies":[{"embeddable":true,"href":"https:\/\/aveclinics.com\/vn\/wp-json\/wp\/v2\/comments?post=16848"}],"version-history":[{"count":9,"href":"https:\/\/aveclinics.com\/vn\/wp-json\/wp\/v2\/pages\/16848\/revisions"}],"predecessor-version":[{"id":17646,"href":"https:\/\/aveclinics.com\/vn\/wp-json\/wp\/v2\/pages\/16848\/revisions\/17646"}],"wp:featuredmedia":[{"embeddable":true,"href":"https:\/\/aveclinics.com\/vn\/wp-json\/wp\/v2\/media\/16926"}],"wp:attachment":[{"href":"https:\/\/aveclinics.com\/vn\/wp-json\/wp\/v2\/media?parent=16848"}],"curies":[{"name":"wp","href":"https:\/\/api.w.org\/{rel}","templated":true}]}}