{"id":16846,"date":"2019-12-16T19:08:45","date_gmt":"2019-12-16T19:08:45","guid":{"rendered":"http:\/\/aveclinics.com\/new\/?page_id=16846"},"modified":"2020-01-22T11:26:27","modified_gmt":"2020-01-22T11:26:27","slug":"vascular-treatments","status":"publish","type":"page","link":"https:\/\/aveclinics.com\/vn\/vascular-treatments\/","title":{"rendered":"Vascular Treatments"},"content":{"rendered":"\n<div class=\"wp-block-columns desktop_container\">\n<div class=\"wp-block-column\" style=\"flex-basis:33.33%\">\n<figure class=\"wp-block-image size-large\"><img loading=\"lazy\" width=\"300\" height=\"225\" src=\"http:\/\/aveclinics.com\/new\/wp-content\/uploads\/2019\/12\/treatment1.jpg\" alt=\"\" class=\"wp-image-17273\" srcset=\"https:\/\/aveclinics.com\/vn\/wp-content\/uploads\/2019\/12\/treatment1.jpg 300w, https:\/\/aveclinics.com\/vn\/wp-content\/uploads\/2019\/12\/treatment1-70x53.jpg 70w\" sizes=\"(max-width: 300px) 100vw, 300px\" \/><\/figure>\n\n\n\n<figure class=\"wp-block-image size-large\"><img loading=\"lazy\" width=\"300\" height=\"375\" src=\"http:\/\/aveclinics.com\/new\/wp-content\/uploads\/2019\/12\/treatment2.jpg\" alt=\"\" class=\"wp-image-17275\" srcset=\"https:\/\/aveclinics.com\/vn\/wp-content\/uploads\/2019\/12\/treatment2.jpg 300w, https:\/\/aveclinics.com\/vn\/wp-content\/uploads\/2019\/12\/treatment2-240x300.jpg 240w, https:\/\/aveclinics.com\/vn\/wp-content\/uploads\/2019\/12\/treatment2-56x70.jpg 56w\" sizes=\"(max-width: 300px) 100vw, 300px\" \/><\/figure>\n\n\n\n<figure class=\"wp-block-image size-large\"><img loading=\"lazy\" width=\"300\" height=\"240\" src=\"http:\/\/aveclinics.com\/new\/wp-content\/uploads\/2019\/12\/treatment3.jpg\" alt=\"\" class=\"wp-image-17274\" srcset=\"https:\/\/aveclinics.com\/vn\/wp-content\/uploads\/2019\/12\/treatment3.jpg 300w, https:\/\/aveclinics.com\/vn\/wp-content\/uploads\/2019\/12\/treatment3-70x56.jpg 70w\" sizes=\"(max-width: 300px) 100vw, 300px\" \/><\/figure>\n<\/div>\n\n\n\n<div class=\"wp-block-column\" style=\"flex-basis:66.66%\">\n<h2 class=\"has-vivid-cyan-blue-color has-text-color\">C\u00e1c ph\u01b0\u01a1ng ph\u00e1p \u0111i\u1ec1u tr\u1ecb m\u1ea1ch m\u00e1u <\/h2>\n\n\n\n<div style=\"height:20px\" aria-hidden=\"true\" class=\"wp-block-spacer\"><\/div>\n\n\n\n<p>H\u1ea7u h\u1ebft c\u00e1c b\u1ec7nh v\u1ec1 m\u1ea1ch m\u00e1u \u0111\u1ec1u c\u00f3 th\u1ec3 \u0111i\u1ec1u tr\u1ecb \u0111\u01b0\u1ee3c n\u1ebfu b\u1ea1n \u0111\u01b0\u1ee3c ch\u1ea9n \u0111o\u00e1n s\u1edbm. Ph\u1eabu thu\u1eadt m\u1ea1ch m\u00e1u c\u0169ng nh\u01b0 c\u00e1c ph\u01b0\u01a1ng ph\u00e1p \u0111i\u1ec1u tr\u1ecb kh\u00e1c lu\u00f4n \u0111\u01b0\u1ee3c c\u1eadp nh\u1eadt; v\u00e0 \u0111\u00f4i khi b\u1ec7nh c\u00f3 th\u1ec3 tr\u1ecb \u0111\u01b0\u1ee3c m\u00e0 kh\u00f4ng c\u1ea7n \u0111\u1ebfn ph\u1eabu thu\u1eadt. Th\u00ed d\u1ee5, b\u1ec7nh h\u1eb9p \u0111\u1ed9ng m\u1ea1ch ngo\u1ea1i bi\u00ean giai \u0111o\u1ea1n \u0111\u1ea7u c\u00f3 th\u1ec3 \u0111\u01b0\u1ee3c \u0111i\u1ec1u tr\u1ecb m\u1ed9t c\u00e1ch hi\u1ec7u qu\u1ea3 b\u1eb1ng c\u00e1ch \u0111i b\u1ed9 nhi\u1ec1u h\u01a1n. M\u1ed9t s\u1ed1 k\u1ef9 thu\u1eadt \u0111i\u1ec1u tr\u1ecb m\u1ea1ch m\u00e1u g\u1ed3m: <\/p>\n\n\n\n<ul><li>Ph\u1eabu Thu\u1eadt \u0110o\u1ea1n Chi <\/li><li>C\u1eaft b\u1ecf n\u1ed9i m\u1ea1ch \u0111\u1ed9ng m\u1ea1ch c\u1ea3nh <\/li><li>Lo\u1ea1i b\u1ecf ngh\u1ebdn m\u1ea1ch b\u1eb1ng ph\u01b0\u01a1ng ph\u00e1p n\u1ed9i m\u1ea1ch <\/li><li>Ch\u0103m s\u00f3c b\u00e0n ch\u00e2n cho b\u1ec7nh nh\u00e2n ti\u1ec3u \u0111\u01b0\u1eddng <\/li><li>\u0110\u1eb7t \u1ed1ng n\u1ed1i \u0111\u1ec3 ch\u1ea1y th\u1eadn <\/li><li>\u0110\u1eb7t endograft b\u1ec7nh ph\u00ecnh \u0111\u1ed9ng m\u1ea1ch ch\u1ee7 <\/li><li>Tr\u1ecb n\u1ed9i m\u1ea1ch b\u1ec7nh l\u00f3c t\u00e1ch \u0111\u1ed9ng m\u1ea1ch ch\u1ee7 <\/li><li>M\u1ed5 m\u1edf s\u1eeda ph\u00ecnh \u0111\u1ed9ng m\u1ea1ch <\/li><li>M\u1ed5 m\u1edf b\u1ec7nh l\u00f3c t\u00e1ch \u0111\u1ed9ng m\u1ea1ch ch\u1ee7 <\/li><li>\u0110\u1eb7t \u0111\u01b0\u1eddng truy\u1ec1n t\u0129nh m\u1ea1ch trung t\u00e2m <\/li><li>S\u1eeda ph\u00ecnh \u0111\u1ed9ng m\u1ea1ch ch\u1ee7 ng\u1ef1c <\/li><li>Ph\u1eabu thu\u1eadt c\u1ea7u n\u1ed1i chi d\u01b0\u1edbi <\/li><li>Ph\u1eabu thu\u1eadt c\u1ea7u n\u1ed1i \u0111\u1ed9ng m\u1ea1ch ch\u1ee7 b\u1ee5ng ch\u1eadu <\/li><li>S\u1eeda \u0111\u1ed9ng m\u1ea1ch ch\u1ee7 ng\u1ef1c n\u1ed9i m\u1ea1ch <\/li><li>Lo\u1ea1i b\u1ecf ngh\u1ebdn m\u1ea1ch <\/li><li>\u0110\u1eb7t stent d\u1ed9ng m\u1ea1ch c\u1ea3nh ho\u1eb7c t\u00e1i l\u01b0u th\u00f4ng d\u00f2ng ch\u1ea3y <\/li><li>M\u1ed5 n\u1ed1i \u0110\u1ed9ng M\u1ea1ch T\u0129nh M\u1ea1ch cho ch\u1ea1y th\u1eadn nh\u00e2n t\u1ea1o  <\/li><li>C\u00e1c th\u1ee7 thu\u1eadt v\u1ec1 t\u0129nh m\u1ea1ch &#8211; Xo\u00e1 m\u1ea1ch m\u1ea1ng nh\u1ec7n\/ch\u00edch x\u01a1 t\u0129nh m\u1ea1ch <\/li><li>C\u00e1c ph\u1eabu thu\u1eadt v\u1ec1 t\u0129nh m\u1ea1ch &#8211; xo\u00e1\/l\u1ed9t b\u00fai t\u0129nh m\u1ea1ch\/\u0111\u1eb7t stent t\u0129nh m\u1ea1ch s\u00e2u <\/li><\/ul>\n\n\n\n<p><\/p>\n\n\n\n<h3>T\u00f4i c\u00f3 th\u1ec3 ph\u1eabu thu\u1eadt \u1edf b\u1ec7nh vi\u1ec7n n\u00e0o?<\/h3>\n\n\n\n<ul><li>Mount Elizabeth Novena Hospital, 38 Irrawaddy Rd., S329563<\/li><li>Mount Elizabeth Hospital, 3 Mount Elizabeth, S228510<\/li><li>Gleneagles Hospital, 6A Napier Rd., S258500<\/li><li>Farrer Park Hospital, 1, #02-01 Farrer Park Station Rd., Connexion, S217562<\/li><li>Mount Alvernia Hospital, 820 Thomson Rd., S574623<\/li><\/ul>\n\n\n\n<div class=\"wp-block-columns\">\n<div class=\"wp-block-column\">\n<div class=\"wp-block-columns\">\n<div class=\"wp-block-column\"><\/div>\n\n\n\n<div class=\"wp-block-column\"><\/div>\n<\/div>\n<\/div>\n\n\n\n<div class=\"wp-block-column\">\n<div class=\"wp-block-columns\">\n<div class=\"wp-block-column\"><\/div>\n\n\n\n<div class=\"wp-block-column\"><\/div>\n<\/div>\n<\/div>\n<\/div>\n\n\n\n<div class=\"wp-block-columns\">\n<div class=\"wp-block-column\">\n<div class=\"wp-block-columns\">\n<div class=\"wp-block-column\">\n<figure class=\"wp-block-image size-large\"><img loading=\"lazy\" width=\"200\" height=\"180\" src=\"http:\/\/aveclinics.com\/new\/wp-content\/uploads\/2019\/12\/1-1.jpg\" alt=\"\" class=\"wp-image-17287\" srcset=\"https:\/\/aveclinics.com\/vn\/wp-content\/uploads\/2019\/12\/1-1.jpg 200w, https:\/\/aveclinics.com\/vn\/wp-content\/uploads\/2019\/12\/1-1-70x63.jpg 70w\" sizes=\"(max-width: 200px) 100vw, 200px\" \/><\/figure>\n<\/div>\n\n\n\n<div class=\"wp-block-column\">\n<figure class=\"wp-block-image size-large\"><img loading=\"lazy\" width=\"200\" height=\"180\" src=\"http:\/\/aveclinics.com\/new\/wp-content\/uploads\/2019\/12\/2-1.jpg\" alt=\"\" class=\"wp-image-17288\" srcset=\"https:\/\/aveclinics.com\/vn\/wp-content\/uploads\/2019\/12\/2-1.jpg 200w, https:\/\/aveclinics.com\/vn\/wp-content\/uploads\/2019\/12\/2-1-70x63.jpg 70w\" sizes=\"(max-width: 200px) 100vw, 200px\" \/><\/figure>\n<\/div>\n<\/div>\n<\/div>\n\n\n\n<div class=\"wp-block-column\">\n<div class=\"wp-block-columns\">\n<div class=\"wp-block-column\">\n<figure class=\"wp-block-image size-large\"><img loading=\"lazy\" width=\"200\" height=\"180\" src=\"http:\/\/aveclinics.com\/new\/wp-content\/uploads\/2019\/12\/3-2.jpg\" alt=\"\" class=\"wp-image-17296\" srcset=\"https:\/\/aveclinics.com\/vn\/wp-content\/uploads\/2019\/12\/3-2.jpg 200w, https:\/\/aveclinics.com\/vn\/wp-content\/uploads\/2019\/12\/3-2-70x63.jpg 70w\" sizes=\"(max-width: 200px) 100vw, 200px\" \/><\/figure>\n<\/div>\n\n\n\n<div class=\"wp-block-column\">\n<figure class=\"wp-block-image size-large\"><img loading=\"lazy\" width=\"200\" height=\"180\" src=\"http:\/\/aveclinics.com\/new\/wp-content\/uploads\/2019\/12\/4-1.jpg\" alt=\"\" class=\"wp-image-17290\" srcset=\"https:\/\/aveclinics.com\/vn\/wp-content\/uploads\/2019\/12\/4-1.jpg 200w, https:\/\/aveclinics.com\/vn\/wp-content\/uploads\/2019\/12\/4-1-70x63.jpg 70w\" sizes=\"(max-width: 200px) 100vw, 200px\" \/><\/figure>\n<\/div>\n<\/div>\n<\/div>\n<\/div>\n<\/div>\n<\/div>\n\n\n\n<div class=\"wp-block-group mobile_container\"><div class=\"wp-block-group__inner-container\">\n<h2 class=\"has-vivid-cyan-blue-color has-text-color\">C\u00e1c ph\u01b0\u01a1ng ph\u00e1p \u0111i\u1ec1u tr\u1ecb m\u1ea1ch m\u00e1u <\/h2>\n\n\n\n<p>H\u1ea7u h\u1ebft c\u00e1c b\u1ec7nh v\u1ec1 m\u1ea1ch m\u00e1u \u0111\u1ec1u c\u00f3 th\u1ec3 \u0111i\u1ec1u tr\u1ecb \u0111\u01b0\u1ee3c n\u1ebfu b\u1ea1n \u0111\u01b0\u1ee3c ch\u1ea9n \u0111o\u00e1n s\u1edbm. Ph\u1eabu thu\u1eadt m\u1ea1ch m\u00e1u c\u0169ng nh\u01b0 c\u00e1c ph\u01b0\u01a1ng ph\u00e1p \u0111i\u1ec1u tr\u1ecb kh\u00e1c lu\u00f4n \u0111\u01b0\u1ee3c c\u1eadp nh\u1eadt; v\u00e0 \u0111\u00f4i khi b\u1ec7nh c\u00f3 th\u1ec3 tr\u1ecb \u0111\u01b0\u1ee3c m\u00e0 kh\u00f4ng c\u1ea7n \u0111\u1ebfn ph\u1eabu thu\u1eadt. Th\u00ed d\u1ee5, b\u1ec7nh h\u1eb9p \u0111\u1ed9ng m\u1ea1ch ngo\u1ea1i bi\u00ean giai \u0111o\u1ea1n \u0111\u1ea7u c\u00f3 th\u1ec3 \u0111\u01b0\u1ee3c \u0111i\u1ec1u tr\u1ecb m\u1ed9t c\u00e1ch hi\u1ec7u qu\u1ea3 b\u1eb1ng c\u00e1ch \u0111i b\u1ed9 nhi\u1ec1u h\u01a1n. M\u1ed9t s\u1ed1 k\u1ef9 thu\u1eadt \u0111i\u1ec1u tr\u1ecb m\u1ea1ch m\u00e1u g\u1ed3m: <\/p>\n\n\n\n<ul><li>Ph\u1eabu Thu\u1eadt \u0110o\u1ea1n Chi <\/li><li>C\u1eaft b\u1ecf n\u1ed9i m\u1ea1ch \u0111\u1ed9ng m\u1ea1ch c\u1ea3nh <\/li><li>Lo\u1ea1i b\u1ecf ngh\u1ebdn m\u1ea1ch b\u1eb1ng ph\u01b0\u01a1ng ph\u00e1p n\u1ed9i m\u1ea1ch <\/li><li>Ch\u0103m s\u00f3c b\u00e0n ch\u00e2n cho b\u1ec7nh nh\u00e2n ti\u1ec3u \u0111\u01b0\u1eddng <\/li><li>\u0110\u1eb7t \u1ed1ng n\u1ed1i \u0111\u1ec3 ch\u1ea1y th\u1eadn <\/li><li>\u0110\u1eb7t endograft b\u1ec7nh ph\u00ecnh \u0111\u1ed9ng m\u1ea1ch ch\u1ee7 <\/li><li>Tr\u1ecb n\u1ed9i m\u1ea1ch b\u1ec7nh l\u00f3c t\u00e1ch \u0111\u1ed9ng m\u1ea1ch ch\u1ee7 <\/li><li>M\u1ed5 m\u1edf s\u1eeda ph\u00ecnh \u0111\u1ed9ng m\u1ea1ch <\/li><li>M\u1ed5 m\u1edf b\u1ec7nh l\u00f3c t\u00e1ch \u0111\u1ed9ng m\u1ea1ch ch\u1ee7 <\/li><li>\u0110\u1eb7t \u0111\u01b0\u1eddng truy\u1ec1n t\u0129nh m\u1ea1ch trung t\u00e2m  <\/li><li> S\u1eeda ph\u00ecnh \u0111\u1ed9ng m\u1ea1ch ch\u1ee7 ng\u1ef1c <\/li><li>Ph\u1eabu thu\u1eadt c\u1ea7u n\u1ed1i chi d\u01b0\u1edbi <\/li><li>Ph\u1eabu thu\u1eadt c\u1ea7u n\u1ed1i \u0111\u1ed9ng m\u1ea1ch ch\u1ee7 b\u1ee5ng ch\u1eadu <\/li><li>S\u1eeda \u0111\u1ed9ng m\u1ea1ch ch\u1ee7 ng\u1ef1c n\u1ed9i m\u1ea1ch <\/li><li>Lo\u1ea1i b\u1ecf ngh\u1ebdn m\u1ea1ch <\/li><li>\u0110\u1eb7t stent d\u1ed9ng m\u1ea1ch c\u1ea3nh ho\u1eb7c t\u00e1i l\u01b0u th\u00f4ng d\u00f2ng ch\u1ea3y <\/li><li>M\u1ed5 n\u1ed1i \u0110\u1ed9ng M\u1ea1ch T\u0129nh M\u1ea1ch cho ch\u1ea1y th\u1eadn nh\u00e2n t\u1ea1o  <\/li><li>C\u00e1c th\u1ee7 thu\u1eadt v\u1ec1 t\u0129nh m\u1ea1ch &#8211; Xo\u00e1 m\u1ea1ch m\u1ea1ng nh\u1ec7n\/ch\u00edch x\u01a1 t\u0129nh m\u1ea1ch <\/li><li>C\u00e1c ph\u1eabu thu\u1eadt v\u1ec1 t\u0129nh m\u1ea1ch &#8211; xo\u00e1\/l\u1ed9t b\u00fai t\u0129nh m\u1ea1ch\/\u0111\u1eb7t stent t\u0129nh m\u1ea1ch s\u00e2u  <\/li><\/ul>\n\n\n\n<div style=\"height:63px\" aria-hidden=\"true\" class=\"wp-block-spacer\"><\/div>\n\n\n\n<figure class=\"wp-block-image size-large is-resized\"><img loading=\"lazy\" src=\"http:\/\/aveclinics.com\/wp-content\/uploads\/2019\/12\/treatment1.jpg\" alt=\"\" class=\"wp-image-17273\" width=\"300\" height=\"225\" srcset=\"https:\/\/aveclinics.com\/vn\/wp-content\/uploads\/2019\/12\/treatment1.jpg 300w, https:\/\/aveclinics.com\/vn\/wp-content\/uploads\/2019\/12\/treatment1-70x53.jpg 70w\" sizes=\"(max-width: 300px) 100vw, 300px\" \/><figcaption>Open Vascular Surgery<\/figcaption><\/figure>\n\n\n\n<figure class=\"wp-block-image size-large is-resized\"><img loading=\"lazy\" src=\"http:\/\/aveclinics.com\/wp-content\/uploads\/2019\/12\/treatment2.jpg\" alt=\"\" class=\"wp-image-17275\" width=\"300\" height=\"375\" srcset=\"https:\/\/aveclinics.com\/vn\/wp-content\/uploads\/2019\/12\/treatment2.jpg 300w, https:\/\/aveclinics.com\/vn\/wp-content\/uploads\/2019\/12\/treatment2-240x300.jpg 240w, https:\/\/aveclinics.com\/vn\/wp-content\/uploads\/2019\/12\/treatment2-56x70.jpg 56w\" sizes=\"(max-width: 300px) 100vw, 300px\" \/><\/figure>\n\n\n\n<figure class=\"wp-block-image size-large\"><img loading=\"lazy\" width=\"300\" height=\"240\" src=\"http:\/\/aveclinics.com\/wp-content\/uploads\/2019\/12\/treatment3.jpg\" alt=\"\" class=\"wp-image-17274\" srcset=\"https:\/\/aveclinics.com\/vn\/wp-content\/uploads\/2019\/12\/treatment3.jpg 300w, https:\/\/aveclinics.com\/vn\/wp-content\/uploads\/2019\/12\/treatment3-70x56.jpg 70w\" sizes=\"(max-width: 300px) 100vw, 300px\" \/><figcaption>Endovascular Surgery<\/figcaption><\/figure>\n\n\n\n<figure class=\"wp-block-image size-large is-resized\"><img loading=\"lazy\" src=\"http:\/\/aveclinics.com\/wp-content\/uploads\/2019\/12\/1-1.jpg\" alt=\"\" class=\"wp-image-17287\" width=\"200\" height=\"180\" srcset=\"https:\/\/aveclinics.com\/vn\/wp-content\/uploads\/2019\/12\/1-1.jpg 200w, https:\/\/aveclinics.com\/vn\/wp-content\/uploads\/2019\/12\/1-1-70x63.jpg 70w\" sizes=\"(max-width: 200px) 100vw, 200px\" \/><figcaption>Left Subclavian Vein (LSCV) stenosis (narrowing)<\/figcaption><\/figure>\n\n\n\n<figure class=\"wp-block-image size-large\"><img loading=\"lazy\" width=\"200\" height=\"180\" src=\"http:\/\/aveclinics.com\/wp-content\/uploads\/2019\/12\/2-1.jpg\" alt=\"\" class=\"wp-image-17288\" srcset=\"https:\/\/aveclinics.com\/vn\/wp-content\/uploads\/2019\/12\/2-1.jpg 200w, https:\/\/aveclinics.com\/vn\/wp-content\/uploads\/2019\/12\/2-1-70x63.jpg 70w\" sizes=\"(max-width: 200px) 100vw, 200px\" \/><figcaption>LSCV stenosis balloon venoplasty<\/figcaption><\/figure>\n\n\n\n<figure class=\"wp-block-image size-large\"><img loading=\"lazy\" width=\"200\" height=\"180\" src=\"http:\/\/aveclinics.com\/wp-content\/uploads\/2019\/12\/3-2.jpg\" alt=\"\" class=\"wp-image-17296\" srcset=\"https:\/\/aveclinics.com\/vn\/wp-content\/uploads\/2019\/12\/3-2.jpg 200w, https:\/\/aveclinics.com\/vn\/wp-content\/uploads\/2019\/12\/3-2-70x63.jpg 70w\" sizes=\"(max-width: 200px) 100vw, 200px\" \/><figcaption>LSCV balloon venoplasty full effacement<\/figcaption><\/figure>\n\n\n\n<figure class=\"wp-block-image size-large\"><img loading=\"lazy\" width=\"200\" height=\"180\" src=\"http:\/\/aveclinics.com\/wp-content\/uploads\/2019\/12\/4-1.jpg\" alt=\"\" class=\"wp-image-17290\" srcset=\"https:\/\/aveclinics.com\/vn\/wp-content\/uploads\/2019\/12\/4-1.jpg 200w, https:\/\/aveclinics.com\/vn\/wp-content\/uploads\/2019\/12\/4-1-70x63.jpg 70w\" sizes=\"(max-width: 200px) 100vw, 200px\" \/><figcaption>LSCV stenosis successfully treated<\/figcaption><\/figure>\n\n\n\n<div style=\"height:55px\" aria-hidden=\"true\" class=\"wp-block-spacer\"><\/div>\n\n\n\n<h3>T\u00f4i c\u00f3 th\u1ec3 ph\u1eabu thu\u1eadt \u1edf b\u1ec7nh vi\u1ec7n n\u00e0o?<\/h3>\n\n\n\n<ul><li>Mount Elizabeth Novena\n     Hospital, 38 Irrawaddy Rd., S329563<\/li><li>Mount Elizabeth Hospital, 3\n     Mount Elizabeth, S228510<\/li><li>Gleneagles Hospital, 6A Napier\n     Rd., S258500<\/li><li>Farrer Park Hospital, 1, #02-01\n     Farrer Park Station Rd., Connexion, S217562<\/li><li>Mount Alvernia Hospital, 820\n     Thomson Rd., S574623<\/li><\/ul>\n\n\n\n<div style=\"height:100px\" aria-hidden=\"true\" class=\"wp-block-spacer\"><\/div>\n<\/div><\/div>\n","protected":false},"excerpt":{"rendered":"<p>C\u00e1c ph\u01b0\u01a1ng ph\u00e1p \u0111i\u1ec1u tr\u1ecb m\u1ea1ch m\u00e1u H\u1ea7u h\u1ebft c\u00e1c b\u1ec7nh v\u1ec1 m\u1ea1ch m\u00e1u \u0111\u1ec1u c\u00f3 th\u1ec3 \u0111i\u1ec1u tr\u1ecb \u0111\u01b0\u1ee3c n\u1ebfu b\u1ea1n \u0111\u01b0\u1ee3c ch\u1ea9n \u0111o\u00e1n s\u1edbm. Ph\u1eabu thu\u1eadt m\u1ea1ch m\u00e1u c\u0169ng nh\u01b0 c\u00e1c ph\u01b0\u01a1ng ph\u00e1p \u0111i\u1ec1u tr\u1ecb kh\u00e1c lu\u00f4n \u0111\u01b0\u1ee3c c\u1eadp nh\u1eadt; v\u00e0 \u0111\u00f4i khi b\u1ec7nh c\u00f3 th\u1ec3 tr\u1ecb \u0111\u01b0\u1ee3c m\u00e0 kh\u00f4ng c\u1ea7n \u0111\u1ebfn ph\u1eabu [&hellip;]<\/p>\n","protected":false},"author":1,"featured_media":17255,"parent":0,"menu_order":0,"comment_status":"closed","ping_status":"closed","template":"","meta":[],"_links":{"self":[{"href":"https:\/\/aveclinics.com\/vn\/wp-json\/wp\/v2\/pages\/16846"}],"collection":[{"href":"https:\/\/aveclinics.com\/vn\/wp-json\/wp\/v2\/pages"}],"about":[{"href":"https:\/\/aveclinics.com\/vn\/wp-json\/wp\/v2\/types\/page"}],"author":[{"embeddable":true,"href":"https:\/\/aveclinics.com\/vn\/wp-json\/wp\/v2\/users\/1"}],"replies":[{"embeddable":true,"href":"https:\/\/aveclinics.com\/vn\/wp-json\/wp\/v2\/comments?post=16846"}],"version-history":[{"count":13,"href":"https:\/\/aveclinics.com\/vn\/wp-json\/wp\/v2\/pages\/16846\/revisions"}],"predecessor-version":[{"id":17680,"href":"https:\/\/aveclinics.com\/vn\/wp-json\/wp\/v2\/pages\/16846\/revisions\/17680"}],"wp:featuredmedia":[{"embeddable":true,"href":"https:\/\/aveclinics.com\/vn\/wp-json\/wp\/v2\/media\/17255"}],"wp:attachment":[{"href":"https:\/\/aveclinics.com\/vn\/wp-json\/wp\/v2\/media?parent=16846"}],"curies":[{"name":"wp","href":"https:\/\/api.w.org\/{rel}","templated":true}]}}