{"id":16845,"date":"2019-12-16T19:07:42","date_gmt":"2019-12-16T19:07:42","guid":{"rendered":"http:\/\/aveclinics.com\/new\/?page_id=16845"},"modified":"2020-01-15T13:33:01","modified_gmt":"2020-01-15T13:33:01","slug":"vascular-tests","status":"publish","type":"page","link":"https:\/\/aveclinics.com\/vn\/vascular-tests\/","title":{"rendered":"Vascular Tests"},"content":{"rendered":"\n<div class=\"wp-block-columns desktop_container\">\n<div class=\"wp-block-column\" style=\"flex-basis:33.33%\">\n<figure class=\"wp-block-image\"><img alt=\"\"\/><\/figure>\n\n\n\n<figure class=\"wp-block-image\"><img alt=\"\"\/><\/figure>\n\n\n\n<figure class=\"wp-block-image size-large is-resized\"><img loading=\"lazy\" src=\"http:\/\/aveclinics.com\/wp-content\/uploads\/2019\/12\/test1.jpg\" alt=\"\" class=\"wp-image-17260\" width=\"300\" height=\"245\" srcset=\"https:\/\/aveclinics.com\/vn\/wp-content\/uploads\/2019\/12\/test1.jpg 300w, https:\/\/aveclinics.com\/vn\/wp-content\/uploads\/2019\/12\/test1-70x57.jpg 70w\" sizes=\"(max-width: 300px) 100vw, 300px\" \/><\/figure>\n\n\n\n<figure class=\"wp-block-image size-large is-resized\"><img loading=\"lazy\" src=\"http:\/\/aveclinics.com\/wp-content\/uploads\/2019\/12\/point2.jpg\" alt=\"\" class=\"wp-image-16973\" width=\"300\" height=\"225\" srcset=\"https:\/\/aveclinics.com\/vn\/wp-content\/uploads\/2019\/12\/point2.jpg 600w, https:\/\/aveclinics.com\/vn\/wp-content\/uploads\/2019\/12\/point2-300x225.jpg 300w, https:\/\/aveclinics.com\/vn\/wp-content\/uploads\/2019\/12\/point2-70x53.jpg 70w, https:\/\/aveclinics.com\/vn\/wp-content\/uploads\/2019\/12\/point2-320x240.jpg 320w\" sizes=\"(max-width: 300px) 100vw, 300px\" \/><\/figure>\n<\/div>\n\n\n\n<div class=\"wp-block-column\" style=\"flex-basis:66.66%\">\n<h2 class=\"has-vivid-cyan-blue-color has-text-color\">C\u00e1c x\u00e9t nghi\u1ec7m m\u1ea1ch m\u00e1u <\/h2>\n\n\n\n<div style=\"height:30px\" aria-hidden=\"true\" class=\"wp-block-spacer\"><\/div>\n\n\n\n<p>C\u00e1c x\u00e9t nghi\u00eam m\u1ea1ch m\u00e1u n\u00e0o th\u01b0\u1eddng g\u1eb7p nh\u1ea5t? Qu\u00e1 tr\u00ecnh x\u00e9t nghi\u1ec7m nh\u01b0 th\u1ebf n\u00e0o? C\u00f3 \u0111au kh\u00f4ng? B\u1ea1n c\u00f3 c\u1ea7n ph\u1eabu thu\u1eadt kh\u00f4ng? D\u01b0\u1edbi \u0111\u00e2y l\u00e0 c\u00e1c x\u00e9t nghi\u1ec7m m\u1ea1ch m\u00e1u th\u01b0\u1eddng \u0111\u01b0\u1ee3c s\u1eed d\u1ee5ng nh\u1ea5t. b\u1ea1n c\u00f3 b\u1ea5t k\u1ef3 th\u1eafc m\u1eafc g\u00ec, xin h\u00e3y h\u1ecfi ph\u1eabu thu\u1eadt vi\u00ean c\u1ee7a b\u1ea1n. <\/p>\n\n\n\n<p><strong>Si\u00eau \u00e2m Duplex<\/strong><br><strong><em>Hay c\u00f2n g\u1ecdi l\u00e0: X\u00e9t nghi\u1ec7m Duplex, Ki\u1ec3m tra m\u1ea1ch m\u00e1u, x\u00e9t nghi\u1ec7m Duplex, d\u00f2 Duplex, Si\u00eau \u00e2m, X\u00e9t nghi\u1ec7m si\u00eau \u00e2m<\/em><\/strong><\/p>\n\n\n\n<p>Si\u00eau \u00e2m Duplex l\u00e0 m\u1ed9t x\u00e9t nghi\u1ec7m kh\u00f4ng x\u00e2m l\u1ea5n \u0111\u1ec3 th\u0103m d\u00f2 l\u01b0u l\u01b0\u1ee3ng c\u1ee7a m\u00e1u qua c\u00e1c \u0111\u1ed9ng m\u1ea1ch v\u00e0 t\u0129nh m\u1ea1ch. X\u00e9t nghi\u1ec7m n\u00e0y gi\u00fap b\u00e1c s\u0129 ch\u1ea9n \u0111o\u00e1n \u0111\u00fang t\u00ecnh tr\u1ea1ng b\u1ec7nh\u00a0 m\u1ea1ch m\u00e1u v\u00e0 l\u00ean ph\u00e1c \u0111\u1ed3 \u0111i\u1ec1u tr\u1ecb. T\u00ednh chu\u1ea9n x\u00e1c l\u00e0 t\u1ed1i quan tr\u1ecdng, n\u00ean ki\u1ec3m tra si\u00eau \u00e2m c\u1ea7n \u0111\u01b0\u1ee3c th\u1ef1c hi\u1ec7n b\u1edfi c\u00e1c chuy\u00ean vi\u00ean c\u00f3 b\u1eb1ng c\u1ea5p. <\/p>\n<\/div>\n<\/div>\n\n\n\n<div class=\"wp-block-columns desktop_container\">\n<div class=\"wp-block-column\" style=\"flex-basis:33.33%\">\n<figure class=\"wp-block-image size-large is-resized\"><img loading=\"lazy\" src=\"http:\/\/aveclinics.com\/wp-content\/uploads\/2019\/12\/test3.jpg\" alt=\"\" class=\"wp-image-17262\" width=\"300\" height=\"245\" srcset=\"https:\/\/aveclinics.com\/vn\/wp-content\/uploads\/2019\/12\/test3.jpg 300w, https:\/\/aveclinics.com\/vn\/wp-content\/uploads\/2019\/12\/test3-70x57.jpg 70w\" sizes=\"(max-width: 300px) 100vw, 300px\" \/><\/figure>\n<\/div>\n\n\n\n<div class=\"wp-block-column\" style=\"flex-basis:66.66%\">\n<p><strong>Duplex \u0111\u1ed9ng m\u1ea1ch c\u1ea3nh<\/strong><br><strong><em>Hay c\u00f2n g\u1ecdi l\u00e0: Doppler \u0111\u1ed9ng m\u1ea1ch c\u1ea3nh, si\u00eau \u00e2m \u0111\u1ed9ng m\u1ea1ch c\u1ea3nh, si\u00eau \u00e2m Doppler<\/em><\/strong><\/p>\n\n\n\n<p>X\u00e9t nghi\u1ec7m n\u00e0y kh\u00f4ng \u0111au v\u00e0 kh\u00f4ng x\u00e2m l\u1ea5n. X\u00e9t nghi\u1ec7m n\u00e0y \u0111\u01b0\u1ee3c d\u00f9ng \u0111\u1ec3 \u0111o l\u01b0u l\u01b0\u1ee3ng m\u00e1u ch\u1ea3y trong \u0111\u1ed9ng m\u1ea1ch c\u1ea3nh v\u00e0 t\u1ea7m so\u00e1t nh\u1eefng v\u00f9ng b\u1ecb h\u1eb9p ho\u1eb7c t\u1eafc ngh\u1ebdn. X\u00e9t nghi\u1ec7m n\u00e0y kh\u00f4ng s\u1eed d\u1ee5ng ph\u00f3ng x\u1ea1, kim ch\u00edch hay thu\u1ed1c men g\u00ec v\u00e0 th\u01b0\u1eddng \u0111\u01b0\u1ee3c l\u00e0m ngay t\u1ea1i ph\u00f2ng kh\u00e1m c\u1ee7a b\u00e1c s\u0129 ho\u1eb7c \u1edf khoa ch\u1ea9n \u0111o\u00e1n h\u00ecnh \u1ea3nh. <\/p>\n<\/div>\n<\/div>\n\n\n\n<div class=\"wp-block-columns desktop_container\">\n<div class=\"wp-block-column\" style=\"flex-basis:33.33%\">\n<figure class=\"wp-block-image size-large is-resized\"><img loading=\"lazy\" src=\"http:\/\/aveclinics.com\/wp-content\/uploads\/2019\/12\/test4-1.jpg\" alt=\"\" class=\"wp-image-17268\" width=\"300\" height=\"199\" srcset=\"https:\/\/aveclinics.com\/vn\/wp-content\/uploads\/2019\/12\/test4-1.jpg 300w, https:\/\/aveclinics.com\/vn\/wp-content\/uploads\/2019\/12\/test4-1-70x46.jpg 70w\" sizes=\"(max-width: 300px) 100vw, 300px\" \/><\/figure>\n<\/div>\n\n\n\n<div class=\"wp-block-column\" style=\"flex-basis:66.66%\">\n<p><strong>X\u00e9t nghi\u1ec7m ch\u1ec9 s\u1ed1 \u00c1p Huy\u1ebft M\u1eaft c\u00e1 ch\u00e2n-c\u00e1nh tay<\/strong><\/p>\n\n\n\n<p>\u0110\u00e2y c\u0169ng l\u00e0 m\u1ed9t x\u00e9t nghi\u1ec7m kh\u00f4ng x\u00e2m l\u1ea5ng, s\u1eed d\u1ee5ng m\u00e1y \u0111o huy\u1ebft \u00e1p \u0111\u1ec3 d\u00f2 l\u01b0u l\u01b0\u1ee3ng m\u00e1u v\u00e0 huy\u1ebft \u00e1p t\u1ea1i \u0111\u1ed9ng m\u1ea1ch \u1edf \u0111\u00f9i, b\u1eafp ch\u00e2n, b\u00e0n ch\u00e2n v\u00e0 ng\u00f3n ch\u00e2n. B\u1ea1n ch\u1ec9 c\u1ea3m th\u1ea5t m\u1ed9t ch\u00fat kh\u00f3 ch\u1ecbu nh\u01b0 l\u00fac \u0111o huy\u1ebft \u00e1p khi l\u00e0m x\u00e9t nghi\u1ec7m n\u00e0y. <\/p>\n<\/div>\n<\/div>\n\n\n\n<div class=\"wp-block-columns desktop_container\">\n<div class=\"wp-block-column\" style=\"flex-basis:33.33%\">\n<figure class=\"wp-block-image size-large is-resized\"><img loading=\"lazy\" src=\"http:\/\/aveclinics.com\/wp-content\/uploads\/2019\/12\/test5-1.jpg\" alt=\"\" class=\"wp-image-17269\" width=\"300\" height=\"269\" srcset=\"https:\/\/aveclinics.com\/vn\/wp-content\/uploads\/2019\/12\/test5-1.jpg 300w, https:\/\/aveclinics.com\/vn\/wp-content\/uploads\/2019\/12\/test5-1-70x63.jpg 70w\" sizes=\"(max-width: 300px) 100vw, 300px\" \/><\/figure>\n\n\n\n<figure class=\"wp-block-image size-large is-resized\"><img loading=\"lazy\" src=\"http:\/\/aveclinics.com\/wp-content\/uploads\/2019\/12\/condition5-1.jpg\" alt=\"\" class=\"wp-image-17365\" width=\"300\" height=\"300\" srcset=\"https:\/\/aveclinics.com\/vn\/wp-content\/uploads\/2019\/12\/condition5-1.jpg 300w, https:\/\/aveclinics.com\/vn\/wp-content\/uploads\/2019\/12\/condition5-1-150x150.jpg 150w, https:\/\/aveclinics.com\/vn\/wp-content\/uploads\/2019\/12\/condition5-1-100x100.jpg 100w, https:\/\/aveclinics.com\/vn\/wp-content\/uploads\/2019\/12\/condition5-1-70x70.jpg 70w, https:\/\/aveclinics.com\/vn\/wp-content\/uploads\/2019\/12\/condition5-1-278x278.jpg 278w, https:\/\/aveclinics.com\/vn\/wp-content\/uploads\/2019\/12\/condition5-1-65x65.jpg 65w\" sizes=\"(max-width: 300px) 100vw, 300px\" \/><\/figure>\n<\/div>\n\n\n\n<div class=\"wp-block-column\" style=\"flex-basis:66.66%\">\n<p><strong>Ch\u1ee5p c\u1eaft l\u1edbp vi t\u00ednh m\u1ea1ch m\u00e1u (CTA) ho\u1eb7c c\u1ed9ng h\u01b0\u1edfng t\u1eeb m\u1ea1ch m\u00e1u (MRA)<\/strong><br><strong><em>Hay c\u00f2n g\u1ecdi l\u00e0 ch\u1ee5p m\u1ea1ch m\u00e1u k\u1ef9 thu\u1eadt s\u1ed1, ch\u1ee5p m\u1ea1ch m\u00e1u c\u1ed9ng h\u01b0\u1edfng t\u1eeb.<\/em><\/strong><\/p>\n\n\n\n<p>CTA hay MRA l\u00e0 nh\u1eefng x\u00e9t nghi\u1ec7m h\u00ecnh \u1ea3nh k\u1ef9 thu\u1ea5t cao, kh\u00f4ng x\u00e2m l\u1ea5n, \u0111\u1ec3 cung c\u1ea5p nh\u1ee9ng h\u00ecnh \u1ea3nh chi ti\u1ebft v\u1ec1 m\u1ea1ch m\u00e1u trong c\u01a1 th\u1ec3 c\u0169ng nh\u01b0 v\u1ecb tr\u00ed c\u1ee7a m\u1ea1ch m\u00e1u trong c\u00e1c c\u01a1 quan n\u1ed9i t\u1ea1ng. Nh\u1eefng x\u00e9t nghi\u1ec7m n\u00e0y s\u1eed d\u1ee5ng c\u00e1c thu\u1eadt to\u00e1n ti\u00ean ti\u1ebfn nh\u1ea5t \u0111\u1ec3 t\u1ea1o ra c\u00e1c h\u00ecnh \u1ea3nh ba chi\u1ec1u c\u1ee7a m\u1ea1ch m\u00e1u \u0111\u1ec3 gi\u00fap c\u00e1c b\u00e1c s\u0129 \u0111\u01b0a ra nh\u1eefng x\u00e9t nghi\u1ec7m v\u00e0 \u0111i\u1ec1u tr\u1ecb \u0111\u00fang \u0111\u1eafn. <\/p>\n<\/div>\n<\/div>\n\n\n\n<div class=\"wp-block-columns desktop_container\">\n<div class=\"wp-block-column\" style=\"flex-basis:33.33%\">\n<figure class=\"wp-block-image size-large is-resized\"><img loading=\"lazy\" src=\"http:\/\/aveclinics.com\/wp-content\/uploads\/2019\/12\/test6-1.jpg\" alt=\"\" class=\"wp-image-17270\" width=\"300\" height=\"277\" srcset=\"https:\/\/aveclinics.com\/vn\/wp-content\/uploads\/2019\/12\/test6-1.jpg 300w, https:\/\/aveclinics.com\/vn\/wp-content\/uploads\/2019\/12\/test6-1-70x65.jpg 70w\" sizes=\"(max-width: 300px) 100vw, 300px\" \/><\/figure>\n<\/div>\n\n\n\n<div class=\"wp-block-column\" style=\"flex-basis:66.66%\">\n<p><strong>Ch\u1ee5p \u0111\u1ed9ng m\u1ea1ch <\/strong><br><strong><em>Hay c\u00f2n g\u1ecdi l\u00e0: Ch\u1ee5p \u0111\u1ed9ng m\u1ea1ch k\u1ef9 thu\u1eadt s\u1ed1<\/em><\/strong><\/p>\n\n\n\n<p>Ch\u1ee5p m\u1ea1ch m\u00e1u s\u1ed1 l\u00e0 m\u00f4t ph\u01b0\u01a1ng ph\u00e1p ch\u1ee5p X-ray v\u1eeba c\u00f3 t\u00ednh ch\u1ea5t ch\u1ea9n \u0111o\u00e1n v\u00e0 v\u1eeba c\u00f3 t\u00ednh ch\u1ea5t \u0111i\u1ec1u tr\u1ecb. \u0110\u00e2y l\u00e0 ti\u00eau chu\u1ea9n v\u00e0ng \u0111\u1ec3 kh\u00e1mh\u1ec7 \u0111\u1ed9ng m\u1ea1ch v\u00e0 ki\u1ec3m nh\u1eefng ch\u1ed7 h\u1eb9p hay t\u1eafc ngh\u1ebdn b\u1eb1ng c\u00e1ch s\u1eed d\u1ee5ng c\u1ea3n quang (c\u1ea3n quang ch\u1ee9a iode). Ph\u01b0\u01a1ng ph\u00e1p n\u00e0y cung c\u1ea5p nh\u1eefng th\u00f4ng tin c\u1ea7n thi\u1ebft cho b\u00e1c s\u0129 c\u1ee7a b\u1ea1n \u0111\u1ec3 \u0111\u01b0a ra c\u00e1c quy\u1ebft \u0111\u1ecbnh \u0111i\u1ec1u tr\u1ecb \u0111\u00fang m\u1ee9c. Th\u01b0\u1eddng th\u00ec b\u1ea1n s\u1ebd \u0111\u01b0\u1ee3c ti\u00eam thu\u1ed1c an th\u1ea7n khi l\u00e0m x\u00e9t nghi\u1ec7m n\u00e0y. M\u1ed7i x\u00e9t nghi\u1ec7m th\u01b0\u1eddng k\u00e9o d\u00e0i t\u1eeb 15-20 ph\u00fat, nh\u1eefng c\u0169ng c\u00f3 khi l\u00e0 v\u00e0i ti\u1ebfng, tu\u1ef3 v\u00e0o \u0111\u1ed9 ph\u1ee9c t\u1ea1p c\u1ee7a x\u00e9t nghi\u1ec7m v\u00e0 \u0111\u1ed9 nghi\u00eam tr\u1ecdng c\u1ee7a b\u1ec7nh c\u1ea7n \u0111\u01b0\u1ee3c \u0111i\u1ec1u tr\u1ecb.<\/p>\n<\/div>\n<\/div>\n\n\n\n<div class=\"wp-block-group mobile_container\"><div class=\"wp-block-group__inner-container\">\n<h2 class=\"has-vivid-cyan-blue-color has-text-color\">C\u00e1c x\u00e9t nghi\u1ec7m m\u1ea1ch m\u00e1u <\/h2>\n\n\n\n<p>C\u00e1c x\u00e9t nghi\u00eam m\u1ea1ch m\u00e1u n\u00e0o th\u01b0\u1eddng g\u1eb7p nh\u1ea5t? Qu\u00e1 tr\u00ecnh x\u00e9t nghi\u1ec7m nh\u01b0 th\u1ebf n\u00e0o? C\u00f3 \u0111au kh\u00f4ng? B\u1ea1n c\u00f3 c\u1ea7n ph\u1eabu thu\u1eadt kh\u00f4ng? D\u01b0\u1edbi \u0111\u00e2y l\u00e0 c\u00e1c x\u00e9t nghi\u1ec7m m\u1ea1ch m\u00e1u th\u01b0\u1eddng \u0111\u01b0\u1ee3c s\u1eed d\u1ee5ng nh\u1ea5t. b\u1ea1n c\u00f3 b\u1ea5t k\u1ef3 th\u1eafc m\u1eafc g\u00ec, xin h\u00e3y h\u1ecfi ph\u1eabu thu\u1eadt vi\u00ean c\u1ee7a b\u1ea1n. <\/p>\n\n\n\n<p><strong>Si\u00eau \u00e2m Duplex<\/strong><br><em><strong>Hay c\u00f2n g\u1ecdi l\u00e0: X\u00e9t nghi\u1ec7m Duplex, Ki\u1ec3m tra m\u1ea1ch m\u00e1u, x\u00e9t nghi\u1ec7m Duplex, d\u00f2 Duplex, Si\u00eau \u00e2m, X\u00e9t nghi\u1ec7m si\u00eau \u00e2m<\/strong><\/em> <\/p>\n\n\n\n<p>Si\u00eau \u00e2m Duplex l\u00e0 m\u1ed9t x\u00e9t nghi\u1ec7m kh\u00f4ng x\u00e2m l\u1ea5n \u0111\u1ec3 th\u0103m d\u00f2 l\u01b0u l\u01b0\u1ee3ng c\u1ee7a m\u00e1u qua c\u00e1c \u0111\u1ed9ng m\u1ea1ch v\u00e0 t\u0129nh m\u1ea1ch. X\u00e9t nghi\u1ec7m n\u00e0y gi\u00fap b\u00e1c s\u0129 ch\u1ea9n \u0111o\u00e1n \u0111\u00fang t\u00ecnh tr\u1ea1ng b\u1ec7nh\u00a0 m\u1ea1ch m\u00e1u v\u00e0 l\u00ean ph\u00e1c \u0111\u1ed3 \u0111i\u1ec1u tr\u1ecb. T\u00ednh chu\u1ea9n x\u00e1c l\u00e0 t\u1ed1i quan tr\u1ecdng, n\u00ean ki\u1ec3m tra si\u00eau \u00e2m c\u1ea7n \u0111\u01b0\u1ee3c th\u1ef1c hi\u1ec7n b\u1edfi c\u00e1c chuy\u00ean vi\u00ean c\u00f3 b\u1eb1ng c\u1ea5p. <\/p>\n\n\n\n<div style=\"height:38px\" aria-hidden=\"true\" class=\"wp-block-spacer\"><\/div>\n\n\n\n<figure class=\"wp-block-image size-large is-resized\"><img loading=\"lazy\" src=\"http:\/\/aveclinics.com\/wp-content\/uploads\/2019\/12\/test1.jpg\" alt=\"\" class=\"wp-image-17260\" width=\"300\" height=\"245\" srcset=\"https:\/\/aveclinics.com\/vn\/wp-content\/uploads\/2019\/12\/test1.jpg 300w, https:\/\/aveclinics.com\/vn\/wp-content\/uploads\/2019\/12\/test1-70x57.jpg 70w\" sizes=\"(max-width: 300px) 100vw, 300px\" \/><\/figure>\n\n\n\n<figure class=\"wp-block-image size-large is-resized\"><img loading=\"lazy\" src=\"http:\/\/aveclinics.com\/wp-content\/uploads\/2019\/12\/point2.jpg\" alt=\"\" class=\"wp-image-16973\" width=\"600\" height=\"450\" srcset=\"https:\/\/aveclinics.com\/vn\/wp-content\/uploads\/2019\/12\/point2.jpg 600w, https:\/\/aveclinics.com\/vn\/wp-content\/uploads\/2019\/12\/point2-300x225.jpg 300w, https:\/\/aveclinics.com\/vn\/wp-content\/uploads\/2019\/12\/point2-70x53.jpg 70w, https:\/\/aveclinics.com\/vn\/wp-content\/uploads\/2019\/12\/point2-320x240.jpg 320w\" sizes=\"(max-width: 600px) 100vw, 600px\" \/><\/figure>\n\n\n\n<p><strong>Duplex \u0111\u1ed9ng m\u1ea1ch c\u1ea3nh<\/strong><br><em><strong>Also called:\u00a0carotid Doppler, carotid ultrasound, Doppler ultrasound<\/strong><\/em> <\/p>\n\n\n\n<p>X\u00e9t nghi\u1ec7m n\u00e0y kh\u00f4ng \u0111au v\u00e0 kh\u00f4ng x\u00e2m l\u1ea5n. X\u00e9t nghi\u1ec7m n\u00e0y \u0111\u01b0\u1ee3c d\u00f9ng \u0111\u1ec3 \u0111o l\u01b0u l\u01b0\u1ee3ng m\u00e1u ch\u1ea3y trong \u0111\u1ed9ng m\u1ea1ch c\u1ea3nh v\u00e0 t\u1ea7m so\u00e1t nh\u1eefng v\u00f9ng b\u1ecb h\u1eb9p ho\u1eb7c t\u1eafc ngh\u1ebdn. X\u00e9t nghi\u1ec7m n\u00e0y kh\u00f4ng s\u1eed d\u1ee5ng ph\u00f3ng x\u1ea1, kim ch\u00edch hay thu\u1ed1c men g\u00ec v\u00e0 th\u01b0\u1eddng \u0111\u01b0\u1ee3c l\u00e0m ngay t\u1ea1i ph\u00f2ng kh\u00e1m c\u1ee7a b\u00e1c s\u0129 ho\u1eb7c \u1edf khoa ch\u1ea9n \u0111o\u00e1n h\u00ecnh \u1ea3nh. <\/p>\n\n\n\n<figure class=\"wp-block-image size-large is-resized\"><img loading=\"lazy\" src=\"http:\/\/aveclinics.com\/wp-content\/uploads\/2019\/12\/test3.jpg\" alt=\"\" class=\"wp-image-17262\" width=\"300\" height=\"245\" srcset=\"https:\/\/aveclinics.com\/vn\/wp-content\/uploads\/2019\/12\/test3.jpg 300w, https:\/\/aveclinics.com\/vn\/wp-content\/uploads\/2019\/12\/test3-70x57.jpg 70w\" sizes=\"(max-width: 300px) 100vw, 300px\" \/><\/figure>\n\n\n\n<p><strong>X\u00e9t nghi\u1ec7m ch\u1ec9 s\u1ed1 \u00c1p Huy\u1ebft M\u1eaft c\u00e1 ch\u00e2n-c\u00e1nh tay<\/strong><\/p>\n\n\n\n<p>\u0110\u00e2y c\u0169ng l\u00e0 m\u1ed9t x\u00e9t nghi\u1ec7m kh\u00f4ng x\u00e2m l\u1ea5ng, s\u1eed d\u1ee5ng m\u00e1y \u0111o huy\u1ebft \u00e1p \u0111\u1ec3 d\u00f2 l\u01b0u l\u01b0\u1ee3ng m\u00e1u v\u00e0 huy\u1ebft \u00e1p t\u1ea1i \u0111\u1ed9ng m\u1ea1ch \u1edf \u0111\u00f9i, b\u1eafp ch\u00e2n, b\u00e0n ch\u00e2n v\u00e0 ng\u00f3n ch\u00e2n. B\u1ea1n ch\u1ec9 c\u1ea3m th\u1ea5t m\u1ed9t ch\u00fat kh\u00f3 ch\u1ecbu nh\u01b0 l\u00fac \u0111o huy\u1ebft \u00e1p khi l\u00e0m x\u00e9t nghi\u1ec7m n\u00e0y. <\/p>\n\n\n\n<figure class=\"wp-block-image size-large is-resized\"><img loading=\"lazy\" src=\"http:\/\/aveclinics.com\/wp-content\/uploads\/2019\/12\/test4-1.jpg\" alt=\"\" class=\"wp-image-17268\" width=\"300\" height=\"199\" srcset=\"https:\/\/aveclinics.com\/vn\/wp-content\/uploads\/2019\/12\/test4-1.jpg 300w, https:\/\/aveclinics.com\/vn\/wp-content\/uploads\/2019\/12\/test4-1-70x46.jpg 70w\" sizes=\"(max-width: 300px) 100vw, 300px\" \/><\/figure>\n\n\n\n<p><strong>Ch\u1ee5p c\u1eaft l\u1edbp vi t\u00ednh m\u1ea1ch m\u00e1u (CTA) ho\u1eb7c c\u1ed9ng h\u01b0\u1edfng t\u1eeb m\u1ea1ch m\u00e1u (MRA) <\/strong><br><em><strong>Hay c\u00f2n g\u1ecdi l\u00e0 ch\u1ee5p m\u1ea1ch m\u00e1u k\u1ef9 thu\u1eadt s\u1ed1, ch\u1ee5p m\u1ea1ch m\u00e1u c\u1ed9ng h\u01b0\u1edfng t\u1eeb. <\/strong><\/em> <\/p>\n\n\n\n<p>CTA hay MRA l\u00e0 nh\u1eefng x\u00e9t nghi\u1ec7m h\u00ecnh \u1ea3nh k\u1ef9 thu\u1ea5t cao, kh\u00f4ng x\u00e2m l\u1ea5n, \u0111\u1ec3 cung c\u1ea5p nh\u1ee9ng h\u00ecnh \u1ea3nh chi ti\u1ebft v\u1ec1 m\u1ea1ch m\u00e1u trong c\u01a1 th\u1ec3 c\u0169ng nh\u01b0 v\u1ecb tr\u00ed c\u1ee7a m\u1ea1ch m\u00e1u trong c\u00e1c c\u01a1 quan n\u1ed9i t\u1ea1ng. Nh\u1eefng x\u00e9t nghi\u1ec7m n\u00e0y s\u1eed d\u1ee5ng c\u00e1c thu\u1eadt to\u00e1n ti\u00ean ti\u1ebfn nh\u1ea5t \u0111\u1ec3 t\u1ea1o ra c\u00e1c h\u00ecnh \u1ea3nh ba chi\u1ec1u c\u1ee7a m\u1ea1ch m\u00e1u \u0111\u1ec3 gi\u00fap c\u00e1c b\u00e1c s\u0129 \u0111\u01b0a ra nh\u1eefng x\u00e9t nghi\u1ec7m v\u00e0 \u0111i\u1ec1u tr\u1ecb \u0111\u00fang \u0111\u1eafn. <\/p>\n\n\n\n<figure class=\"wp-block-image size-large is-resized\"><img loading=\"lazy\" src=\"http:\/\/aveclinics.com\/wp-content\/uploads\/2019\/12\/test5-1.jpg\" alt=\"\" class=\"wp-image-17269\" width=\"300\" height=\"269\" srcset=\"https:\/\/aveclinics.com\/vn\/wp-content\/uploads\/2019\/12\/test5-1.jpg 300w, https:\/\/aveclinics.com\/vn\/wp-content\/uploads\/2019\/12\/test5-1-70x63.jpg 70w\" sizes=\"(max-width: 300px) 100vw, 300px\" \/><\/figure>\n\n\n\n<figure class=\"wp-block-image size-large is-resized\"><img loading=\"lazy\" src=\"http:\/\/aveclinics.com\/wp-content\/uploads\/2019\/12\/condition5-1.jpg\" alt=\"\" class=\"wp-image-17365\" width=\"300\" height=\"300\" srcset=\"https:\/\/aveclinics.com\/vn\/wp-content\/uploads\/2019\/12\/condition5-1.jpg 300w, https:\/\/aveclinics.com\/vn\/wp-content\/uploads\/2019\/12\/condition5-1-150x150.jpg 150w, https:\/\/aveclinics.com\/vn\/wp-content\/uploads\/2019\/12\/condition5-1-100x100.jpg 100w, https:\/\/aveclinics.com\/vn\/wp-content\/uploads\/2019\/12\/condition5-1-70x70.jpg 70w, https:\/\/aveclinics.com\/vn\/wp-content\/uploads\/2019\/12\/condition5-1-278x278.jpg 278w, https:\/\/aveclinics.com\/vn\/wp-content\/uploads\/2019\/12\/condition5-1-65x65.jpg 65w\" sizes=\"(max-width: 300px) 100vw, 300px\" \/><\/figure>\n\n\n\n<p><strong>Ch\u1ee5p \u0111\u1ed9ng m\u1ea1ch <\/strong><br><em><strong>Hay c\u00f2n g\u1ecdi l\u00e0: Ch\u1ee5p \u0111\u1ed9ng m\u1ea1ch k\u1ef9 thu\u1eadt s\u1ed1<\/strong> <\/em><\/p>\n\n\n\n<p>Ch\u1ee5p m\u1ea1ch m\u00e1u s\u1ed1 l\u00e0 m\u00f4t ph\u01b0\u01a1ng ph\u00e1p ch\u1ee5p X-ray v\u1eeba c\u00f3 t\u00ednh ch\u1ea5t ch\u1ea9n \u0111o\u00e1n v\u00e0 v\u1eeba c\u00f3 t\u00ednh ch\u1ea5t \u0111i\u1ec1u tr\u1ecb. \u0110\u00e2y l\u00e0 ti\u00eau chu\u1ea9n v\u00e0ng \u0111\u1ec3 kh\u00e1mh\u1ec7 \u0111\u1ed9ng m\u1ea1ch v\u00e0 ki\u1ec3m nh\u1eefng ch\u1ed7 h\u1eb9p hay t\u1eafc ngh\u1ebdn b\u1eb1ng c\u00e1ch s\u1eed d\u1ee5ng c\u1ea3n quang (c\u1ea3n quang ch\u1ee9a iode). Ph\u01b0\u01a1ng ph\u00e1p n\u00e0y cung c\u1ea5p nh\u1eefng th\u00f4ng tin c\u1ea7n thi\u1ebft cho b\u00e1c s\u0129 c\u1ee7a b\u1ea1n \u0111\u1ec3 \u0111\u01b0a ra c\u00e1c quy\u1ebft \u0111\u1ecbnh \u0111i\u1ec1u tr\u1ecb \u0111\u00fang m\u1ee9c. Th\u01b0\u1eddng th\u00ec b\u1ea1n s\u1ebd \u0111\u01b0\u1ee3c ti\u00eam thu\u1ed1c an th\u1ea7n khi l\u00e0m x\u00e9t nghi\u1ec7m n\u00e0y. M\u1ed7i x\u00e9t nghi\u1ec7m th\u01b0\u1eddng k\u00e9o d\u00e0i t\u1eeb 15-20 ph\u00fat, nh\u1eefng c\u0169ng c\u00f3 khi l\u00e0 v\u00e0i ti\u1ebfng, tu\u1ef3 v\u00e0o \u0111\u1ed9 ph\u1ee9c t\u1ea1p c\u1ee7a x\u00e9t nghi\u1ec7m v\u00e0 \u0111\u1ed9 nghi\u00eam tr\u1ecdng c\u1ee7a b\u1ec7nh c\u1ea7n \u0111\u01b0\u1ee3c \u0111i\u1ec1u tr\u1ecb.<\/p>\n\n\n\n<figure class=\"wp-block-image size-large is-resized\"><img loading=\"lazy\" src=\"http:\/\/aveclinics.com\/wp-content\/uploads\/2019\/12\/test6-1.jpg\" alt=\"\" class=\"wp-image-17270\" width=\"300\" height=\"277\" srcset=\"https:\/\/aveclinics.com\/vn\/wp-content\/uploads\/2019\/12\/test6-1.jpg 300w, https:\/\/aveclinics.com\/vn\/wp-content\/uploads\/2019\/12\/test6-1-70x65.jpg 70w\" sizes=\"(max-width: 300px) 100vw, 300px\" \/><\/figure>\n<\/div><\/div>\n\n\n\n<p><\/p>\n","protected":false},"excerpt":{"rendered":"<p>C\u00e1c x\u00e9t nghi\u1ec7m m\u1ea1ch m\u00e1u C\u00e1c x\u00e9t nghi\u00eam m\u1ea1ch m\u00e1u n\u00e0o th\u01b0\u1eddng g\u1eb7p nh\u1ea5t? Qu\u00e1 tr\u00ecnh x\u00e9t nghi\u1ec7m nh\u01b0 th\u1ebf n\u00e0o? C\u00f3 \u0111au kh\u00f4ng? B\u1ea1n c\u00f3 c\u1ea7n ph\u1eabu thu\u1eadt kh\u00f4ng? D\u01b0\u1edbi \u0111\u00e2y l\u00e0 c\u00e1c x\u00e9t nghi\u1ec7m m\u1ea1ch m\u00e1u th\u01b0\u1eddng \u0111\u01b0\u1ee3c s\u1eed d\u1ee5ng nh\u1ea5t. b\u1ea1n c\u00f3 b\u1ea5t k\u1ef3 th\u1eafc m\u1eafc g\u00ec, xin h\u00e3y h\u1ecfi ph\u1eabu thu\u1eadt [&hellip;]<\/p>\n","protected":false},"author":1,"featured_media":17255,"parent":0,"menu_order":0,"comment_status":"closed","ping_status":"closed","template":"","meta":[],"_links":{"self":[{"href":"https:\/\/aveclinics.com\/vn\/wp-json\/wp\/v2\/pages\/16845"}],"collection":[{"href":"https:\/\/aveclinics.com\/vn\/wp-json\/wp\/v2\/pages"}],"about":[{"href":"https:\/\/aveclinics.com\/vn\/wp-json\/wp\/v2\/types\/page"}],"author":[{"embeddable":true,"href":"https:\/\/aveclinics.com\/vn\/wp-json\/wp\/v2\/users\/1"}],"replies":[{"embeddable":true,"href":"https:\/\/aveclinics.com\/vn\/wp-json\/wp\/v2\/comments?post=16845"}],"version-history":[{"count":20,"href":"https:\/\/aveclinics.com\/vn\/wp-json\/wp\/v2\/pages\/16845\/revisions"}],"predecessor-version":[{"id":17643,"href":"https:\/\/aveclinics.com\/vn\/wp-json\/wp\/v2\/pages\/16845\/revisions\/17643"}],"wp:featuredmedia":[{"embeddable":true,"href":"https:\/\/aveclinics.com\/vn\/wp-json\/wp\/v2\/media\/17255"}],"wp:attachment":[{"href":"https:\/\/aveclinics.com\/vn\/wp-json\/wp\/v2\/media?parent=16845"}],"curies":[{"name":"wp","href":"https:\/\/api.w.org\/{rel}","templated":true}]}}