{"id":16843,"date":"2019-12-16T19:07:16","date_gmt":"2019-12-16T19:07:16","guid":{"rendered":"http:\/\/aveclinics.com\/new\/?page_id=16843"},"modified":"2020-01-15T12:58:01","modified_gmt":"2020-01-15T12:58:01","slug":"vascular-conditions","status":"publish","type":"page","link":"https:\/\/aveclinics.com\/vn\/vascular-conditions\/","title":{"rendered":"Vascular Conditions"},"content":{"rendered":"\n<div class=\"wp-block-columns desktop_container\">\n<div class=\"wp-block-column\" style=\"flex-basis:33.33%\">\n<figure class=\"wp-block-image size-large\"><img loading=\"lazy\" width=\"300\" height=\"245\" src=\"http:\/\/aveclinics.com\/new\/wp-content\/uploads\/2019\/12\/condition1.jpg\" alt=\"\" class=\"wp-image-17237\" srcset=\"https:\/\/aveclinics.com\/vn\/wp-content\/uploads\/2019\/12\/condition1.jpg 300w, https:\/\/aveclinics.com\/vn\/wp-content\/uploads\/2019\/12\/condition1-70x57.jpg 70w\" sizes=\"(max-width: 300px) 100vw, 300px\" \/><\/figure>\n\n\n\n<figure class=\"wp-block-image size-large\"><img loading=\"lazy\" width=\"300\" height=\"218\" src=\"http:\/\/aveclinics.com\/new\/wp-content\/uploads\/2019\/12\/condition2.jpg\" alt=\"\" class=\"wp-image-17238\" srcset=\"https:\/\/aveclinics.com\/vn\/wp-content\/uploads\/2019\/12\/condition2.jpg 300w, https:\/\/aveclinics.com\/vn\/wp-content\/uploads\/2019\/12\/condition2-70x51.jpg 70w\" sizes=\"(max-width: 300px) 100vw, 300px\" \/><\/figure>\n\n\n\n<figure class=\"wp-block-image size-large\"><img loading=\"lazy\" width=\"300\" height=\"375\" src=\"http:\/\/aveclinics.com\/new\/wp-content\/uploads\/2019\/12\/condition4.jpg\" alt=\"\" class=\"wp-image-17240\" srcset=\"https:\/\/aveclinics.com\/vn\/wp-content\/uploads\/2019\/12\/condition4.jpg 300w, https:\/\/aveclinics.com\/vn\/wp-content\/uploads\/2019\/12\/condition4-240x300.jpg 240w, https:\/\/aveclinics.com\/vn\/wp-content\/uploads\/2019\/12\/condition4-56x70.jpg 56w\" sizes=\"(max-width: 300px) 100vw, 300px\" \/><\/figure>\n\n\n\n<figure class=\"wp-block-image size-large\"><img loading=\"lazy\" width=\"135\" height=\"1024\" src=\"http:\/\/aveclinics.com\/new\/wp-content\/uploads\/2019\/12\/condition7-135x1024.jpg\" alt=\"\" class=\"wp-image-17245\"\/><\/figure>\n<\/div>\n\n\n\n<div class=\"wp-block-column\" style=\"flex-basis:66.66%\">\n<h2 class=\"has-vivid-cyan-blue-color has-text-color\">C\u00e1c lo\u1ea1i b\u1ec7nh m\u1ea1ch m\u00e1u <\/h2>\n\n\n\n<p><\/p>\n\n\n\n<p>B\u1ec7nh m\u1ea1ch m\u00e1u \u1ea3nh\nh\u01b0\u1edfng \u0111\u1ebfn t\u0129nh m\u1ea1ch v\u00e0 \u0111\u1ed9ng m\u1ea1ch. B\u1ea1n h\u00e3y ngh\u0129 \u0111\u1ebfn m\u1ea1ch m\u00e1u nh\u01b0 nh\u1eefng \u0111\u01b0\u1eddng cao\nt\u1ed1c hay nh\u1eefng d\u00f2ng s\u00f4ng. Khi k\u1eb9t xe, t\u1eafc \u0111\u01b0\u1eddng, ho\u1eb7c l\u1ee5t l\u1ed9i, m\u1ecdi th\u1ee9 tr\u1edf n\u00ean r\u1ed1i\nlo\u1ea1n. C\u00e1c b\u1ec7nh m\u1ea1ch m\u00e1u th\u01b0\u1eddng \u0111i\u1ec1u tr\u1ecb \u0111\u01b0\u1ee3c, nhi\u1ec1u khi kh\u00f4ng c\u1ea7n \u0111\u1ebfn ph\u1eabu thu\u1eadt.\n<\/p>\n\n\n\n<p>B\u1ec7nh m\u1ea1ch m\u00e1u, d\u00f9\nkh\u00f4ng c\u1ea7n ph\u1eabu thu\u1eadt, n\u00ean \u0111\u01b0\u1ee3c \u0111i\u1ec1u tr\u1ecb b\u1edfi b\u00e1c s\u0129 chuy\u00ean khoa v\u1ec1 ph\u1eabu thu\u1eadt m\u1ea1ch\nm\u00e1u. T\u1ea5t c\u1ea3 c\u00e1c m\u1ea1ch m\u00e1u trong ng\u01b0\u1eddi, tr\u1eeb tim (do ngo\u1ea1i l\u1ed3ng ng\u1ef1c) v\u00e0 n\u00e3o (do\nngo\u1ea1i th\u1ea7n kinh), \u0111\u1ec1u c\u00f3 th\u1ec3 \u0111\u01b0\u1ee3c ch\u0103m s\u00f3c b\u1edfi b\u00e1c s\u0129 ph\u1eabu thu\u1eadt m\u1ea1ch m\u00e1u. B\u1ec7nh\nth\u00f4ng th\u01b0\u1eddng nh\u01b0 x\u01a1 v\u1eefa \u0111\u1ed9ng m\u1ea1ch c\u00f3 th\u1ec3 c\u00f3 tri\u1ec7u ch\u1ee9ng \u1edf ch\u00e2n nh\u01b0ng c\u00f3 th\u1ec3 \u1ea3nh\nh\u01b0\u1edfng \u0111\u1ebfn to\u00e0n b\u1ed9 c\u01a1 th\u1ec3. <\/p>\n\n\n\n<p>Ph\u1eabu thu\u1eadt vi\u00ean m\u1ea1ch m\u00e1u c\u00f3 th\u1ec3 h\u01b0\u1edbng d\u1eabn b\u1ea1n ch\u0103m s\u00f3c s\u1ee9c kho\u1ebb m\u1ea1ch m\u00e1u m\u1ed9t c\u00e1ch chu \u0111\u00e1o nh\u1ea5t, t\u1eeb vi\u1ec7c t\u1eadp th\u1ec3 thao \u0111\u1ebfn \u0103n u\u1ed1ng, thu\u1ed1c men. N\u1ebfu c\u1ea7n ph\u1ea3i ph\u1eabu thu\u1eadt th\u00ec m\u1ed9t chuy\u00ean vi\u00ean ph\u1eabu thu\u1eadt mach m\u00e1u nh\u01b0 ch\u00fang t\u00f4i c\u00f3 th\u1ec3 \u0111\u01b0a cho b\u1ea1n t\u1ea5t c\u1ea3 c\u00e1c gi\u1ea3i ph\u00e1p c\u1ea7n thi\u1ebft \u0111\u1ec3 \u0111i\u1ec1u tr\u1ecb. <\/p>\n\n\n\n<p><em>M\u1ed9t s\u1ed1 c\u00e1c b\u1ec7nh\nm\u1ea1ch m\u00e1u th\u00f4ng th\u01b0\u1eddng \u0111\u01b0\u1ee3c li\u1ec7t k\u00ea d\u01b0\u1edbi \u0111\u00e2y. C\u00e1c th\u00f4ng tin d\u01b0\u1edbi \u0111\u00e2y ch\u1ec9 mang\nt\u00ednh ch\u1ea5t c\u1eadp nh\u1eadt th\u00f4ng tin v\u00e0 kh\u00f4ng n\u00ean \u0111\u01b0\u1ee3c xem l\u00e0 t\u01b0 v\u1ea5n y khoa v\u00e0 d\u00f9ng \u0111\u1ec3\n\u0111i\u1ec1u tr\u1ecb. Ch\u00fang t\u00f4i khuy\u1ebfn c\u00e1o t\u1ea5t c\u1ea3 b\u1ec7nh nh\u00e2n c\u00f3 c\u00e1c v\u1ea5n \u0111\u1ec1 v\u1ec1 y khoa n\u00ean \u0111\u01b0\u1ee3c\nt\u01b0 v\u1ea5n \u0111\u1ea7y \u0111\u1ee7 v\u00e0 ho\u00e0n ch\u1ec9nh v\u1edbi b\u00e1c s\u0129 ho\u1eb7c c\u00e1c chuy\u00ean gia y t\u1ebf kh\u00e1c: <\/em><\/p>\n\n\n\n<ul><li> B\u1ec7nh ph\u00ecnh \u0111\u1ed9ng m\u1ea1ch ch\u1ee7 b\u1ee5ng <\/li><li> B\u1ec7nh b\u00f3c t\u00e1ch \u0111\u1ed9ng m\u1ea1ch ch\u1ee7  <\/li><li> B\u1ec7nh \u0111\u1ed9ng m\u1ea1ch ch\u1ee7-ch\u1eadu <\/li><li> B\u1ec7nh \u0111\u1ed9ng m\u1ea1ch chi tr\u00ean <\/li><li> B\u1ec7nh x\u01a1 v\u1eefa \u0111\u1ed9ng m\u1ea1ch <\/li><li> B\u1ec7nh \u0111\u1ed9ng m\u1ea1ch c\u1ea3nh  <\/li><li> B\u1ec7nh suy t\u0129nh m\u1ea1ch m\u1ea1n t\u00ednh <\/li><li> R\u1ed1i lo\u1ea1n m\u00f4 li\u00ean k\u1ebft <\/li><li> Huy\u1ebft kh\u1ed1i t\u0129nh m\u1ea1ch s\u00e2u <\/li><li> T\u00e1i th\u00f4ng d\u00f2ng ch\u1ea3y (th\u1ec3 I-V) <\/li><li> B\u1ec7nh c\u01a1 x\u01a1 <\/li><li> Vi\u00eam kh\u1edbp t\u1ebf b\u00e0o kh\u1ed5ng l\u1ed3 <\/li><li> B\u1ec7nh m\u1ee1 trong m\u00e1u <\/li><li> Ph\u00f9 b\u1ea1ch huy\u1ebft <\/li><li> Ch\u1ee9ng thi\u1ebfu m\u00e1u m\u00e0ng treo <\/li><li> Ph\u00ecnh m\u1ea1ch ngo\u1ea1i bi\u00ean  <\/li><li> B\u1ec7nh h\u1eb9p \u0111\u1ed9ng m\u1ea1ch ngo\u1ea1i bi\u00ean <\/li><li> B\u1ec7nh t\u0103ng \u00e1p l\u1ef1c t\u0129nh m\u1ea1ch c\u1eeda  <\/li><li> Thuy\u00ean t\u1eafc ph\u1ed5i <\/li><li> B\u1ec7nh m\u1ea1ch m\u00e1u th\u1eadn <\/li><li> Tai bi\u1ebfn m\u1ea1ch m\u00e1u n\u00e3o <\/li><li> B\u1ec7nh ph\u00ecnh \u0111\u1ed9ng m\u1ea1ch ch\u1ee7 tr\u00ean <\/li><li> H\u1ed9i ch\u1ee9ng l\u1ed1i tho\u00e1t ng\u1ef1c  <\/li><li> Ch\u1ee9ng gi\u00e3n t\u0129nh m\u1ea1ch <\/li><li> Nhi\u1ec5m tr\u00f9ng m\u1ea1ch m\u00e1u <\/li><li> Ch\u1ea5n th\u01b0\u01a1ng m\u1ea1ch m\u00e1u <\/li><li>Vi\u00eam m\u1ea1ch m\u00e1u <\/li><li> Ph\u00ecnh \u0111\u1ed9ng m\u1ea1ch b\u1ee5ng <\/li><\/ul>\n\n\n\n<div class=\"wp-block-columns\">\n<div class=\"wp-block-column\"><\/div>\n\n\n\n<div class=\"wp-block-column\"><\/div>\n<\/div>\n\n\n\n<div class=\"wp-block-columns\">\n<div class=\"wp-block-column\">\n<figure class=\"wp-block-image size-large\"><img loading=\"lazy\" width=\"300\" height=\"251\" src=\"http:\/\/aveclinics.com\/new\/wp-content\/uploads\/2019\/12\/condition3-1.jpg\" alt=\"\" class=\"wp-image-17364\" srcset=\"https:\/\/aveclinics.com\/vn\/wp-content\/uploads\/2019\/12\/condition3-1.jpg 300w, https:\/\/aveclinics.com\/vn\/wp-content\/uploads\/2019\/12\/condition3-1-70x59.jpg 70w\" sizes=\"(max-width: 300px) 100vw, 300px\" \/><\/figure>\n<\/div>\n\n\n\n<div class=\"wp-block-column\">\n<figure class=\"wp-block-image size-large\"><img loading=\"lazy\" width=\"300\" height=\"300\" src=\"http:\/\/aveclinics.com\/new\/wp-content\/uploads\/2019\/12\/condition5-1.jpg\" alt=\"\" class=\"wp-image-17365\" srcset=\"https:\/\/aveclinics.com\/vn\/wp-content\/uploads\/2019\/12\/condition5-1.jpg 300w, https:\/\/aveclinics.com\/vn\/wp-content\/uploads\/2019\/12\/condition5-1-150x150.jpg 150w, https:\/\/aveclinics.com\/vn\/wp-content\/uploads\/2019\/12\/condition5-1-100x100.jpg 100w, https:\/\/aveclinics.com\/vn\/wp-content\/uploads\/2019\/12\/condition5-1-70x70.jpg 70w, https:\/\/aveclinics.com\/vn\/wp-content\/uploads\/2019\/12\/condition5-1-278x278.jpg 278w, https:\/\/aveclinics.com\/vn\/wp-content\/uploads\/2019\/12\/condition5-1-65x65.jpg 65w\" sizes=\"(max-width: 300px) 100vw, 300px\" \/><\/figure>\n<\/div>\n\n\n\n<div class=\"wp-block-column\">\n<figure class=\"wp-block-image size-large\"><img loading=\"lazy\" width=\"300\" height=\"247\" src=\"http:\/\/aveclinics.com\/new\/wp-content\/uploads\/2019\/12\/condition6-1.jpg\" alt=\"\" class=\"wp-image-17366\" srcset=\"https:\/\/aveclinics.com\/vn\/wp-content\/uploads\/2019\/12\/condition6-1.jpg 300w, https:\/\/aveclinics.com\/vn\/wp-content\/uploads\/2019\/12\/condition6-1-70x58.jpg 70w\" sizes=\"(max-width: 300px) 100vw, 300px\" \/><\/figure>\n<\/div>\n<\/div>\n<\/div>\n<\/div>\n\n\n\n<div class=\"wp-block-group mobile_container\"><div class=\"wp-block-group__inner-container\">\n<h2 class=\"has-vivid-cyan-blue-color has-text-color\">C\u00e1c lo\u1ea1i b\u1ec7nh m\u1ea1ch m\u00e1u  <\/h2>\n\n\n\n<p>B\u1ec7nh m\u1ea1ch m\u00e1u \u1ea3nh h\u01b0\u1edfng \u0111\u1ebfn t\u0129nh m\u1ea1ch v\u00e0 \u0111\u1ed9ng m\u1ea1ch. B\u1ea1n h\u00e3y ngh\u0129 \u0111\u1ebfn m\u1ea1ch m\u00e1u nh\u01b0 nh\u1eefng \u0111\u01b0\u1eddng cao t\u1ed1c hay nh\u1eefng d\u00f2ng s\u00f4ng. Khi k\u1eb9t xe, t\u1eafc \u0111\u01b0\u1eddng, ho\u1eb7c l\u1ee5t l\u1ed9i, m\u1ecdi th\u1ee9 tr\u1edf n\u00ean r\u1ed1i lo\u1ea1n. C\u00e1c b\u1ec7nh m\u1ea1ch m\u00e1u th\u01b0\u1eddng \u0111i\u1ec1u tr\u1ecb \u0111\u01b0\u1ee3c, nhi\u1ec1u khi kh\u00f4ng c\u1ea7n \u0111\u1ebfn ph\u1eabu thu\u1eadt. <\/p>\n\n\n\n<p>B\u1ec7nh m\u1ea1ch m\u00e1u, d\u00f9 kh\u00f4ng c\u1ea7n ph\u1eabu thu\u1eadt, n\u00ean \u0111\u01b0\u1ee3c \u0111i\u1ec1u tr\u1ecb b\u1edfi b\u00e1c s\u0129 chuy\u00ean khoa v\u1ec1 ph\u1eabu thu\u1eadt m\u1ea1ch m\u00e1u. T\u1ea5t c\u1ea3 c\u00e1c m\u1ea1ch m\u00e1u trong ng\u01b0\u1eddi, tr\u1eeb tim (do ngo\u1ea1i l\u1ed3ng ng\u1ef1c) v\u00e0 n\u00e3o (do ngo\u1ea1i th\u1ea7n kinh), \u0111\u1ec1u c\u00f3 th\u1ec3 \u0111\u01b0\u1ee3c ch\u0103m s\u00f3c b\u1edfi b\u00e1c s\u0129 ph\u1eabu thu\u1eadt m\u1ea1ch m\u00e1u. B\u1ec7nh th\u00f4ng th\u01b0\u1eddng nh\u01b0 x\u01a1 v\u1eefa \u0111\u1ed9ng m\u1ea1ch c\u00f3 th\u1ec3 c\u00f3 tri\u1ec7u ch\u1ee9ng \u1edf ch\u00e2n nh\u01b0ng c\u00f3 th\u1ec3 \u1ea3nh h\u01b0\u1edfng \u0111\u1ebfn to\u00e0n b\u1ed9 c\u01a1 th\u1ec3. <\/p>\n\n\n\n<p>Ph\u1eabu thu\u1eadt vi\u00ean m\u1ea1ch m\u00e1u c\u00f3 th\u1ec3 h\u01b0\u1edbng d\u1eabn b\u1ea1n ch\u0103m s\u00f3c s\u1ee9c kho\u1ebb m\u1ea1ch m\u00e1u m\u1ed9t c\u00e1ch chu \u0111\u00e1o nh\u1ea5t, t\u1eeb vi\u1ec7c t\u1eadp th\u1ec3 thao \u0111\u1ebfn \u0103n u\u1ed1ng, thu\u1ed1c men. N\u1ebfu c\u1ea7n ph\u1ea3i ph\u1eabu thu\u1eadt th\u00ec m\u1ed9t chuy\u00ean vi\u00ean ph\u1eabu thu\u1eadt mach m\u00e1u nh\u01b0 ch\u00fang t\u00f4i c\u00f3 th\u1ec3 \u0111\u01b0a cho b\u1ea1n t\u1ea5t c\u1ea3 c\u00e1c gi\u1ea3i ph\u00e1p c\u1ea7n thi\u1ebft \u0111\u1ec3 \u0111i\u1ec1u tr\u1ecb. <\/p>\n\n\n\n<p><em>M\u1ed9t s\u1ed1 c\u00e1c b\u1ec7nh m\u1ea1ch m\u00e1u th\u00f4ng th\u01b0\u1eddng \u0111\u01b0\u1ee3c li\u1ec7t k\u00ea d\u01b0\u1edbi \u0111\u00e2y. C\u00e1c th\u00f4ng tin d\u01b0\u1edbi \u0111\u00e2y ch\u1ec9 mang t\u00ednh ch\u1ea5t c\u1eadp nh\u1eadt th\u00f4ng tin v\u00e0 kh\u00f4ng n\u00ean \u0111\u01b0\u1ee3c xem l\u00e0 t\u01b0 v\u1ea5n y khoa v\u00e0 d\u00f9ng \u0111\u1ec3 \u0111i\u1ec1u tr\u1ecb. Ch\u00fang t\u00f4i khuy\u1ebfn c\u00e1o t\u1ea5t c\u1ea3 b\u1ec7nh nh\u00e2n c\u00f3 c\u00e1c v\u1ea5n \u0111\u1ec1 v\u1ec1 y khoa n\u00ean \u0111\u01b0\u1ee3c t\u01b0 v\u1ea5n \u0111\u1ea7y \u0111\u1ee7 v\u00e0 ho\u00e0n ch\u1ec9nh v\u1edbi b\u00e1c s\u0129 ho\u1eb7c c\u00e1c chuy\u00ean gia y t\u1ebf kh\u00e1c: <\/em><\/p>\n\n\n\n<ul><li>B\u1ec7nh ph\u00ecnh \u0111\u1ed9ng m\u1ea1ch ch\u1ee7 b\u1ee5ng <\/li><li>B\u1ec7nh b\u00f3c t\u00e1ch \u0111\u1ed9ng m\u1ea1ch ch\u1ee7  <\/li><li>B\u1ec7nh \u0111\u1ed9ng m\u1ea1ch ch\u1ee7-ch\u1eadu <\/li><li>B\u1ec7nh \u0111\u1ed9ng m\u1ea1ch chi tr\u00ean <\/li><li>B\u1ec7nh x\u01a1 v\u1eefa \u0111\u1ed9ng m\u1ea1ch <\/li><li>B\u1ec7nh \u0111\u1ed9ng m\u1ea1ch c\u1ea3nh  <\/li><li>B\u1ec7nh suy t\u0129nh m\u1ea1ch m\u1ea1n t\u00ednh <\/li><li>R\u1ed1i lo\u1ea1n m\u00f4 li\u00ean k\u1ebft <\/li><li>Huy\u1ebft kh\u1ed1i t\u0129nh m\u1ea1ch s\u00e2u <\/li><li>T\u00e1i th\u00f4ng d\u00f2ng ch\u1ea3y (th\u1ec3 I-V)  <\/li><li>B\u1ec7nh c\u01a1 x\u01a1 <\/li><li>Vi\u00eam kh\u1edbp t\u1ebf b\u00e0o kh\u1ed5ng l\u1ed3 <\/li><li>B\u1ec7nh m\u1ee1 trong m\u00e1u <\/li><li>Ph\u00f9 b\u1ea1ch huy\u1ebft <\/li><li>Ch\u1ee9ng thi\u1ebfu m\u00e1u m\u00e0ng treo <\/li><li>Ph\u00ecnh m\u1ea1ch ngo\u1ea1i bi\u00ean  <\/li><li>B\u1ec7nh h\u1eb9p \u0111\u1ed9ng m\u1ea1ch ngo\u1ea1i bi\u00ean <\/li><li>B\u1ec7nh t\u0103ng \u00e1p l\u1ef1c t\u0129nh m\u1ea1ch c\u1eeda  <\/li><li>Thuy\u00ean t\u1eafc ph\u1ed5i <\/li><li>B\u1ec7nh m\u1ea1ch m\u00e1u th\u1eadn <\/li><li>Tai bi\u1ebfn m\u1ea1ch m\u00e1u n\u00e3o <\/li><li>B\u1ec7nh ph\u00ecnh \u0111\u1ed9ng m\u1ea1ch ch\u1ee7 tr\u00ean <\/li><li>H\u1ed9i ch\u1ee9ng l\u1ed1i tho\u00e1t ng\u1ef1c  <\/li><li>Ch\u1ee9ng gi\u00e3n t\u0129nh m\u1ea1ch <\/li><li>Nhi\u1ec5m tr\u00f9ng m\u1ea1ch m\u00e1u <\/li><li>Ch\u1ea5n th\u01b0\u01a1ng m\u1ea1ch m\u00e1u <\/li><li>Vi\u00eam m\u1ea1ch m\u00e1u <\/li><li>Ph\u00ecnh \u0111\u1ed9ng m\u1ea1ch b\u1ee5ng  <\/li><\/ul>\n\n\n\n<p><\/p>\n\n\n\n<figure class=\"wp-block-image size-large is-resized\"><img loading=\"lazy\" src=\"http:\/\/aveclinics.com\/wp-content\/uploads\/2019\/12\/condition1.jpg\" alt=\"\" class=\"wp-image-17237\" width=\"300\" height=\"245\" srcset=\"https:\/\/aveclinics.com\/vn\/wp-content\/uploads\/2019\/12\/condition1.jpg 300w, https:\/\/aveclinics.com\/vn\/wp-content\/uploads\/2019\/12\/condition1-70x57.jpg 70w\" sizes=\"(max-width: 300px) 100vw, 300px\" \/><figcaption>Carotid Artery Disease<\/figcaption><\/figure>\n\n\n\n<figure class=\"wp-block-image size-large is-resized\"><img loading=\"lazy\" src=\"http:\/\/aveclinics.com\/wp-content\/uploads\/2019\/12\/condition2.jpg\" alt=\"\" class=\"wp-image-17238\" width=\"300\" height=\"218\" srcset=\"https:\/\/aveclinics.com\/vn\/wp-content\/uploads\/2019\/12\/condition2.jpg 300w, https:\/\/aveclinics.com\/vn\/wp-content\/uploads\/2019\/12\/condition2-70x51.jpg 70w\" sizes=\"(max-width: 300px) 100vw, 300px\" \/><figcaption>Right Subclavian Artery narrowing (stenosis) and treated with stent<\/figcaption><\/figure>\n\n\n\n<figure class=\"wp-block-image size-large is-resized\"><img loading=\"lazy\" src=\"http:\/\/aveclinics.com\/wp-content\/uploads\/2019\/12\/condition3-1.jpg\" alt=\"\" class=\"wp-image-17364\" width=\"300\" height=\"251\" srcset=\"https:\/\/aveclinics.com\/vn\/wp-content\/uploads\/2019\/12\/condition3-1.jpg 300w, https:\/\/aveclinics.com\/vn\/wp-content\/uploads\/2019\/12\/condition3-1-70x59.jpg 70w\" sizes=\"(max-width: 300px) 100vw, 300px\" \/><figcaption>Acute Aortic Dissection with left kidney ischemia<\/figcaption><\/figure>\n\n\n\n<figure class=\"wp-block-image size-large is-resized\"><img loading=\"lazy\" src=\"http:\/\/aveclinics.com\/wp-content\/uploads\/2019\/12\/condition4.jpg\" alt=\"\" class=\"wp-image-17240\" width=\"300\" height=\"375\" srcset=\"https:\/\/aveclinics.com\/vn\/wp-content\/uploads\/2019\/12\/condition4.jpg 300w, https:\/\/aveclinics.com\/vn\/wp-content\/uploads\/2019\/12\/condition4-240x300.jpg 240w, https:\/\/aveclinics.com\/vn\/wp-content\/uploads\/2019\/12\/condition4-56x70.jpg 56w\" sizes=\"(max-width: 300px) 100vw, 300px\" \/><figcaption>Chronic Mesenteric Ischemia<\/figcaption><\/figure>\n\n\n\n<figure class=\"wp-block-image size-large is-resized\"><img loading=\"lazy\" src=\"http:\/\/aveclinics.com\/wp-content\/uploads\/2019\/12\/condition5-1.jpg\" alt=\"\" class=\"wp-image-17365\" width=\"300\" height=\"300\" srcset=\"https:\/\/aveclinics.com\/vn\/wp-content\/uploads\/2019\/12\/condition5-1.jpg 300w, https:\/\/aveclinics.com\/vn\/wp-content\/uploads\/2019\/12\/condition5-1-150x150.jpg 150w, https:\/\/aveclinics.com\/vn\/wp-content\/uploads\/2019\/12\/condition5-1-100x100.jpg 100w, https:\/\/aveclinics.com\/vn\/wp-content\/uploads\/2019\/12\/condition5-1-70x70.jpg 70w, https:\/\/aveclinics.com\/vn\/wp-content\/uploads\/2019\/12\/condition5-1-278x278.jpg 278w, https:\/\/aveclinics.com\/vn\/wp-content\/uploads\/2019\/12\/condition5-1-65x65.jpg 65w\" sizes=\"(max-width: 300px) 100vw, 300px\" \/><figcaption>Abdominal aortic Aneurysm<\/figcaption><\/figure>\n\n\n\n<figure class=\"wp-block-image size-large is-resized\"><img loading=\"lazy\" src=\"http:\/\/aveclinics.com\/wp-content\/uploads\/2019\/12\/condition6-1.jpg\" alt=\"\" class=\"wp-image-17366\" width=\"300\" height=\"247\" srcset=\"https:\/\/aveclinics.com\/vn\/wp-content\/uploads\/2019\/12\/condition6-1.jpg 300w, https:\/\/aveclinics.com\/vn\/wp-content\/uploads\/2019\/12\/condition6-1-70x58.jpg 70w\" sizes=\"(max-width: 300px) 100vw, 300px\" \/><figcaption>Femoral Artery Stenosis in Peripheral Artery Disease<\/figcaption><\/figure>\n\n\n\n<figure class=\"wp-block-image size-large is-resized\"><img loading=\"lazy\" src=\"http:\/\/aveclinics.com\/wp-content\/uploads\/2019\/12\/condition7-135x1024.jpg\" alt=\"\" class=\"wp-image-17245\" width=\"135\" height=\"1024\"\/><figcaption>Tibial Artery Occlusion in Diabetic patient with PAD<\/figcaption><\/figure>\n\n\n\n<div style=\"height:106px\" aria-hidden=\"true\" class=\"wp-block-spacer\"><\/div>\n<\/div><\/div>\n","protected":false},"excerpt":{"rendered":"<p>C\u00e1c lo\u1ea1i b\u1ec7nh m\u1ea1ch m\u00e1u B\u1ec7nh m\u1ea1ch m\u00e1u \u1ea3nh h\u01b0\u1edfng \u0111\u1ebfn t\u0129nh m\u1ea1ch v\u00e0 \u0111\u1ed9ng m\u1ea1ch. B\u1ea1n h\u00e3y ngh\u0129 \u0111\u1ebfn m\u1ea1ch m\u00e1u nh\u01b0 nh\u1eefng \u0111\u01b0\u1eddng cao t\u1ed1c hay nh\u1eefng d\u00f2ng s\u00f4ng. Khi k\u1eb9t xe, t\u1eafc \u0111\u01b0\u1eddng, ho\u1eb7c l\u1ee5t l\u1ed9i, m\u1ecdi th\u1ee9 tr\u1edf n\u00ean r\u1ed1i lo\u1ea1n. C\u00e1c b\u1ec7nh m\u1ea1ch m\u00e1u th\u01b0\u1eddng \u0111i\u1ec1u tr\u1ecb \u0111\u01b0\u1ee3c, nhi\u1ec1u khi [&hellip;]<\/p>\n","protected":false},"author":1,"featured_media":17255,"parent":0,"menu_order":0,"comment_status":"closed","ping_status":"closed","template":"","meta":[],"_links":{"self":[{"href":"https:\/\/aveclinics.com\/vn\/wp-json\/wp\/v2\/pages\/16843"}],"collection":[{"href":"https:\/\/aveclinics.com\/vn\/wp-json\/wp\/v2\/pages"}],"about":[{"href":"https:\/\/aveclinics.com\/vn\/wp-json\/wp\/v2\/types\/page"}],"author":[{"embeddable":true,"href":"https:\/\/aveclinics.com\/vn\/wp-json\/wp\/v2\/users\/1"}],"replies":[{"embeddable":true,"href":"https:\/\/aveclinics.com\/vn\/wp-json\/wp\/v2\/comments?post=16843"}],"version-history":[{"count":14,"href":"https:\/\/aveclinics.com\/vn\/wp-json\/wp\/v2\/pages\/16843\/revisions"}],"predecessor-version":[{"id":17640,"href":"https:\/\/aveclinics.com\/vn\/wp-json\/wp\/v2\/pages\/16843\/revisions\/17640"}],"wp:featuredmedia":[{"embeddable":true,"href":"https:\/\/aveclinics.com\/vn\/wp-json\/wp\/v2\/media\/17255"}],"wp:attachment":[{"href":"https:\/\/aveclinics.com\/vn\/wp-json\/wp\/v2\/media?parent=16843"}],"curies":[{"name":"wp","href":"https:\/\/api.w.org\/{rel}","templated":true}]}}