{"id":16842,"date":"2019-12-16T19:07:07","date_gmt":"2019-12-16T19:07:07","guid":{"rendered":"http:\/\/aveclinics.com\/new\/?page_id=16842"},"modified":"2020-01-15T12:39:59","modified_gmt":"2020-01-15T12:39:59","slug":"vascular-health","status":"publish","type":"page","link":"https:\/\/aveclinics.com\/vn\/vascular-health\/","title":{"rendered":"Vascular Health"},"content":{"rendered":"\n<div class=\"wp-block-columns desktop_container\">\n<div class=\"wp-block-column\" style=\"flex-basis:33.33%\">\n<figure class=\"wp-block-image size-large\"><img loading=\"lazy\" width=\"300\" height=\"604\" src=\"http:\/\/aveclinics.com\/new\/wp-content\/uploads\/2019\/12\/fig5-1.jpg\" alt=\"\" class=\"wp-image-17150\" srcset=\"https:\/\/aveclinics.com\/vn\/wp-content\/uploads\/2019\/12\/fig5-1.jpg 300w, https:\/\/aveclinics.com\/vn\/wp-content\/uploads\/2019\/12\/fig5-1-149x300.jpg 149w, https:\/\/aveclinics.com\/vn\/wp-content\/uploads\/2019\/12\/fig5-1-35x70.jpg 35w\" sizes=\"(max-width: 300px) 100vw, 300px\" \/><\/figure>\n<\/div>\n\n\n\n<div class=\"wp-block-column\" style=\"flex-basis:66.66%\">\n<h2 class=\"has-vivid-cyan-blue-color has-text-color\"> S\u1ee9c kho\u1ebb m\u1ea1ch m\u00e1u <\/h2>\n\n\n\n<p><\/p>\n\n\n\n<p>H\u1ec7 m\u1ea1ch m\u00e1u g\u1ed3m m\u1ea1ch\nm\u00e1u mang m\u00e1u kh\u1eafp c\u01a1 th\u1ec3. \u0110\u1ed9ng m\u1ea1ch mang m\u00e1u c\u00f3 nhi\u1ec1u \u00d4xy t\u1eeb tim b\u00ean tr\u00e1i \u0111\u1ebfn\nc\u00e1c c\u01a1 quan trong c\u01a1 th\u1ec3. T\u0129nh m\u1ea1ch mang m\u00e1u t\u1eeb c\u00e1c c\u01a1 quan v\u1ec1 l\u1ea1i tim b\u00ean ph\u1ea3i.\n<\/p>\n\n\n\n<p>\u0110\u1ed9ng m\u1ea1ch ch\u00ednh\ntrong c\u01a1 th\u1ec3 l\u00e0 \u0111\u1ed9ng mach ch\u1ee7. M\u00e1u tu\u1ea7n ho\u00e0n kh\u1eafp c\u01a1 th\u1ec3 v\u00e0 \u0111i t\u1eeb m\u1ea1ch m\u00e1u l\u1edbn\nnh\u01b0 \u0111\u1ed9ng m\u1ea1ch ch\u1ee7 \u0111\u1ebfn c\u00e1c \u0111\u1ed9ng m\u1ea1ch nh\u1ecf d\u1ea7n, chuy\u1ec3n giao \u00d4xy v\u00e0 ch\u1ea5t dinh d\u01b0\u1ee1ng\nv\u00e0 \u0111\u1ed5i l\u1ea5y carbon dioxide v\u00e0 ch\u1ea5t th\u1ea3i t\u1ea1i t\u1ea5t c\u1ea3 c\u00e1c t\u1ebf b\u00e0o. T\u1eeb c\u00e1c mao m\u1ea1ch\nnh\u1ecf, m\u00e1u tr\u1edf v\u1ec1 c\u00e1c t\u0129nh m\u1ea1ch l\u1edbn d\u1ea7n, \u0111i qua th\u1eadn v\u00e0 gan \u0111\u1ec3 l\u1ecdc c\u00e1c ch\u1ea5t th\u1ea3i\nv\u00e0 cu\u1ed1i c\u00f9ng l\u00e0 tr\u1edf v\u1ec1 tim ph\u1ea3i, n\u01a1i m\u00e1u s\u1ebd \u0111\u01b0\u1ee3c \u0111\u01b0a t\u1edbi ph\u1ed5i \u0111\u1ec3 \u0111\u1ed5i l\u1ea5y \u00d4xy v\u00e0\nb\u1eaft \u0111\u1ea7u l\u1ea1i v\u00f2ng tu\u1ea7n ho\u00e0n. <\/p>\n\n\n\n<p>Khi ta l\u1edbn tu\u1ed5i,\n\u0111\u1ed9ng m\u1ea1ch tr\u1edf n\u00ean d\u00e0y, c\u1ee9ng v\u00e0 h\u1eb9p \u0111i. \u0110\u00e2y g\u1ecdi l\u00e0 t\u00ecnh tr\u1ea1ng x\u01a1 c\u1ee9ng \u0111\u1ed9ng m\u1ea1ch.\nM\u1ed9t d\u1ea1ng c\u1ee7a x\u01a1 c\u1ee9ng \u0111\u1ed9ng m\u1ea1ch l\u00e0 x\u01a1 v\u1eefa \u0111\u1ed9ng m\u1ea1ch, do cholesterol v\u00e0 m\u1ee1 t\u00edch t\u1ee5\nl\u00e2u n\u0103m trong c\u00e1c \u0111\u1ed9ng m\u1ea1ch v\u1eeba v\u00e0 l\u1edbn. H\u1eb9p \u0111\u1ed9ng m\u1ea1ch do x\u01a1 v\u1eefa c\u00f3 th\u1ec3 d\u1eabn \u0111\u1ebfn\nb\u1ec7nh h\u1eb9p \u0111\u1ed9ng m\u1ea1ch v\u00e0nh, d\u1eabn \u0111\u1ebfn nh\u1ed3i m\u00e1u c\u01a1 tim. N\u1ebfu \u0111\u1ed9ng m\u1ea1ch c\u1ea3nh l\u00e0 \u0111\u1ed9ng m\u1ea1ch\nch\u00ednh d\u1eabn m\u00e1u l\u00ean n\u00e3o b\u1ecb h\u1eb9p c\u00f3 th\u1ec3 d\u1eabn \u0111\u1ebfn nguy c\u01a1 b\u1ecb tai bi\u1ebfn m\u1ea1ch m\u00e1u n\u00e3o. H\u1eb9p\n\u0111\u1ed9ng m\u1ea1ch \u1edf chi d\u01b0\u1edbi c\u00f3 th\u1ec3 d\u1eabn \u0111\u1ebfn b\u1ec7nh \u0111\u1ed9ng m\u1ea1ch ngo\u1ea1i bi\u00ean. B\u1ec7nh n\u00e0y c\u00f3 th\u1ec3\ng\u00e2y \u0111au ch\u00e2n, l\u1edf lo\u00e9t, ho\u1eb7c d\u1eabn \u0111\u1ebfn \u0111o\u1ea1n chi n\u1ebfu v\u1ebft l\u1edf lo\u00e9t qu\u00e1 n\u1eb7ng v\u00e0 nhi\u1ec5m\ntr\u00f9ng.<\/p>\n\n\n\n<figure class=\"wp-block-image size-large\"><img loading=\"lazy\" width=\"500\" height=\"255\" src=\"http:\/\/aveclinics.com\/new\/wp-content\/uploads\/2019\/12\/fig6a-2.jpg\" alt=\"\" class=\"wp-image-17106\" srcset=\"https:\/\/aveclinics.com\/vn\/wp-content\/uploads\/2019\/12\/fig6a-2.jpg 500w, https:\/\/aveclinics.com\/vn\/wp-content\/uploads\/2019\/12\/fig6a-2-300x153.jpg 300w, https:\/\/aveclinics.com\/vn\/wp-content\/uploads\/2019\/12\/fig6a-2-70x36.jpg 70w\" sizes=\"(max-width: 500px) 100vw, 500px\" \/><\/figure>\n<\/div>\n<\/div>\n\n\n\n<div class=\"wp-block-group mobile_container\"><div class=\"wp-block-group__inner-container\">\n<h2 class=\"has-vivid-cyan-blue-color has-text-color\"> S\u1ee9c kho\u1ebb m\u1ea1ch m\u00e1u <\/h2>\n\n\n\n<p><\/p>\n\n\n\n<p>H\u1ec7 m\u1ea1ch m\u00e1u g\u1ed3m m\u1ea1ch m\u00e1u mang m\u00e1u kh\u1eafp c\u01a1 th\u1ec3. \u0110\u1ed9ng m\u1ea1ch mang m\u00e1u c\u00f3 nhi\u1ec1u \u00d4xy t\u1eeb tim b\u00ean tr\u00e1i \u0111\u1ebfn c\u00e1c c\u01a1 quan trong c\u01a1 th\u1ec3. T\u0129nh m\u1ea1ch mang m\u00e1u t\u1eeb c\u00e1c c\u01a1 quan v\u1ec1 l\u1ea1i tim b\u00ean ph\u1ea3i. <\/p>\n\n\n\n<figure class=\"wp-block-image size-large is-resized\"><img loading=\"lazy\" src=\"http:\/\/aveclinics.com\/wp-content\/uploads\/2019\/12\/fig5-509x1024.jpg\" alt=\"\" class=\"wp-image-16939\" width=\"509\" height=\"1024\" srcset=\"https:\/\/aveclinics.com\/vn\/wp-content\/uploads\/2019\/12\/fig5-509x1024.jpg 509w, https:\/\/aveclinics.com\/vn\/wp-content\/uploads\/2019\/12\/fig5-149x300.jpg 149w, https:\/\/aveclinics.com\/vn\/wp-content\/uploads\/2019\/12\/fig5-35x70.jpg 35w, https:\/\/aveclinics.com\/vn\/wp-content\/uploads\/2019\/12\/fig5.jpg 600w\" sizes=\"(max-width: 509px) 100vw, 509px\" \/><\/figure>\n\n\n\n<p>\u0110\u1ed9ng m\u1ea1ch ch\u00ednh\ntrong c\u01a1 th\u1ec3 l\u00e0 \u0111\u1ed9ng mach ch\u1ee7. M\u00e1u tu\u1ea7n ho\u00e0n kh\u1eafp c\u01a1 th\u1ec3 v\u00e0 \u0111i t\u1eeb m\u1ea1ch m\u00e1u l\u1edbn\nnh\u01b0 \u0111\u1ed9ng m\u1ea1ch ch\u1ee7 \u0111\u1ebfn c\u00e1c \u0111\u1ed9ng m\u1ea1ch nh\u1ecf d\u1ea7n, chuy\u1ec3n giao \u00d4xy v\u00e0 ch\u1ea5t dinh d\u01b0\u1ee1ng\nv\u00e0 \u0111\u1ed5i l\u1ea5y carbon dioxide v\u00e0 ch\u1ea5t th\u1ea3i t\u1ea1i t\u1ea5t c\u1ea3 c\u00e1c t\u1ebf b\u00e0o. T\u1eeb c\u00e1c mao m\u1ea1ch\nnh\u1ecf, m\u00e1u tr\u1edf v\u1ec1 c\u00e1c t\u0129nh m\u1ea1ch l\u1edbn d\u1ea7n, \u0111i qua th\u1eadn v\u00e0 gan \u0111\u1ec3 l\u1ecdc c\u00e1c ch\u1ea5t th\u1ea3i\nv\u00e0 cu\u1ed1i c\u00f9ng l\u00e0 tr\u1edf v\u1ec1 tim ph\u1ea3i, n\u01a1i m\u00e1u s\u1ebd \u0111\u01b0\u1ee3c \u0111\u01b0a t\u1edbi ph\u1ed5i \u0111\u1ec3 \u0111\u1ed5i l\u1ea5y \u00d4xy v\u00e0\nb\u1eaft \u0111\u1ea7u l\u1ea1i v\u00f2ng tu\u1ea7n ho\u00e0n. <\/p>\n\n\n\n<p>Khi ta l\u1edbn tu\u1ed5i,\n\u0111\u1ed9ng m\u1ea1ch tr\u1edf n\u00ean d\u00e0y, c\u1ee9ng v\u00e0 h\u1eb9p \u0111i. \u0110\u00e2y g\u1ecdi l\u00e0 t\u00ecnh tr\u1ea1ng x\u01a1 c\u1ee9ng \u0111\u1ed9ng m\u1ea1ch.\nM\u1ed9t d\u1ea1ng c\u1ee7a x\u01a1 c\u1ee9ng \u0111\u1ed9ng m\u1ea1ch l\u00e0 x\u01a1 v\u1eefa \u0111\u1ed9ng m\u1ea1ch, do cholesterol v\u00e0 m\u1ee1 t\u00edch t\u1ee5\nl\u00e2u n\u0103m trong c\u00e1c \u0111\u1ed9ng m\u1ea1ch v\u1eeba v\u00e0 l\u1edbn. H\u1eb9p \u0111\u1ed9ng m\u1ea1ch do x\u01a1 v\u1eefa c\u00f3 th\u1ec3 d\u1eabn \u0111\u1ebfn\nb\u1ec7nh h\u1eb9p \u0111\u1ed9ng m\u1ea1ch v\u00e0nh, d\u1eabn \u0111\u1ebfn nh\u1ed3i m\u00e1u c\u01a1 tim. N\u1ebfu \u0111\u1ed9ng m\u1ea1ch c\u1ea3nh l\u00e0 \u0111\u1ed9ng m\u1ea1ch\nch\u00ednh d\u1eabn m\u00e1u l\u00ean n\u00e3o b\u1ecb h\u1eb9p c\u00f3 th\u1ec3 d\u1eabn \u0111\u1ebfn nguy c\u01a1 b\u1ecb tai bi\u1ebfn m\u1ea1ch m\u00e1u n\u00e3o. H\u1eb9p\n\u0111\u1ed9ng m\u1ea1ch \u1edf chi d\u01b0\u1edbi c\u00f3 th\u1ec3 d\u1eabn \u0111\u1ebfn b\u1ec7nh \u0111\u1ed9ng m\u1ea1ch ngo\u1ea1i bi\u00ean. B\u1ec7nh n\u00e0y c\u00f3 th\u1ec3\ng\u00e2y \u0111au ch\u00e2n, l\u1edf lo\u00e9t, ho\u1eb7c d\u1eabn \u0111\u1ebfn \u0111o\u1ea1n chi n\u1ebfu v\u1ebft l\u1edf lo\u00e9t qu\u00e1 n\u1eb7ng v\u00e0 nhi\u1ec5m\ntr\u00f9ng.<\/p>\n\n\n\n<figure class=\"wp-block-image size-large is-resized\"><img loading=\"lazy\" src=\"http:\/\/aveclinics.com\/wp-content\/uploads\/2019\/12\/fig6a.jpg\" alt=\"\" class=\"wp-image-16953\" width=\"800\" height=\"404\" srcset=\"https:\/\/aveclinics.com\/vn\/wp-content\/uploads\/2019\/12\/fig6a.jpg 800w, https:\/\/aveclinics.com\/vn\/wp-content\/uploads\/2019\/12\/fig6a-300x152.jpg 300w, https:\/\/aveclinics.com\/vn\/wp-content\/uploads\/2019\/12\/fig6a-768x388.jpg 768w, https:\/\/aveclinics.com\/vn\/wp-content\/uploads\/2019\/12\/fig6a-70x35.jpg 70w, https:\/\/aveclinics.com\/vn\/wp-content\/uploads\/2019\/12\/fig6a-620x313.jpg 620w, https:\/\/aveclinics.com\/vn\/wp-content\/uploads\/2019\/12\/fig6a-600x303.jpg 600w\" sizes=\"(max-width: 800px) 100vw, 800px\" \/><\/figure>\n\n\n\n<div style=\"height:100px\" aria-hidden=\"true\" class=\"wp-block-spacer\"><\/div>\n<\/div><\/div>\n","protected":false},"excerpt":{"rendered":"<p>S\u1ee9c kho\u1ebb m\u1ea1ch m\u00e1u H\u1ec7 m\u1ea1ch m\u00e1u g\u1ed3m m\u1ea1ch m\u00e1u mang m\u00e1u kh\u1eafp c\u01a1 th\u1ec3. \u0110\u1ed9ng m\u1ea1ch mang m\u00e1u c\u00f3 nhi\u1ec1u \u00d4xy t\u1eeb tim b\u00ean tr\u00e1i \u0111\u1ebfn c\u00e1c c\u01a1 quan trong c\u01a1 th\u1ec3. T\u0129nh m\u1ea1ch mang m\u00e1u t\u1eeb c\u00e1c c\u01a1 quan v\u1ec1 l\u1ea1i tim b\u00ean ph\u1ea3i. \u0110\u1ed9ng m\u1ea1ch ch\u00ednh trong c\u01a1 th\u1ec3 l\u00e0 \u0111\u1ed9ng mach [&hellip;]<\/p>\n","protected":false},"author":1,"featured_media":17255,"parent":0,"menu_order":0,"comment_status":"closed","ping_status":"closed","template":"","meta":[],"_links":{"self":[{"href":"https:\/\/aveclinics.com\/vn\/wp-json\/wp\/v2\/pages\/16842"}],"collection":[{"href":"https:\/\/aveclinics.com\/vn\/wp-json\/wp\/v2\/pages"}],"about":[{"href":"https:\/\/aveclinics.com\/vn\/wp-json\/wp\/v2\/types\/page"}],"author":[{"embeddable":true,"href":"https:\/\/aveclinics.com\/vn\/wp-json\/wp\/v2\/users\/1"}],"replies":[{"embeddable":true,"href":"https:\/\/aveclinics.com\/vn\/wp-json\/wp\/v2\/comments?post=16842"}],"version-history":[{"count":12,"href":"https:\/\/aveclinics.com\/vn\/wp-json\/wp\/v2\/pages\/16842\/revisions"}],"predecessor-version":[{"id":17637,"href":"https:\/\/aveclinics.com\/vn\/wp-json\/wp\/v2\/pages\/16842\/revisions\/17637"}],"wp:featuredmedia":[{"embeddable":true,"href":"https:\/\/aveclinics.com\/vn\/wp-json\/wp\/v2\/media\/17255"}],"wp:attachment":[{"href":"https:\/\/aveclinics.com\/vn\/wp-json\/wp\/v2\/media?parent=16842"}],"curies":[{"name":"wp","href":"https:\/\/api.w.org\/{rel}","templated":true}]}}