{"id":16841,"date":"2019-12-16T19:07:10","date_gmt":"2019-12-16T19:07:10","guid":{"rendered":"http:\/\/aveclinics.com\/new\/?page_id=16841"},"modified":"2020-01-15T12:35:50","modified_gmt":"2020-01-15T12:35:50","slug":"what-is-a-vascular-surgeon","status":"publish","type":"page","link":"https:\/\/aveclinics.com\/vn\/what-is-a-vascular-surgeon\/","title":{"rendered":"What is a Vascular Surgeon"},"content":{"rendered":"\n<div class=\"wp-block-columns desktop_container\">\n<div class=\"wp-block-column\" style=\"flex-basis:33.33%\">\n<figure class=\"wp-block-image size-large is-style-default\"><img loading=\"lazy\" width=\"300\" height=\"604\" src=\"http:\/\/aveclinics.com\/new\/wp-content\/uploads\/2019\/12\/fig3-1.jpg\" alt=\"\" class=\"wp-image-17147\" srcset=\"https:\/\/aveclinics.com\/vn\/wp-content\/uploads\/2019\/12\/fig3-1.jpg 300w, https:\/\/aveclinics.com\/vn\/wp-content\/uploads\/2019\/12\/fig3-1-149x300.jpg 149w, https:\/\/aveclinics.com\/vn\/wp-content\/uploads\/2019\/12\/fig3-1-35x70.jpg 35w\" sizes=\"(max-width: 300px) 100vw, 300px\" \/><\/figure>\n\n\n\n<figure class=\"wp-block-image size-large\"><img loading=\"lazy\" width=\"300\" height=\"414\" src=\"http:\/\/aveclinics.com\/new\/wp-content\/uploads\/2019\/12\/fig4-1.jpg\" alt=\"\" class=\"wp-image-17148\" srcset=\"https:\/\/aveclinics.com\/vn\/wp-content\/uploads\/2019\/12\/fig4-1.jpg 300w, https:\/\/aveclinics.com\/vn\/wp-content\/uploads\/2019\/12\/fig4-1-217x300.jpg 217w, https:\/\/aveclinics.com\/vn\/wp-content\/uploads\/2019\/12\/fig4-1-51x70.jpg 51w\" sizes=\"(max-width: 300px) 100vw, 300px\" \/><\/figure>\n<\/div>\n\n\n\n<div class=\"wp-block-column\" style=\"flex-basis:66.66%\">\n<h2 class=\"has-vivid-cyan-blue-color has-text-color\">Ph\u1eabu thu\u1eadt vi\u00ean m\u1ea1ch m\u00e1u l\u00e0 g\u00ec? <\/h2>\n\n\n\n<div style=\"height:20px\" aria-hidden=\"true\" class=\"wp-block-spacer\"><\/div>\n\n\n\n<p><strong>Ph\u1eabu thu\u1eadt vi\u00ean m\u1ea1ch m\u00e1u <\/strong>chuy\u00ean \u0111i\u1ec1u tr\u1ecb c\u00e1c b\u1ec7nh v\u1ec1 m\u1ea1ch m\u00e1u. M\u1ea1ch m\u00e1u (g\u1ed3m \u0111\u1ed9ng m\u1ea1ch d\u1eabn m\u00e1u t\u1eeb tim \u0111\u1ebfn c\u00e1c c\u01a1 quan trong c\u01a1 th\u1ec3, v\u00e0 t\u0129nh m\u1ea1ch, d\u1eabn m\u00e1u t\u1eeb c\u00e1c c\u01a1 quan v\u1ec1 tim) r\u1ea5t quan tr\u1ecdng trong vi\u1ec7c lu\u00e2n chuy\u1ec3n \u00d4xy v\u00e0 c\u00e1c ch\u1ea5t c\u1ea7n thi\u1ebft c\u01a1 th\u1ec3. N\u1ebfu m\u00e1u tu\u1ea7n ho\u00e0n kh\u00f4ng l\u01b0u lo\u00e1t, c\u01a1 th\u1ec3 s\u1ebd kh\u00f4ng ho\u1ea1t \u0111\u1ed9ng b\u00ecnh th\u01b0\u1eddng. M\u1ed9t s\u1ed1 b\u1ec7nh v\u1ec1 m\u1ea1ch m\u00e1u nh\u01b0 b\u1ec7nh x\u01a1 v\u1eefa \u0111\u1ed9ng m\u1ea1ch ch\u1eb3ng h\u1ea1n, c\u00f3 th\u1ec3 d\u1eabn \u0111\u1ebfn t\u00ecnh tr\u1ea1ng \u201ck\u1eb9t xe\u201d trong h\u1ec7 tu\u1ea7n ho\u00e0n, l\u00e0m gi\u1ea3m l\u01b0\u1ee3ng m\u00e1u l\u01b0u th\u00f4ng \u0111\u1ebfn c\u00e1c ph\u1ea7n kh\u00e1c c\u1ee7a c\u01a1 th\u1ec3. <\/p>\n\n\n\n<p><strong>Ph\u1eabu thu\u1eadt vi\u00ean m\u1ea1ch m\u00e1u ch\u0103m s\u00f3c c\u1ea3 \u0111\u1ed9ng mach l\u1eabn t\u0129nh m\u1ea1ch tr\u00ean kh\u1eafp c\u01a1 th\u1ec3, ngo\u1ea1i tr\u1eeb tim v\u00e0 n\u00e3o, <\/strong>th\u00ed d\u1ee5 nh\u01b0 \u0111\u1ed9ng m\u1ea1ch c\u1ea3nh \u1edf c\u1ed5; ho\u1eb7c \u0111\u1ed9ng m\u1ea1ch ch\u1ee7; ho\u1eb7c c\u0169ng c\u00f3 th\u1ec3 l\u00e0 c\u00e1c \u0111\u1ed9ng m\u1ea1ch ngo\u1ea1i vi \u1edf ch\u00e2n v\u00e0 b\u00e0n ch\u00e2n. <\/p>\n\n\n\n<p><strong>Ph\u1eabu thu\u1eadt vi\u00ean m\u1ea1ch m\u00e1u l\u00e0m nhi\u1ec1u th\u1ee9 h\u01a1n l\u00e0 ch\u1ec9 ph\u1eabu thu\u1eadt. <\/strong><\/p>\n\n\n\n<p>Ph\u1eabu thu\u1eadt vi\u00ean m\u1ea1ch m\u00e1u c\u00f3 th\u1ec3 h\u01b0\u1edbng d\u1eabn b\u1ec7nh nh\u00e2n b\u1ecb c\u00e1c b\u1ec7nh v\u1ec1 m\u1ea1ch m\u00e1u hi\u1ec3u v\u1ec1 b\u1ec7nh c\u1ee7a h\u1ecd c\u0169ng nh\u01b0 t\u1ea5t c\u1ea3 c\u00e1c ph\u01b0\u01a1ng th\u1ee9c \u0111i\u1ec1u tr\u1ecb c\u00f3 th\u1ec3. Ngay c\u1ea3 c\u00e1c b\u1ec7nh nh\u00e2n c\u00f3 b\u1ec7nh m\u1ea1ch m\u00e1u nh\u01b0ng kh\u00f4ng c\u1ea7n ph\u1eabu thu\u1eadt c\u0169ng h\u01b0\u1edfng l\u1ee3i khi \u0111\u01b0\u1ee3c ch\u0103m s\u00f3c b\u1edfi b\u00e1c s\u0129 chuy\u00ean khoa v\u1ec1 ph\u1eabu thu\u1eadt m\u1ea1ch m\u00e1u. Nhi\u1ec1u b\u1ec7nh m\u1ea1ch m\u00e1u c\u00f3 th\u1ec3 \u0111i\u1ec1u tr\u1ecb b\u1eb1ng thu\u1ed1c, th\u1ec3 d\u1ee5c v\u00e0 thay \u0111\u1ed5i c\u00e1ch s\u1ed1ng. <\/p>\n\n\n\n<p><strong>Ph\u1eabu thu\u1eadt vi\u00ean m\u1ea1ch m\u00e1u c\u00f3 th\u1ec3 l\u00e0m t\u1ea5t c\u1ea3 c\u00e1c lo\u1ea1i ph\u1eabu thu\u1eadt. <\/strong><\/p>\n\n\n\n<p>M\u1ed9t s\u1ed1 chuy\u00ean vi\u00ean c\u00f3 th\u1ec3 l\u00e0m m\u1ed9t ho\u1eb7c hai ph\u01b0\u01a1ng ph\u00e1p can thi\u1ec7p m\u1ea1ch m\u00e1u, n\u00ean b\u1ec7nh nh\u00e2n c\u1ee7a h\u1ecd th\u01b0\u1eddng hay \u0111\u01b0\u1ee3c ch\u1ec9 \u0111\u1ecbnh l\u00e0m nh\u1eefng ph\u01b0\u01a1ng ph\u00e1p n\u00e0y. <strong>Ph\u1eabu thu\u1eadt vi\u00ean m\u1ea1ch m\u00e1u c\u00f3<\/strong> th\u1ec3 l\u00e0m thu\u1ea7n th\u1ee5c t\u1ea5t c\u1ea3 c\u00e1c th\u1ee7 thu\u1eadt m\u1ea1ch m\u00e1u t\u1eeb m\u1ed5 m\u1edf cho \u0111\u1ebfn can thi\u1ec7p n\u1ed9i m\u1ea1ch (endovascular). C\u00f3 m\u1ed9t s\u1ed1 b\u1ec7nh nh\u00e2n c\u1ea7n c\u1ea3 hai ph\u01b0\u01a1ng ph\u00e1p, c\u00f3 m\u1ed9t s\u1ed1 l\u1ea1i kh\u00f4ng c\u1ea7n b\u1ea5t k\u1ec3 th\u1ee7 thu\u1eadt n\u00e0o. Ng\u01b0\u1eddi b\u1ec7nh, khi \u0111\u1ebfn v\u1edbi ch\u00fang t\u00f4i, c\u00f3 th\u1ec3 an t\u00e2m l\u00e0 h\u1ecd s\u1ebd \u0111\u01b0\u1ee3c t\u01b0 v\u1ea5n th\u1ee7 thu\u1eadt t\u1ed1t nh\u1ea5t v\u00e0 ph\u00f9 h\u1ee3p nh\u1ea5t. <\/p>\n\n\n\n<p><strong>Ph\u1eabu thu\u1eadt vi\u00ean m\u1ea1ch m\u00e1u x\u00e2y d\u1ef1ng quan h\u1ec7 v\u1edbi b\u1ec7nh nh\u00e2n. <\/strong><\/p>\n\n\n\n<p>C\u00f3 nh\u1eefng ph\u1eabu thu\u1eadt vi\u00ean g\u1eb7p b\u1ea1n m\u1ed9t l\u1ea7n trong \u0111\u1eddi, ti\u1ebfn h\u00e0nh ph\u1eabu thu\u1eadt, gi\u00fap b\u1ea1n h\u1ed3i ph\u1ee5c, r\u1ed3i cho v\u1ec1 v\u00e0 s\u1ebd kh\u00f4ng c\u1ea7n g\u1eb7p l\u1ea1i b\u1ea1n n\u1eefa. B\u1ec7ng m\u1ea1ch m\u00e1u th\u01b0\u1eddng l\u00e0 b\u1ec7nh m\u1ea1n t\u00ednh, \u0111\u00f2i h\u1ecfi m\u1ed9t m\u1ed1i quan h\u1ec7 l\u00e2u d\u00e0i gi\u1eefa ng\u01b0\u1eddi b\u1ec7nh v\u00e0 b\u00e1c s\u0129 . <strong>Ph\u1eabu thu\u1eadt vi\u00ean m\u1ea1ch m\u00e1u <\/strong>th\u01b0\u1eddng ch\u0103m s\u00f3c b\u1ec7nh nh\u00e2n c\u1ee7a m\u00ecnh nhi\u1ec1u n\u0103m ho\u1eb7c nhi\u1ec1u th\u1eadp k\u1ef7 li\u1ec1n. N\u1ebfu b\u1ea1n c\u00f3 v\u1ea5n \u0111\u1ec1 v\u1ec1 m\u1ea1ch m\u00e1u, b\u1ea1n n\u00ean \u0111\u1eb7t s\u1ef1 tin t\u01b0\u1edfng c\u1ee7a m\u00ecnh v\u00e0o m\u1ed9t b\u00e1c s\u0129 m\u1ea1ch m\u00e1u \u0111\u1eb7t s\u1ee9c kho\u1ebb l\u00e2u d\u00e0i c\u1ee7a b\u1ea1n l\u00ean \u0111\u1ea7u v\u00e0 \u0111\u01b0a ra c\u00e1c ph\u01b0\u01a1ng th\u1ee9c x\u1eed l\u00fd ph\u00f9 h\u1ee3p nh\u1ea5t.  <\/p>\n\n\n\n<p><strong>Khi n\u00e0o th\u00ec b\u1ea1n bi\u1ebft b\u1ea1n n\u00ean g\u1eb7p Ph\u1eabu thu\u1eadt vi\u00ean m\u1ea1ch m\u00e1u?<\/strong><\/p>\n\n\n\n<p>B\u1ec7nh nh\u00e2n th\u01b0\u1eddng \u0111\u01b0\u1ee3c gi\u1edbi thi\u1ec7u \u0111\u1ebfn ph\u1eabu thu\u1eadt vi\u00ean m\u1ea1ch m\u00e1u \u0111\u1ec3 \u0111\u01b0\u1ee3c t\u01b0 v\u1ea5n t\u1eeb c\u00e1c b\u00e1c s\u0129 gia \u0111\u00ecnh, ch\u1eb3ng h\u1ea1n nh\u01b0 khi b\u1ec7nh nh\u00e2n \u0111\u1ebfn g\u1eb7p b\u00e1c s\u0129 v\u00ec \u0111au ch\u00e2n v\u00e0 \u0111\u01b0\u1ee3c ch\u1ea9n \u0111o\u00e1n l\u00e0 b\u1ecb b\u1ec7nh h\u1ec7p \u0111\u1ed9ng m\u1ea1ch chi d\u01b0\u1edbi. C\u0169ng c\u00f3 khi b\u1ec7nh nh\u00e2n ph\u1ea3i nh\u1eadp vi\u1ec7n c\u1ea5p c\u1ee9u v\u1ec1 c\u00e1c v\u1ea5n \u0111\u1ec1 v\u1ec1 m\u1ea1ch m\u00e1u. Ho\u1eb7c n\u1ebfu b\u1ec7nh nh\u00e2n c\u00f3 nhi\u1ec1u y\u1ebfu t\u1ed1 r\u1ee7i ro cao nh\u01b0 h\u00fat thu\u1ed1c, ti\u1ec3u \u0111\u01b0\u1eddng, ho\u1eb7c cao huy\u1ebft \u00e1p, th\u00ec b\u1ec7nh nh\u00e2n n\u00e0y n\u00ean g\u1eb7p <strong>Ph\u1eabu thu\u1eadt vi\u00ean m\u1ea1ch m\u00e1u <\/strong>\u0111\u1ec3 \u0111\u01b0\u1ee3c ch\u0103m s\u00f3c chuy\u00ean s\u00e2u.<br><\/p>\n<\/div>\n<\/div>\n\n\n\n<div class=\"wp-block-group mobile_container\"><div class=\"wp-block-group__inner-container\">\n<h2 class=\"has-vivid-cyan-blue-color has-text-color\"> Ph\u1eabu thu\u1eadt vi\u00ean m\u1ea1ch m\u00e1u l\u00e0 g\u00ec? <\/h2>\n\n\n\n<p><strong>Ph\u1eabu thu\u1eadt vi\u00ean m\u1ea1ch m\u00e1u <\/strong>chuy\u00ean \u0111i\u1ec1u tr\u1ecb c\u00e1c b\u1ec7nh v\u1ec1 m\u1ea1ch m\u00e1u. M\u1ea1ch m\u00e1u (g\u1ed3m \u0111\u1ed9ng m\u1ea1ch d\u1eabn m\u00e1u t\u1eeb tim \u0111\u1ebfn c\u00e1c c\u01a1 quan trong c\u01a1 th\u1ec3, v\u00e0 t\u0129nh m\u1ea1ch, d\u1eabn m\u00e1u t\u1eeb c\u00e1c c\u01a1 quan v\u1ec1 tim) r\u1ea5t quan tr\u1ecdng trong vi\u1ec7c lu\u00e2n chuy\u1ec3n \u00d4xy v\u00e0 c\u00e1c ch\u1ea5t c\u1ea7n thi\u1ebft c\u01a1 th\u1ec3. N\u1ebfu m\u00e1u tu\u1ea7n ho\u00e0n kh\u00f4ng l\u01b0u lo\u00e1t, c\u01a1 th\u1ec3 s\u1ebd kh\u00f4ng ho\u1ea1t \u0111\u1ed9ng b\u00ecnh th\u01b0\u1eddng. M\u1ed9t s\u1ed1 b\u1ec7nh v\u1ec1 m\u1ea1ch m\u00e1u nh\u01b0 b\u1ec7nh x\u01a1 v\u1eefa \u0111\u1ed9ng m\u1ea1ch ch\u1eb3ng h\u1ea1n, c\u00f3 th\u1ec3 d\u1eabn \u0111\u1ebfn t\u00ecnh tr\u1ea1ng \u201ck\u1eb9t xe\u201d trong h\u1ec7 tu\u1ea7n ho\u00e0n, l\u00e0m gi\u1ea3m l\u01b0\u1ee3ng m\u00e1u l\u01b0u th\u00f4ng \u0111\u1ebfn c\u00e1c ph\u1ea7n kh\u00e1c c\u1ee7a c\u01a1 th\u1ec3. <br><\/p>\n\n\n\n<p><strong>Ph\u1eabu thu\u1eadt vi\u00ean m\u1ea1ch m\u00e1u ch\u0103m s\u00f3c c\u1ea3 \u0111\u1ed9ng mach l\u1eabn t\u0129nh m\u1ea1ch tr\u00ean kh\u1eafp c\u01a1 th\u1ec3, ngo\u1ea1i tr\u1eeb tim v\u00e0 n\u00e3o, <\/strong>th\u00ed d\u1ee5 nh\u01b0 \u0111\u1ed9ng m\u1ea1ch c\u1ea3nh \u1edf c\u1ed5; ho\u1eb7c \u0111\u1ed9ng m\u1ea1ch ch\u1ee7; ho\u1eb7c c\u0169ng c\u00f3 th\u1ec3 l\u00e0 c\u00e1c \u0111\u1ed9ng m\u1ea1ch ngo\u1ea1i vi \u1edf ch\u00e2n v\u00e0 b\u00e0n ch\u00e2n.  <\/p>\n\n\n\n<figure class=\"wp-block-image size-large is-resized\"><img loading=\"lazy\" src=\"http:\/\/aveclinics.com\/wp-content\/uploads\/2019\/12\/fig3-1.jpg\" alt=\"\" class=\"wp-image-17147\" width=\"300\" height=\"604\" srcset=\"https:\/\/aveclinics.com\/vn\/wp-content\/uploads\/2019\/12\/fig3-1.jpg 300w, https:\/\/aveclinics.com\/vn\/wp-content\/uploads\/2019\/12\/fig3-1-149x300.jpg 149w, https:\/\/aveclinics.com\/vn\/wp-content\/uploads\/2019\/12\/fig3-1-35x70.jpg 35w\" sizes=\"(max-width: 300px) 100vw, 300px\" \/><\/figure>\n\n\n\n<p><strong>Ph\u1eabu thu\u1eadt vi\u00ean m\u1ea1ch m\u00e1u l\u00e0m nhi\u1ec1u th\u1ee9 h\u01a1n l\u00e0 ch\u1ec9 ph\u1eabu thu\u1eadt. <\/strong><\/p>\n\n\n\n<p>Ph\u1eabu thu\u1eadt vi\u00ean m\u1ea1ch m\u00e1u c\u00f3 th\u1ec3 h\u01b0\u1edbng d\u1eabn b\u1ec7nh nh\u00e2n b\u1ecb c\u00e1c b\u1ec7nh v\u1ec1 m\u1ea1ch m\u00e1u hi\u1ec3u v\u1ec1 b\u1ec7nh c\u1ee7a h\u1ecd c\u0169ng nh\u01b0 t\u1ea5t c\u1ea3 c\u00e1c ph\u01b0\u01a1ng th\u1ee9c \u0111i\u1ec1u tr\u1ecb c\u00f3 th\u1ec3. Ngay c\u1ea3 c\u00e1c b\u1ec7nh nh\u00e2n c\u00f3 b\u1ec7nh m\u1ea1ch m\u00e1u nh\u01b0ng kh\u00f4ng c\u1ea7n ph\u1eabu thu\u1eadt c\u0169ng h\u01b0\u1edfng l\u1ee3i khi \u0111\u01b0\u1ee3c ch\u0103m s\u00f3c b\u1edfi b\u00e1c s\u0129 chuy\u00ean khoa v\u1ec1 ph\u1eabu thu\u1eadt m\u1ea1ch m\u00e1u. Nhi\u1ec1u b\u1ec7nh m\u1ea1ch m\u00e1u c\u00f3 th\u1ec3 \u0111i\u1ec1u tr\u1ecb b\u1eb1ng thu\u1ed1c, th\u1ec3 d\u1ee5c v\u00e0 thay \u0111\u1ed5i c\u00e1ch s\u1ed1ng. <br><\/p>\n\n\n\n<p><strong>Ph\u1eabu thu\u1eadt vi\u00ean m\u1ea1ch m\u00e1u c\u00f3 th\u1ec3 l\u00e0m t\u1ea5t c\u1ea3 c\u00e1c lo\u1ea1i ph\u1eabu thu\u1eadt. <\/strong><\/p>\n\n\n\n<p>M\u1ed9t s\u1ed1 chuy\u00ean vi\u00ean c\u00f3 th\u1ec3 l\u00e0m m\u1ed9t ho\u1eb7c hai ph\u01b0\u01a1ng ph\u00e1p can thi\u1ec7p m\u1ea1ch m\u00e1u, n\u00ean b\u1ec7nh nh\u00e2n c\u1ee7a h\u1ecd th\u01b0\u1eddng hay \u0111\u01b0\u1ee3c ch\u1ec9 \u0111\u1ecbnh l\u00e0m nh\u1eefng ph\u01b0\u01a1ng ph\u00e1p n\u00e0y. <strong>Ph\u1eabu thu\u1eadt vi\u00ean m\u1ea1ch m\u00e1u c\u00f3<\/strong> th\u1ec3 l\u00e0m thu\u1ea7n th\u1ee5c t\u1ea5t c\u1ea3 c\u00e1c th\u1ee7 thu\u1eadt m\u1ea1ch m\u00e1u t\u1eeb m\u1ed5 m\u1edf cho \u0111\u1ebfn can thi\u1ec7p n\u1ed9i m\u1ea1ch (endovascular). C\u00f3 m\u1ed9t s\u1ed1 b\u1ec7nh nh\u00e2n c\u1ea7n c\u1ea3 hai ph\u01b0\u01a1ng ph\u00e1p, c\u00f3 m\u1ed9t s\u1ed1 l\u1ea1i kh\u00f4ng c\u1ea7n b\u1ea5t k\u1ec3 th\u1ee7 thu\u1eadt n\u00e0o. Ng\u01b0\u1eddi b\u1ec7nh, khi \u0111\u1ebfn v\u1edbi ch\u00fang t\u00f4i, c\u00f3 th\u1ec3 an t\u00e2m l\u00e0 h\u1ecd s\u1ebd \u0111\u01b0\u1ee3c t\u01b0 v\u1ea5n th\u1ee7 thu\u1eadt t\u1ed1t nh\u1ea5t v\u00e0 ph\u00f9 h\u1ee3p nh\u1ea5t. <br><\/p>\n\n\n\n<p><strong>Ph\u1eabu thu\u1eadt vi\u00ean m\u1ea1ch m\u00e1u x\u00e2y d\u1ef1ng quan h\u1ec7 v\u1edbi b\u1ec7nh nh\u00e2n. <\/strong><\/p>\n\n\n\n<p>C\u00f3 nh\u1eefng ph\u1eabu thu\u1eadt vi\u00ean g\u1eb7p b\u1ea1n m\u1ed9t l\u1ea7n trong \u0111\u1eddi, ti\u1ebfn h\u00e0nh ph\u1eabu thu\u1eadt, gi\u00fap b\u1ea1n h\u1ed3i ph\u1ee5c, r\u1ed3i cho v\u1ec1 v\u00e0 s\u1ebd kh\u00f4ng c\u1ea7n g\u1eb7p l\u1ea1i b\u1ea1n n\u1eefa. B\u1ec7ng m\u1ea1ch m\u00e1u th\u01b0\u1eddng l\u00e0 b\u1ec7nh m\u1ea1n t\u00ednh, \u0111\u00f2i h\u1ecfi m\u1ed9t m\u1ed1i quan h\u1ec7 l\u00e2u d\u00e0i gi\u1eefa ng\u01b0\u1eddi b\u1ec7nh v\u00e0 b\u00e1c s\u0129 . <strong>Ph\u1eabu thu\u1eadt vi\u00ean m\u1ea1ch m\u00e1u <\/strong>th\u01b0\u1eddng ch\u0103m s\u00f3c b\u1ec7nh nh\u00e2n c\u1ee7a m\u00ecnh nhi\u1ec1u n\u0103m ho\u1eb7c nhi\u1ec1u th\u1eadp k\u1ef7 li\u1ec1n. N\u1ebfu b\u1ea1n c\u00f3 v\u1ea5n \u0111\u1ec1 v\u1ec1 m\u1ea1ch m\u00e1u, b\u1ea1n n\u00ean \u0111\u1eb7t s\u1ef1 tin t\u01b0\u1edfng c\u1ee7a m\u00ecnh v\u00e0o m\u1ed9t b\u00e1c s\u0129 m\u1ea1ch m\u00e1u \u0111\u1eb7t s\u1ee9c kho\u1ebb l\u00e2u d\u00e0i c\u1ee7a b\u1ea1n l\u00ean \u0111\u1ea7u v\u00e0 \u0111\u01b0a ra c\u00e1c ph\u01b0\u01a1ng th\u1ee9c x\u1eed l\u00fd ph\u00f9 h\u1ee3p nh\u1ea5t.  <br><\/p>\n\n\n\n<figure class=\"wp-block-image size-large is-resized\"><img loading=\"lazy\" src=\"http:\/\/aveclinics.com\/wp-content\/uploads\/2019\/12\/fig4.jpg\" alt=\"\" class=\"wp-image-16934\" width=\"600\" height=\"827\" srcset=\"https:\/\/aveclinics.com\/vn\/wp-content\/uploads\/2019\/12\/fig4.jpg 600w, https:\/\/aveclinics.com\/vn\/wp-content\/uploads\/2019\/12\/fig4-218x300.jpg 218w, https:\/\/aveclinics.com\/vn\/wp-content\/uploads\/2019\/12\/fig4-51x70.jpg 51w\" sizes=\"(max-width: 600px) 100vw, 600px\" \/><\/figure>\n\n\n\n<p><strong>Khi n\u00e0o th\u00ec b\u1ea1n bi\u1ebft b\u1ea1n n\u00ean g\u1eb7p Ph\u1eabu thu\u1eadt vi\u00ean m\u1ea1ch m\u00e1u?<\/strong><\/p>\n\n\n\n<p>B\u1ec7nh nh\u00e2n th\u01b0\u1eddng \u0111\u01b0\u1ee3c gi\u1edbi thi\u1ec7u \u0111\u1ebfn ph\u1eabu thu\u1eadt vi\u00ean m\u1ea1ch m\u00e1u \u0111\u1ec3 \u0111\u01b0\u1ee3c t\u01b0 v\u1ea5n t\u1eeb c\u00e1c b\u00e1c s\u0129 gia \u0111\u00ecnh, ch\u1eb3ng h\u1ea1n nh\u01b0 khi b\u1ec7nh nh\u00e2n \u0111\u1ebfn g\u1eb7p b\u00e1c s\u0129 v\u00ec \u0111au ch\u00e2n v\u00e0 \u0111\u01b0\u1ee3c ch\u1ea9n \u0111o\u00e1n l\u00e0 b\u1ecb b\u1ec7nh h\u1ec7p \u0111\u1ed9ng m\u1ea1ch chi d\u01b0\u1edbi. C\u0169ng c\u00f3 khi b\u1ec7nh nh\u00e2n ph\u1ea3i nh\u1eadp vi\u1ec7n c\u1ea5p c\u1ee9u v\u1ec1 c\u00e1c v\u1ea5n \u0111\u1ec1 v\u1ec1 m\u1ea1ch m\u00e1u. Ho\u1eb7c n\u1ebfu b\u1ec7nh nh\u00e2n c\u00f3 nhi\u1ec1u y\u1ebfu t\u1ed1 r\u1ee7i ro cao nh\u01b0 h\u00fat thu\u1ed1c, ti\u1ec3u \u0111\u01b0\u1eddng, ho\u1eb7c cao huy\u1ebft \u00e1p, th\u00ec b\u1ec7nh nh\u00e2n n\u00e0y n\u00ean g\u1eb7p <strong>Ph\u1eabu thu\u1eadt vi\u00ean m\u1ea1ch m\u00e1u <\/strong>\u0111\u1ec3 \u0111\u01b0\u1ee3c ch\u0103m s\u00f3c chuy\u00ean s\u00e2u.<\/p>\n\n\n\n<div style=\"height:100px\" aria-hidden=\"true\" class=\"wp-block-spacer\"><\/div>\n<\/div><\/div>\n\n\n<p><!--EndFragment--><\/p>\n\n\n<p><\/p>\n","protected":false},"excerpt":{"rendered":"<p>Ph\u1eabu thu\u1eadt vi\u00ean m\u1ea1ch m\u00e1u l\u00e0 g\u00ec? Ph\u1eabu thu\u1eadt vi\u00ean m\u1ea1ch m\u00e1u chuy\u00ean \u0111i\u1ec1u tr\u1ecb c\u00e1c b\u1ec7nh v\u1ec1 m\u1ea1ch m\u00e1u. M\u1ea1ch m\u00e1u (g\u1ed3m \u0111\u1ed9ng m\u1ea1ch d\u1eabn m\u00e1u t\u1eeb tim \u0111\u1ebfn c\u00e1c c\u01a1 quan trong c\u01a1 th\u1ec3, v\u00e0 t\u0129nh m\u1ea1ch, d\u1eabn m\u00e1u t\u1eeb c\u00e1c c\u01a1 quan v\u1ec1 tim) r\u1ea5t quan tr\u1ecdng trong vi\u1ec7c lu\u00e2n chuy\u1ec3n \u00d4xy [&hellip;]<\/p>\n","protected":false},"author":1,"featured_media":17255,"parent":0,"menu_order":0,"comment_status":"closed","ping_status":"closed","template":"","meta":[],"_links":{"self":[{"href":"https:\/\/aveclinics.com\/vn\/wp-json\/wp\/v2\/pages\/16841"}],"collection":[{"href":"https:\/\/aveclinics.com\/vn\/wp-json\/wp\/v2\/pages"}],"about":[{"href":"https:\/\/aveclinics.com\/vn\/wp-json\/wp\/v2\/types\/page"}],"author":[{"embeddable":true,"href":"https:\/\/aveclinics.com\/vn\/wp-json\/wp\/v2\/users\/1"}],"replies":[{"embeddable":true,"href":"https:\/\/aveclinics.com\/vn\/wp-json\/wp\/v2\/comments?post=16841"}],"version-history":[{"count":11,"href":"https:\/\/aveclinics.com\/vn\/wp-json\/wp\/v2\/pages\/16841\/revisions"}],"predecessor-version":[{"id":17636,"href":"https:\/\/aveclinics.com\/vn\/wp-json\/wp\/v2\/pages\/16841\/revisions\/17636"}],"wp:featuredmedia":[{"embeddable":true,"href":"https:\/\/aveclinics.com\/vn\/wp-json\/wp\/v2\/media\/17255"}],"wp:attachment":[{"href":"https:\/\/aveclinics.com\/vn\/wp-json\/wp\/v2\/media?parent=16841"}],"curies":[{"name":"wp","href":"https:\/\/api.w.org\/{rel}","templated":true}]}}