{"id":14786,"date":"2018-03-08T13:11:00","date_gmt":"2018-03-08T13:11:00","guid":{"rendered":"http:\/\/health.templines.org\/?page_id=14786"},"modified":"2020-01-22T11:00:42","modified_gmt":"2020-01-22T11:00:42","slug":"home","status":"publish","type":"page","link":"https:\/\/aveclinics.com\/vn\/","title":{"rendered":"Home"},"content":{"rendered":"<p>[vc_section][vc_row ppadding=&#8221;vc_row-padding-both&#8221; gradient_colors=&#8221;%5B%7B%7D%5D&#8221; kswr_row_top_decor_enabled=&#8221;false&#8221; kswr_row_bottom_decor_enabled=&#8221;false&#8221;][vc_column width=&#8221;1\/3&#8243;][vc_single_image image=&#8221;16785&#8243; img_size=&#8221;full&#8221;][vc_column_text]<\/p>\n<table>\n<tbody>\n<tr>\n<td width=\"10%\"><\/td>\n<td align=\"center\" width=\"80%\">&nbsp;<\/p>\n<p>Dr. John C. Wang, MBBCh, BAO, LRCPI &amp; SI, MSc, MD, FACS, Dip. ABS, FSVS, FAMS<\/p>\n<hr \/>\n<p><a href=\"http:\/\/drsanjay.com.sg\/your-doctor\">Dr. Sanjay Nalachandran<\/a>, MBBCh, BAO (Ireland), MRCS (Edin), AFRCSI (Edin), FAMS, FICS<\/p>\n<p>&nbsp;<\/td>\n<td width=\"10%\"><\/td>\n<\/tr>\n<\/tbody>\n<\/table>\n<table width=\"100%\">\n<tbody>\n<tr>\n<td width=\"25%\"><img class=\"alignnone size-medium wp-image-16763\" src=\"http:\/\/aveclinics.com\/wp-content\/uploads\/2019\/12\/iris.jpg\" alt=\"\" width=\"100%\" \/><\/td>\n<td width=\"25%\"><img class=\"alignnone size-medium wp-image-16762\" src=\"http:\/\/aveclinics.com\/wp-content\/uploads\/2019\/12\/us.jpg\" alt=\"\" width=\"100%\" \/><\/td>\n<td width=\"25%\"><img class=\"alignnone size-medium wp-image-16761\" src=\"http:\/\/aveclinics.com\/wp-content\/uploads\/2019\/12\/uk.jpg\" alt=\"\" width=\"100%\" \/><\/td>\n<td width=\"25%\"><img class=\"alignnone size-full wp-image-16760\" src=\"http:\/\/aveclinics.com\/wp-content\/uploads\/2019\/12\/indo.jpg\" alt=\"\" width=\"100%\" \/><\/td>\n<\/tr>\n<\/tbody>\n<\/table>\n<p>[\/vc_column_text]<div class=\"kswr-responsive-spacer\" data-desk=\"20px\" data-tablet=\"20px\" data-tablet-sm=\"20px\" data-phone=\"20px\" data-phone-sm=\"20px\" style=\"--spc-desk:20px;--spc-tablet:20px;--spc-tablet-sm:20px;--spc-phone:20px;--spc-phone-sm:20px;\"><\/div>[\/vc_column][vc_column width=&#8221;2\/3&#8243;]<div class=\"kswr-fancytext-container kswr-theelement\" style=\"text-align:left;\">\n\t\t\t\t\t<span class=\"kswr-fancytext-prefix kswr-shortcode-element tmpl-title-font\" data-fontsettings=\"font-size:0;line-height:0;--tablet-font-size:0;--phone-font-size:0;\" style=\"font-size:0;line-height:0;--tablet-font-size:0;--phone-font-size:0; font-weight:300;  \"><\/span> \n\t\t\t\t\t<span class=\"kswr-fancytext kswr-shortcode-element tmpl-title-font\" data-fontsettings=\"font-size:64px;line-height:0.7em;--tablet-font-size:40px;--phone-font-size:32px;\" style=\"font-size:64px;line-height:0.7em;--tablet-font-size:40px;--phone-font-size:32px; font-weight:900;  color:#848484;\" data-style=\"slider\" data-holdtime=\"10000\" data-cursor=\"false\" data-typespeed=\"100\" data-typeanimation=\"none\" data-words=\"[&quot;S\u1ee9 M\u1ec7nh&quot;]\"><\/span>\n\t\t\t\t\t<span class=\"kswr-fancytext-suffix kswr-shortcode-element tmpl-title-font\" data-fontsettings=\"font-size:0;line-height:0;--tablet-font-size:0;--phone-font-size:0;\" style=\"font-size:0;line-height:0;--tablet-font-size:0;--phone-font-size:0; font-weight:400;  color:#f26529;background-clip: inherit;background-color: inherit; -webkit-text-fill-color:#f26529;\"><\/span> \n\t\t\t\t<\/div><div class=\"kswr-responsive-spacer\" data-desk=\"20px\" data-tablet=\"20px\" data-tablet-sm=\"20px\" data-phone=\"20px\" data-phone-sm=\"20px\" style=\"--spc-desk:20px;--spc-tablet:20px;--spc-tablet-sm:20px;--spc-phone:20px;--spc-phone-sm:20px;\"><\/div>[vc_column_text]Tri\u1ebft l\u00fd c\u1ee7a ch\u00fang t\u00f4i \u0111\u01b0\u1ee3c \u1ea5p \u1ee7 h\u01a1n hai th\u1eadp k\u1ef7 h\u1ecdc t\u1eadp, r\u00e8n luy\u1ec7n c\u00e1c ph\u01b0\u01a1ng ph\u00e1p ph\u1eabu thu\u1eadt, gi\u00e1o d\u1ee5c y khoa, v\u00e0 th\u1ef1c hi\u1ec7n ph\u00fac l\u1ee3i x\u00e3 h\u1ed9i t\u1eeb Hoa K\u1ef3, V\u01b0\u01a1ng Qu\u1ed1c Anh, v\u00e0 Singapore. Ch\u00fang t\u00f4i tin v\u00e0o nh\u1eefng gi\u00e1 tr\u1ecb l\u00e2u d\u00e0i, v\u00e0 c\u00f9ng v\u1edbi nh\u1eefng n\u1ed7 l\u1ef1c nghi\u00eam t\u00fac, ch\u00fang t\u00f4i s\u1ebd \u0111em l\u1ea1i nh\u1eefng th\u00e0nh t\u1ef1u \u0111\u00e1ng k\u1ec3, \u0111\u00fang v\u1edbi nh\u1eefng mong mu\u1ed1n c\u1ee7a ng\u01b0\u1eddi b\u1ec7nh.<\/p>\n<p>S\u1ee9 M\u1ec7nh c\u1ee7a ch\u00fang t\u00f4i l\u00e0 \u0111em l\u1ea1i c\u00e1c li\u1ec7u ph\u00e1p ch\u1eefa tr\u1ecb ti\u00ean ti\u1ebfn nh\u1ea5t nh\u01b0ng c\u0169ng \u0111\u1ea7y l\u00f2ng th\u01b0\u01a1ng v\u00e0 c\u00e1 nh\u00e2n ho\u00e1 cho t\u1eebng ng\u01b0\u1eddi b\u1ec7nh.<\/p>\n<p>Ch\u00fang t\u00f4i Hy V\u1ecdng s\u1ebd tr\u1ecb d\u1ee9t c\u00e1c b\u1ec7nh v\u1ec1 m\u1ea1ch m\u00e1u v\u00e0 nh\u1eefng bi\u1ebfn ch\u1ee9ng c\u1ee7a n\u00f3 b\u1eb1ng c\u00e1ch c\u00e1 nh\u00e2n ho\u00e1 c\u00e1c ph\u01b0\u01a1ng ph\u00e1p \u0111i\u1ec1u tr\u1ecb.<\/p>\n<p><strong>Nh\u1eefng gi\u00e1 tr\u1ecb c\u1ed1t l\u00f5i c\u1ee7a ch\u00fang t\u00f4i:<\/strong><\/p>\n<table>\n<tbody>\n<tr>\n<td>\n<h4>S\u1ef1 t\u00f4n tr\u1ecdng<\/h4>\n<p>Ch\u00fang t\u00f4i t\u00f4n tr\u1ecdng t\u1eebng ng\u01b0\u1eddi b\u1ec7nh, gia \u0111\u00ecnh v\u00e0 b\u1ea1n b\u00e8 ng\u01b0\u1eddi b\u1ec7nh.<\/td>\n<td><span style=\"color: #ffffff;\">##<\/span><\/td>\n<td>\n<h4>Tinh th\u1ea7n t\u1eadp th\u1ec3<\/h4>\n<p>Ch\u00fang t\u00f4i t\u00f4n tr\u1ecdng \u0111\u00f3ng g\u00f3p c\u1ee7a m\u1ed7i c\u00e1 nh\u00e2n trong t\u1eadp th\u1ec3 v\u00e0 t\u1ea1o d\u1ef1ng m\u1ed9t m\u00f4i tr\u01b0\u1eddng l\u00e0m vi\u1ec7c \u0111o\u00e0n k\u1ebft v\u00e0 ho\u00e0 thu\u1eadn.<\/td>\n<\/tr>\n<tr>\n<td>\n<h4>Y \u0111\u1ee9c<\/h4>\n<p>Ch\u00fang t\u00f4i l\u1ea5y y \u0111\u1ee9c l\u00e0m t\u00f4n ch\u1ec9 \u0111\u1ea7u ti\u00ean \u0111\u1ec3 x\u1ee9ng \u0111\u00e1ng v\u1edbi l\u00f2ng tin c\u1ee7a ng\u01b0\u1eddi b\u1ec7nh.<\/td>\n<td><\/td>\n<td>\n<h4>C\u00e1ch t\u00e2n<\/h4>\n<p>Ch\u00fang t\u00f4i lu\u00f4n \u0111\u1ed5i m\u1edbi v\u00e0 n\u00e2ng c\u1ea5p cho t\u1eebng th\u00e0nh vi\u00ean trong t\u1eadp th\u1ec3 y b\u00e1c s\u0129 \u0111\u1ec3 lu\u00f4n \u0111em \u0111\u1ebfn s\u1ef1 ph\u1ee5c v\u1ee5 t\u1ed1t nh\u1ea5t.<\/td>\n<\/tr>\n<tr>\n<td>\n<h4>L\u00f2ng th\u01b0\u01a1ng<\/h4>\n<p>Ch\u00fang t\u00f4i ch\u0103m s\u00f3c b\u1ec7nh nh\u00e2n b\u1eb1ng t\u1ea5t c\u1ea3 t\u1ea5m l\u00f2ng v\u00e0 th\u1ea5u c\u1ea3m v\u1edbi n\u1ed7i ni\u1ec1m ng\u01b0\u1eddi b\u1ec7nh.<\/td>\n<td><\/td>\n<td>\n<h4>\u01afu t\u00fa<\/h4>\n<p>Ch\u00fang t\u00f4i t\u1eadn tu\u1ef5 v\u1edbi b\u1ec7nh nh\u00e2n \u0111\u1ec3 c\u00f3 th\u1ec3 \u0111em l\u1ea1i k\u1ebft qu\u1ea3 \u0111i\u1ec1u tr\u1ecb v\u00e0 ch\u0103m s\u00f3c \u01b0u t\u00fa nh\u1ea5t.<\/td>\n<\/tr>\n<tr>\n<td>\n<h4>Ch\u1eefa b\u1ec7nh<\/h4>\n<p>Ch\u00fang t\u00f4i \u0111em l\u1ea1i ni\u1ec1m tin v\u00e0 ch\u0103m s\u00f3c s\u1ee9c kho\u1ebb m\u1ed9t c\u00e1ch to\u00e0n di\u1ec7n, t\u1eeb c\u01a1 th\u1ec3, \u0111\u1ebfn t\u00e2m l\u00fd, k\u1ec3 c\u1ea3 t\u00e2m linh.<\/td>\n<td><\/td>\n<td><\/td>\n<\/tr>\n<\/tbody>\n<\/table>\n<p>[\/vc_column_text][\/vc_column][\/vc_row][vc_row][vc_column]<div class=\"kswr-responsive-spacer\" data-desk=\"80px\" data-tablet=\"80px\" data-tablet-sm=\"80px\" data-phone=\"80px\" data-phone-sm=\"80px\" style=\"--spc-desk:80px;--spc-tablet:80px;--spc-tablet-sm:80px;--spc-phone:80px;--spc-phone-sm:80px;\"><\/div>[\/vc_column][\/vc_row][\/vc_section]<\/p>\n","protected":false},"excerpt":{"rendered":"<p>[vc_section][vc_row ppadding=&#8221;vc_row-padding-both&#8221; gradient_colors=&#8221;%5B%7B%7D%5D&#8221; kswr_row_top_decor_enabled=&#8221;false&#8221; kswr_row_bottom_decor_enabled=&#8221;false&#8221;][vc_column width=&#8221;1\/3&#8243;][vc_single_image image=&#8221;16785&#8243; img_size=&#8221;full&#8221;][vc_column_text] &nbsp; Dr. John C. Wang, MBBCh, BAO, LRCPI &amp; SI, MSc, MD, FACS, Dip. ABS, FSVS, FAMS Dr. Sanjay Nalachandran, MBBCh, BAO (Ireland), MRCS (Edin), AFRCSI (Edin), FAMS, FICS &nbsp; [\/vc_column_text][\/vc_column][vc_column width=&#8221;2\/3&#8243;][vc_column_text]Tri\u1ebft l\u00fd c\u1ee7a ch\u00fang t\u00f4i \u0111\u01b0\u1ee3c \u1ea5p \u1ee7 h\u01a1n hai th\u1eadp k\u1ef7 h\u1ecdc t\u1eadp, r\u00e8n luy\u1ec7n [&hellip;]<\/p>\n","protected":false},"author":1,"featured_media":0,"parent":0,"menu_order":0,"comment_status":"closed","ping_status":"closed","template":"page-home.php","meta":[],"_links":{"self":[{"href":"https:\/\/aveclinics.com\/vn\/wp-json\/wp\/v2\/pages\/14786"}],"collection":[{"href":"https:\/\/aveclinics.com\/vn\/wp-json\/wp\/v2\/pages"}],"about":[{"href":"https:\/\/aveclinics.com\/vn\/wp-json\/wp\/v2\/types\/page"}],"author":[{"embeddable":true,"href":"https:\/\/aveclinics.com\/vn\/wp-json\/wp\/v2\/users\/1"}],"replies":[{"embeddable":true,"href":"https:\/\/aveclinics.com\/vn\/wp-json\/wp\/v2\/comments?post=14786"}],"version-history":[{"count":41,"href":"https:\/\/aveclinics.com\/vn\/wp-json\/wp\/v2\/pages\/14786\/revisions"}],"predecessor-version":[{"id":17679,"href":"https:\/\/aveclinics.com\/vn\/wp-json\/wp\/v2\/pages\/14786\/revisions\/17679"}],"wp:attachment":[{"href":"https:\/\/aveclinics.com\/vn\/wp-json\/wp\/v2\/media?parent=14786"}],"curies":[{"name":"wp","href":"https:\/\/api.w.org\/{rel}","templated":true}]}}